{"id":2768,"date":"2021-10-27T13:31:18","date_gmt":"2021-10-27T11:31:18","guid":{"rendered":"https:\/\/164.92.128.162\/condiciones\/"},"modified":"2022-10-07T17:26:32","modified_gmt":"2022-10-07T15:26:32","slug":"condiciones","status":"publish","type":"page","link":"https:\/\/ruralourbano.com\/en\/condiciones\/","title":{"rendered":"Condiciones"},"content":{"rendered":"\t<div id=\"gap-266175866\" class=\"gap-element clearfix\" style=\"display:block; height:auto;\">\n\t\t\n<style>\n#gap-266175866 {\n  padding-top: 40px;\n}\n<\/style>\n\t<\/div>\n\t\n<div class=\"row\"  id=\"row-2036891341\">\n\n\t<div id=\"col-2143696049\" class=\"col small-12 large-12\"  >\n\t\t\t\t<div class=\"col-inner\"  >\n\t\t\t\n\t\t\t\n<h2><span style=\"color: #333333;\">LEY DE LOS SERVICIOS DE LA SOCIEDAD DE LA INFORMACI\u00d3N (LSSI)<\/span><\/h2>\n<p>RURAL O URBANO, responsable del sitio web, en adelante RESPONSABLE, pone a disposici\u00f3n de los usuarios el presente documento, con el que pretende dar cumplimiento a las obligaciones dispuestas en la Ley 34\/2002, de 11 de julio, de Servicios de la Sociedad de la Informaci\u00f3n y del Comercio Electr\u00f3nico (LSSICE), as\u00ed como informar a todos los usuarios del sitio web respecto a cu\u00e1les son las condiciones de uso.<\/p>\n<p>Toda persona que acceda a este sitio web asume el papel de usuario, comprometi\u00e9ndose a la observancia y cumplimiento riguroso de las disposiciones aqu\u00ed dispuestas, as\u00ed como a cualquier otra disposici\u00f3n legal que fuera de aplicaci\u00f3n.<\/p>\n<p>RURAL O URBANO se reserva el derecho de modificar cualquier tipo de informaci\u00f3n que pudiera aparecer en el sitio web, sin que exista obligaci\u00f3n de preavisar o poner en conocimiento de los usuarios dichas obligaciones, entendi\u00e9ndose como suficiente con la publicaci\u00f3n en el sitio web de RURAL O URBANO.<\/p>\n<h2><span style=\"color: #333333;\">AVISO LEGAL<\/span><\/h2>\n<p><span style=\"color: #333333;\">Rural o Urbano: Santa Mar\u00eda de Francos local s\/n 27611 Paradela, Lugo &#8211; Espa\u00f1a<\/span><br \/>\n<span style=\"color: #333333;\">Tel + 34 654183001<\/span><br \/>\n<span style=\"color: #333333;\">Mail: ruralourbano@gmail.com<\/span><br \/>\n<span style=\"color: #333333;\">Director de la publicaci\u00f3n: Laura Vallverd\u00fa Gonz\u00e1lez<\/span><\/p>\n<p><span style=\"color: #333333;\"><strong>CREADOR DEL SITIO WEB:<\/strong><\/span><br \/>\n<span style=\"color: #333333;\">Mais Media<\/span><\/p>\n<p><span style=\"color: #333333;\"><strong>CR\u00c9DITOS FOTOGRAF\u00cdAS:<\/strong><\/span><br \/>\n<span style=\"color: #333333;\">Laura Vallverd\u00fa Gonz\u00e1lez<\/span><\/p>\n\t\t<\/div>\n\t\t\t\t\t<\/div>\n\n\t\n<\/div>\n","protected":false},"excerpt":{"rendered":"","protected":false},"author":1,"featured_media":0,"parent":0,"menu_order":0,"comment_status":"closed","ping_status":"closed","template":"","meta":{"inline_featured_image":false,"footnotes":""},"class_list":["post-2768","page","type-page","status-publish","hentry"],"_links":{"self":[{"href":"https:\/\/ruralourbano.com\/en\/wp-json\/wp\/v2\/pages\/2768","targetHints":{"allow":["GET"]}}],"collection":[{"href":"https:\/\/ruralourbano.com\/en\/wp-json\/wp\/v2\/pages"}],"about":[{"href":"https:\/\/ruralourbano.com\/en\/wp-json\/wp\/v2\/types\/page"}],"author":[{"embeddable":true,"href":"https:\/\/ruralourbano.com\/en\/wp-json\/wp\/v2\/users\/1"}],"replies":[{"embeddable":true,"href":"https:\/\/ruralourbano.com\/en\/wp-json\/wp\/v2\/comments?post=2768"}],"version-history":[{"count":0,"href":"https:\/\/ruralourbano.com\/en\/wp-json\/wp\/v2\/pages\/2768\/revisions"}],"wp:attachment":[{"href":"https:\/\/ruralourbano.com\/en\/wp-json\/wp\/v2\/media?parent=2768"}],"curies":[{"name":"wp","href":"https:\/\/api.w.org\/{rel}","templated":true}]}}