{"id":10178,"date":"2024-03-03T20:25:07","date_gmt":"2024-03-03T19:25:07","guid":{"rendered":"https:\/\/164.92.128.162\/?post_type=product&#038;p=10178"},"modified":"2026-04-04T17:15:55","modified_gmt":"2026-04-04T15:15:55","slug":"cerveza-artesana-aloumina-salgadina","status":"publish","type":"product","link":"https:\/\/ruralourbano.com\/en\/producto\/cerveza-artesana-aloumina-salgadina\/","title":{"rendered":"Cerveza artesana Aloumi\u00f1a Salgadi\u00f1a"},"content":{"rendered":"<p><strong>Description of Cerveza artesana Aloumi\u00f1a Salgadi\u00f1a:<\/strong><\/p>\n<div>\n<ul>\n<li>Gose <strong>craft beer<\/strong> with a subtle hint of salt and coriander.<\/li>\n<li>Perfect for pairing with rice dishes, fish, seafood, or sushi.<\/li>\n<\/ul>\n<p><strong>Composition:<\/strong><\/p>\n<ul>\n<li>Made with sea water, lemon and coriander.<\/li>\n<\/ul>\n<div>\n<p><strong>Combination suggestions:<\/strong><\/p>\n<ul>\n<li><a href=\"https:\/\/ruralourbano.com\/en\/producto\/lomos-de-bonito-del-norte-currimar-140g\/\"><strong>Lomos de bonito del norte Currimar 140g<\/strong><\/a><\/li>\n<li><a href=\"https:\/\/ruralourbano.com\/en\/producto\/patatotas-bolsa-mini-44g\/\"><strong>Patatotas bolsa mini 44g<\/strong><\/a><\/li>\n<\/ul>\n<div><\/div>\n<\/div>\n<\/div>\n","protected":false},"excerpt":{"rendered":"<p><strong>Cerveza artesana Aloumi\u00f1a Salgadi\u00f1a<\/strong>\u00a0is a <strong>craft beer<\/strong> brewed by <a href=\"https:\/\/ruralourbano.com\/en\/productores\/cerveza-en\/cervexa-artesa-aloumina\/\"><strong>Aloumi\u00f1a<\/strong><\/a> in the <strong>Tiner\u00eda district<\/strong> of the city of <strong>Lugo<\/strong>.<\/p>\n<p><strong>A craft beer brewed in collaboration with the restaurant \u201cA Cofrad\u00eda de Rinlo\u201d<\/strong> (Ribadeo, <strong>Lugo<\/strong>) to pair with their popular rice stew.<\/p>\n<p>Perfect for pairing with rice dishes, fish, seafood, or sushi.<\/p>\n<p><strong>Gose craft beer brewed<\/strong> with sea water, lemon and coriander.<\/p>\n<p>The main objective of <a href=\"https:\/\/ruralourbano.com\/en\/productores\/cerveza-en\/cervexa-artesa-aloumina\/\"><strong>Aloumi\u00f1a<\/strong><\/a>\u00a0is to brew different beers. Reinterpreting the classic styles that craft beer lovers love so much, bringing a personal touch to each of its references.<\/p>\n<p><strong>Gose \/ 17 IBU \/ 33cl.<\/strong><\/p>\n<p><strong>Alcoholic content 5.6% Vol.<\/strong><\/p>\n<p><strong>Silver Barcelona Beer Festival (BBF) 2017 &amp; Bronze Barcelona Beer Festival (BBF) 2019.<\/strong><\/p>\n<p><strong>Gourmet gastronomic product from Lugo.<\/strong><\/p>\n<p>You might like to discover the <a href=\"https:\/\/ruralourbano.com\/en\/producto\/mini-capackzo-azul-gourmet\/\"><strong>Mini Capackzo Azul Gourmet<\/strong><\/a>.<\/p>\n<p><strong>Shipments only to mainland Spain | Buy selected Galician gourmet products and exclusive lifestyle<\/strong><\/p>\n","protected":false},"featured_media":10184,"comment_status":"open","ping_status":"closed","template":"","meta":{"inline_featured_image":false},"product_brand":[],"product_cat":[169],"product_tag":[986,638,936],"class_list":{"0":"post-10178","1":"product","2":"type-product","3":"status-publish","4":"has-post-thumbnail","6":"product_cat-winery","7":"product_tag-cofradia-de-rinlo-en","8":"product_tag-gourmet-en","9":"product_tag-lugo-en","11":"first","12":"instock","13":"taxable","14":"shipping-taxable","15":"purchasable","16":"product-type-simple"},"_links":{"self":[{"href":"https:\/\/ruralourbano.com\/en\/wp-json\/wp\/v2\/product\/10178","targetHints":{"allow":["GET"]}}],"collection":[{"href":"https:\/\/ruralourbano.com\/en\/wp-json\/wp\/v2\/product"}],"about":[{"href":"https:\/\/ruralourbano.com\/en\/wp-json\/wp\/v2\/types\/product"}],"replies":[{"embeddable":true,"href":"https:\/\/ruralourbano.com\/en\/wp-json\/wp\/v2\/comments?post=10178"}],"wp:featuredmedia":[{"embeddable":true,"href":"https:\/\/ruralourbano.com\/en\/wp-json\/wp\/v2\/media\/10184"}],"wp:attachment":[{"href":"https:\/\/ruralourbano.com\/en\/wp-json\/wp\/v2\/media?parent=10178"}],"wp:term":[{"taxonomy":"product_brand","embeddable":true,"href":"https:\/\/ruralourbano.com\/en\/wp-json\/wp\/v2\/product_brand?post=10178"},{"taxonomy":"product_cat","embeddable":true,"href":"https:\/\/ruralourbano.com\/en\/wp-json\/wp\/v2\/product_cat?post=10178"},{"taxonomy":"product_tag","embeddable":true,"href":"https:\/\/ruralourbano.com\/en\/wp-json\/wp\/v2\/product_tag?post=10178"}],"curies":[{"name":"wp","href":"https:\/\/api.w.org\/{rel}","templated":true}]}}