{"id":10731,"date":"2024-09-04T11:49:06","date_gmt":"2024-09-04T09:49:06","guid":{"rendered":"https:\/\/165.22.68.75\/?post_type=product&#038;p=10731"},"modified":"2025-02-26T00:00:14","modified_gmt":"2025-02-25T23:00:14","slug":"vermouth-clasico-el-riba-version-mini","status":"publish","type":"product","link":"https:\/\/ruralourbano.com\/en\/producto\/vermouth-clasico-el-riba-version-mini\/","title":{"rendered":"Vermouth Cl\u00e1sico El Riba versi\u00f3n mini"},"content":{"rendered":"<p><strong>Vermouth cl\u00e1sico<\/strong> <a href=\"https:\/\/ruralourbano.com\/en\/productores\/vermouth-en\/vermouth-el-riba\/\"><strong>El Riba<\/strong><\/a> was born from the hand of Emilio Martinez, owner of the famous restaurant in Lugo that bears the same name as this drink, <a href=\"https:\/\/ruralourbano.com\/en\/productores\/vermouth-en\/vermouth-el-riba\/\"><strong>El Riba<\/strong><\/a> (located in Praza do Campo, 12 in the historic center of the city of <strong>Lugo<\/strong>).<\/p>\n<p><strong>Type:<\/strong><\/p>\n<ul>\n<li><strong>Red vermouth<\/strong>.<\/li>\n<\/ul>\n<p><strong>Composition:<\/strong><\/p>\n<ul>\n<li>Secret formula.<\/li>\n<\/ul>\n<p><strong>Tasting notes:<\/strong><\/p>\n<ul>\n<li>Classic<strong> red vermouth<\/strong> with an amber color with evolution to russet, clean and bright. In the mouth it provides a fine aroma in which its floral, citrus, aromatic herbs and cinnamon touches stand out, softening the perception of wood.<\/li>\n<\/ul>\n<p><strong>Combination suggestions:<\/strong><\/p>\n<ul>\n<li><a href=\"https:\/\/ruralourbano.com\/en\/producto\/patatotas-44g-mini-bag\/\"><strong>Patatotas bolsa mini 44g<\/strong><\/a>.<\/li>\n<li><a href=\"https:\/\/ruralourbano.com\/en\/productores\/cheeses\/ganderia-quintian\/\"><strong>Gander\u00eda Quinti\u00e1n<\/strong><\/a>\u00a0cheeses that we offer you with our\u00a0<a href=\"https:\/\/ruralourbano.com\/en\/producto\/capackzo-quintian-gourmet\/\"><strong>Capackzo Quinti\u00e1n Gourmet<\/strong><\/a>.<\/li>\n<li>Or perhaps you would like to discover the <a href=\"https:\/\/ruralourbano.com\/en\/producto\/vermouth-blanco-el-riba\/\"><strong>Vermouth blanco El Riba<\/strong><\/a>.<\/li>\n<\/ul>\n<p><strong>Recommendation:<\/strong><\/p>\n<ul>\n<li>Serve between 6\u00baC and 10\u00baC.<\/li>\n<\/ul>\n","protected":false},"excerpt":{"rendered":"<p><strong>Vermouth Cl\u00e1sico El Riba versi\u00f3n mini, <em>&#8220;The vermouth we drink in Lugo&#8221;<\/em><\/strong>.<\/p>\n<p><strong>Vermouth Cl\u00e1sico El Riba NOW IN MINI VERSION!<\/strong> The ideal format to give as a gift to your guests at events and\/or celebrations. <strong>Contact us if you want special quantities.<\/strong><\/p>\n<p><a href=\"https:\/\/ruralourbano.com\/en\/productores\/vermouth-en\/vermouth-el-riba\/\"><strong>El Riba<\/strong><\/a> <strong>red vermouth<\/strong> is a classic par excellence in the city of <strong>Lugo<\/strong>.<\/p>\n<p><strong>Red vermouth<\/strong> made from the macabeo and air\u00e9n grape varieties with an intense and bright brown colour.<\/p>\n<p>The base wine of this<strong> red vermouth<\/strong> has undergone an ageing process of 6 months in American oak barrels and then macerated with the botanicals of its secret formula.<\/p>\n<p>On the palate it is a <strong>classic vermouth<\/strong> with a predominantly sweet touch fused with a soft floral, citrus, aromatic herbs and subtle cinnamon fragrance.<\/p>\n<p><strong>Reusable glass bottle with classic mechanical stopper<\/strong> (75cl \/ ALC 15% 100 VOL).<\/p>\n<p><strong>Gourmet gastronomic product from Lugo.<\/strong><\/p>\n<p>Check out our <a href=\"https:\/\/ruralourbano.com\/en\/producto\/capackzo-salud-y-vermouth\/\"><strong>Capackzo Salud y Vermouth<\/strong><\/a><strong>.<\/strong><\/p>\n<p><strong>Shipments only to mainland Spain | Buy selected Galician gourmet products and exclusive lifestyle<\/strong><\/p>\n","protected":false},"featured_media":11402,"comment_status":"open","ping_status":"closed","template":"","meta":{"inline_featured_image":false},"product_brand":[],"product_cat":[169],"product_tag":[848,638,936],"class_list":{"0":"post-10731","1":"product","2":"type-product","3":"status-publish","4":"has-post-thumbnail","6":"product_cat-winery","7":"product_tag-el-riba-en","8":"product_tag-gourmet-en","9":"product_tag-lugo-en","11":"first","12":"instock","13":"taxable","14":"shipping-taxable","15":"purchasable","16":"product-type-simple"},"_links":{"self":[{"href":"https:\/\/ruralourbano.com\/en\/wp-json\/wp\/v2\/product\/10731","targetHints":{"allow":["GET"]}}],"collection":[{"href":"https:\/\/ruralourbano.com\/en\/wp-json\/wp\/v2\/product"}],"about":[{"href":"https:\/\/ruralourbano.com\/en\/wp-json\/wp\/v2\/types\/product"}],"replies":[{"embeddable":true,"href":"https:\/\/ruralourbano.com\/en\/wp-json\/wp\/v2\/comments?post=10731"}],"wp:featuredmedia":[{"embeddable":true,"href":"https:\/\/ruralourbano.com\/en\/wp-json\/wp\/v2\/media\/11402"}],"wp:attachment":[{"href":"https:\/\/ruralourbano.com\/en\/wp-json\/wp\/v2\/media?parent=10731"}],"wp:term":[{"taxonomy":"product_brand","embeddable":true,"href":"https:\/\/ruralourbano.com\/en\/wp-json\/wp\/v2\/product_brand?post=10731"},{"taxonomy":"product_cat","embeddable":true,"href":"https:\/\/ruralourbano.com\/en\/wp-json\/wp\/v2\/product_cat?post=10731"},{"taxonomy":"product_tag","embeddable":true,"href":"https:\/\/ruralourbano.com\/en\/wp-json\/wp\/v2\/product_tag?post=10731"}],"curies":[{"name":"wp","href":"https:\/\/api.w.org\/{rel}","templated":true}]}}