{"id":12572,"date":"2026-01-12T15:34:40","date_gmt":"2026-01-12T14:34:40","guid":{"rendered":"https:\/\/165.22.68.75\/?post_type=product&#038;p=12572"},"modified":"2026-01-12T16:55:37","modified_gmt":"2026-01-12T15:55:37","slug":"libro-infantil-a-euga-de-breogan-estefania-padulles","status":"publish","type":"product","link":"https:\/\/ruralourbano.com\/en\/producto\/libro-infantil-a-euga-de-breogan-estefania-padulles\/","title":{"rendered":"Libro infantil A EUGA DE BREOG\u00c1N. Estefan\u00eda Padull\u00e9s"},"content":{"rendered":"<div><b>A EUGA DE BREOG\u00c1N children&#8217;s story technical sheet:<\/b><\/div>\n<ul>\n<li>Paperback (hardback)<\/li>\n<li><strong>H\u00e9rcules Ediciones<\/strong><\/li>\n<li>Year of edition: 2025<\/li>\n<li>Subject: Children&#8217;s and young people&#8217;s books<\/li>\n<li>Pages: 40<\/li>\n<li>Printed in Spain<\/li>\n<li>ISBN: 978-84-119754-92-9<\/li>\n<li>Dimensions: height 30 cm x width 22 cm<\/li>\n<li>Weight: 400 g<\/li>\n<\/ul>\n<p><strong>Biography of the author and illustrator of A EGUA DE BREOG\u00c1N children&#8217;s story:<\/strong><\/p>\n<p><strong>Estefan\u00eda Padull\u00e9s<\/strong> was born in a small village in the Pyrenees (Catalonia). She has a degree in Biology from the University of Barcelona.<br \/>\nAfter travelling around different countries to complete her studies with animals, she moved to Almer\u00eda to work in a Marine Fauna to work in a Marine Fauna Recovery Centre.<\/p>\n<p>Subsequently, she was Head of the and assistant to the Conservation department in a Zoo where she was in charge of the design and illustration of and illustration of campaigns for the protection of endangered species, as well as educational material (illustrated books, posters, posters, posters, etc.).<\/p>\n<p>In parallel to her training and specialisation in biology, the author has never stopped painting or drawing. When she has had the opportunity<br \/>\nShe has exhibited paintings and has participated in several books of short stories.<\/p>\n<p>In recent years, since <strong>Estefan\u00eda Padull\u00e9s<\/strong> moved to live in the countryside of Lugo, she has written and illustrated several children&#8217;s stories, all published by H\u00e9rcules Ediciones.<\/p>\n","protected":false},"excerpt":{"rendered":"<p>Title of the children&#8217;s story: <strong>A EUGA DE BREOG\u00c1N<\/strong><\/p>\n<p>Author and illustrator: <strong>Estefan\u00eda Padull\u00e9s<\/strong><\/p>\n<p><strong>H\u00e9rcules Ediciones<\/strong> (A Coru\u00f1a)<\/p>\n<p><strong>Spanish language<\/strong><\/p>\n<p>Legend has it that it was King Breog\u00e1n who united the Celtic tribes and settled them around Brigantia&#8217;s tower to found the Galician nation. But you&#8217;ve probably never heard of his mare.<\/p>\n<p>This children&#8217;s book will reveal the story of that sacred animal that transformed Breog\u00e1n into a hero, and which, even today, can sometimes be heard galloping through the ancient forests of Galicia.<\/p>\n<p>If you are interested in the <strong>spanish\u00a0version <\/strong>of this children&#8217;s story please click <a href=\"https:\/\/ruralourbano.com\/en\/producto\/libro-infantil-la-yegua-de-breogan-estefania-padulles\/\"><strong>here<\/strong><\/a>.<\/p>\n","protected":false},"featured_media":12574,"comment_status":"open","ping_status":"closed","template":"","meta":{"inline_featured_image":false},"product_brand":[],"product_cat":[464,157],"product_tag":[1175],"class_list":{"0":"post-12572","1":"product","2":"type-product","3":"status-publish","4":"has-post-thumbnail","6":"product_cat-bookshop","7":"product_cat-lifestyle","8":"product_tag-estefania-padulles","10":"first","11":"instock","12":"taxable","13":"shipping-taxable","14":"purchasable","15":"product-type-simple"},"_links":{"self":[{"href":"https:\/\/ruralourbano.com\/en\/wp-json\/wp\/v2\/product\/12572","targetHints":{"allow":["GET"]}}],"collection":[{"href":"https:\/\/ruralourbano.com\/en\/wp-json\/wp\/v2\/product"}],"about":[{"href":"https:\/\/ruralourbano.com\/en\/wp-json\/wp\/v2\/types\/product"}],"replies":[{"embeddable":true,"href":"https:\/\/ruralourbano.com\/en\/wp-json\/wp\/v2\/comments?post=12572"}],"wp:featuredmedia":[{"embeddable":true,"href":"https:\/\/ruralourbano.com\/en\/wp-json\/wp\/v2\/media\/12574"}],"wp:attachment":[{"href":"https:\/\/ruralourbano.com\/en\/wp-json\/wp\/v2\/media?parent=12572"}],"wp:term":[{"taxonomy":"product_brand","embeddable":true,"href":"https:\/\/ruralourbano.com\/en\/wp-json\/wp\/v2\/product_brand?post=12572"},{"taxonomy":"product_cat","embeddable":true,"href":"https:\/\/ruralourbano.com\/en\/wp-json\/wp\/v2\/product_cat?post=12572"},{"taxonomy":"product_tag","embeddable":true,"href":"https:\/\/ruralourbano.com\/en\/wp-json\/wp\/v2\/product_tag?post=12572"}],"curies":[{"name":"wp","href":"https:\/\/api.w.org\/{rel}","templated":true}]}}