{"id":12598,"date":"2026-01-13T16:40:23","date_gmt":"2026-01-13T15:40:23","guid":{"rendered":"https:\/\/165.22.68.75\/?post_type=product&#038;p=12598"},"modified":"2026-01-29T22:28:48","modified_gmt":"2026-01-29T21:28:48","slug":"libro-de-madres-a-hijas-recetas-para-no-olvidar","status":"publish","type":"product","link":"https:\/\/ruralourbano.com\/en\/producto\/libro-de-madres-a-hijas-recetas-para-no-olvidar\/","title":{"rendered":"Libro DE MADRES A HIJAS. Recetas para no olvidar"},"content":{"rendered":"<p><strong>Book technical sheet of Libro DE MADRES A HIJAS. Recetas para no olvidar:<\/strong><\/p>\n<ul>\n<li>Authors: various authors<\/li>\n<li>Paperback (hardcover)<\/li>\n<li><strong>H\u00e9rcules Ediciones<\/strong><\/li>\n<li>Year of publication: 2025<\/li>\n<li>Pages: 256<\/li>\n<li>ISBN: 978-84-19754-90-5<\/li>\n<li>Dimensions: length 24.5 cm x width 24 cm<\/li>\n<li>Weight: 400 g<\/li>\n<\/ul>\n","protected":false},"excerpt":{"rendered":"<p>Title of the book: <strong>DE MADRES A HIJAS. Recetas para no olvidar<\/strong><\/p>\n<p>Authors: various authors<\/p>\n<p><strong>H\u00e9rcules Ediciones (A Coru\u00f1a)<\/strong><\/p>\n<p><strong>Language: spanish<\/strong><\/p>\n<p><strong>Gastronomy in the feminine.<\/strong><\/p>\n<p>Throughout history, women have been the true guardians and creators of traditional Galician cuisine. They preserved and passed on culinary knowledge that is now part of our cultural heritage. We want to honour all those women who, for centuries, shared their knowledge from generation to generation, creating a bridge between the past and the present through <strong>recipes born in homes and passed down from mothers to daughters<\/strong>.<\/p>\n<p>In the 1960s, it was women who took the reins of professional gastronomy, managing taverns, eateries and restaurants, trying to balance family life with endless working days in the hospitality industry. They did so from a discreet position, often without the recognition they deserved. However, with the professionalisation of the sector, their invaluable contribution remained anonymous, relegated by a society that took away a trade that had been theirs for centuries.<\/p>\n<p><strong>DE MADRES A HIJAS. Recetas para no olvidar <\/strong>seeks to rescue these stories of effort, creativity, and sacrifice, giving them the visibility and recognition they have always deserved.<\/p>\n<p><strong>Participating cooks:<\/strong> Manicha Berm\u00fadez, To\u00f1i Vicente, Chus Gonz\u00e1lez, Maricarmen Rodr\u00edguez, Eva Burgos, Ana Gago, Carlota Iglesias, Rosalina and Teri Carballa, Loli Barreiro<\/p>\n<p><strong>Shipping to mainland Spain only | Purchase selected Galician gourmet products and exclusive lifestyle items<\/strong><\/p>\n<p>&nbsp;<\/p>\n","protected":false},"featured_media":12604,"comment_status":"open","ping_status":"closed","template":"","meta":{"inline_featured_image":false},"product_brand":[],"product_cat":[443,464,157],"product_tag":[868],"class_list":{"0":"post-12598","1":"product","2":"type-product","3":"status-publish","4":"has-post-thumbnail","6":"product_cat-bestsellers","7":"product_cat-bookshop","8":"product_cat-lifestyle","9":"product_tag-lifestyle-en","11":"first","12":"instock","13":"taxable","14":"shipping-taxable","15":"purchasable","16":"product-type-simple"},"_links":{"self":[{"href":"https:\/\/ruralourbano.com\/en\/wp-json\/wp\/v2\/product\/12598","targetHints":{"allow":["GET"]}}],"collection":[{"href":"https:\/\/ruralourbano.com\/en\/wp-json\/wp\/v2\/product"}],"about":[{"href":"https:\/\/ruralourbano.com\/en\/wp-json\/wp\/v2\/types\/product"}],"replies":[{"embeddable":true,"href":"https:\/\/ruralourbano.com\/en\/wp-json\/wp\/v2\/comments?post=12598"}],"wp:featuredmedia":[{"embeddable":true,"href":"https:\/\/ruralourbano.com\/en\/wp-json\/wp\/v2\/media\/12604"}],"wp:attachment":[{"href":"https:\/\/ruralourbano.com\/en\/wp-json\/wp\/v2\/media?parent=12598"}],"wp:term":[{"taxonomy":"product_brand","embeddable":true,"href":"https:\/\/ruralourbano.com\/en\/wp-json\/wp\/v2\/product_brand?post=12598"},{"taxonomy":"product_cat","embeddable":true,"href":"https:\/\/ruralourbano.com\/en\/wp-json\/wp\/v2\/product_cat?post=12598"},{"taxonomy":"product_tag","embeddable":true,"href":"https:\/\/ruralourbano.com\/en\/wp-json\/wp\/v2\/product_tag?post=12598"}],"curies":[{"name":"wp","href":"https:\/\/api.w.org\/{rel}","templated":true}]}}