{"id":12781,"date":"2026-04-04T13:48:43","date_gmt":"2026-04-04T11:48:43","guid":{"rendered":"https:\/\/ruralourbano.com\/?post_type=product&#038;p=12781"},"modified":"2026-04-04T19:11:24","modified_gmt":"2026-04-04T17:11:24","slug":"cerveza-artesana-aloumina-orixe","status":"publish","type":"product","link":"https:\/\/ruralourbano.com\/en\/producto\/cerveza-artesana-aloumina-orixe\/","title":{"rendered":"Cerveza artesana Aloumi\u00f1a Orixe"},"content":{"rendered":"<p><strong>Description of Cerveza artesana Aloumi\u00f1a Orixe:<\/strong><\/p>\n<div>\n<ul>\n<li><strong>American-style IPA <\/strong>where Cascade, Columbus, and Citra hops take center stage over the malts. It features fresh, tropical aromas.<\/li>\n<\/ul>\n<div>\n<p><strong>Combination suggestions:<\/strong><\/p>\n<ul>\n<li><a href=\"https:\/\/ruralourbano.com\/en\/producto\/patatotas-bolsa-mini-44g\/\"><strong>Patotas bolsa mini 44g<\/strong><\/a><\/li>\n<li><a href=\"https:\/\/ruralourbano.com\/en\/producto\/queso-mini-neboa-ganderia-quintian-350g\/\"><strong>Queso Mini N\u00e9boa Gander\u00eda Quinti\u00e1n 350g<\/strong><\/a><\/li>\n<\/ul>\n<\/div>\n<\/div>\n","protected":false},"excerpt":{"rendered":"<p><strong>Cerveza artesana Aloumi\u00f1a Orixe<\/strong>\u00a0is a <strong>craft beer<\/strong> brewed by <a href=\"https:\/\/ruralourbano.com\/en\/productores\/cerveza-en\/cervexa-artesa-aloumina\/\"><strong>Aloumi\u00f1a<\/strong><\/a> in the <strong>Tiner\u00eda district<\/strong> of the city of <strong>Lugo<\/strong>.<\/p>\n<p>An <strong>American-style IPA <\/strong>where Cascade, Columbus, and Citra hops take center stage over the malts. It features fresh, tropical aromas.<\/p>\n<p>The main objective of <a href=\"https:\/\/ruralourbano.com\/en\/productores\/cerveza-en\/cervexa-artesa-aloumina\/\"><strong>Aloumi\u00f1a<\/strong><\/a>\u00a0is to brew different beers. Reinterpreting the classic styles that craft beer lovers love so much, bringing a personal touch to each of its references.<\/p>\n<p><strong>American IPA \/ 70 IBU \/ 33cl.<\/strong><\/p>\n<p><strong>Alcoholic content 6.5% Vol.<\/strong><\/p>\n<p><strong>Gourmet gastronomic product from Lugo.<\/strong><\/p>\n<p><strong>Shipments only to mainland Spain | Buy selected Galician gourmet products and exclusive lifestyle<\/strong><\/p>\n","protected":false},"featured_media":12784,"comment_status":"open","ping_status":"closed","template":"","meta":{"inline_featured_image":false},"product_brand":[],"product_cat":[169],"product_tag":[1219,638,936],"class_list":{"0":"post-12781","1":"product","2":"type-product","3":"status-publish","4":"has-post-thumbnail","6":"product_cat-winery","7":"product_tag-american-ipa","8":"product_tag-gourmet-en","9":"product_tag-lugo-en","11":"first","12":"instock","13":"taxable","14":"shipping-taxable","15":"purchasable","16":"product-type-simple"},"_links":{"self":[{"href":"https:\/\/ruralourbano.com\/en\/wp-json\/wp\/v2\/product\/12781","targetHints":{"allow":["GET"]}}],"collection":[{"href":"https:\/\/ruralourbano.com\/en\/wp-json\/wp\/v2\/product"}],"about":[{"href":"https:\/\/ruralourbano.com\/en\/wp-json\/wp\/v2\/types\/product"}],"replies":[{"embeddable":true,"href":"https:\/\/ruralourbano.com\/en\/wp-json\/wp\/v2\/comments?post=12781"}],"wp:featuredmedia":[{"embeddable":true,"href":"https:\/\/ruralourbano.com\/en\/wp-json\/wp\/v2\/media\/12784"}],"wp:attachment":[{"href":"https:\/\/ruralourbano.com\/en\/wp-json\/wp\/v2\/media?parent=12781"}],"wp:term":[{"taxonomy":"product_brand","embeddable":true,"href":"https:\/\/ruralourbano.com\/en\/wp-json\/wp\/v2\/product_brand?post=12781"},{"taxonomy":"product_cat","embeddable":true,"href":"https:\/\/ruralourbano.com\/en\/wp-json\/wp\/v2\/product_cat?post=12781"},{"taxonomy":"product_tag","embeddable":true,"href":"https:\/\/ruralourbano.com\/en\/wp-json\/wp\/v2\/product_tag?post=12781"}],"curies":[{"name":"wp","href":"https:\/\/api.w.org\/{rel}","templated":true}]}}