{"id":3068,"date":"2021-06-30T19:52:47","date_gmt":"2021-06-30T17:52:47","guid":{"rendered":"https:\/\/164.92.128.162\/producto\/mermelada-extra-de-arandanos-dosouto\/"},"modified":"2024-01-14T15:18:08","modified_gmt":"2024-01-14T14:18:08","slug":"dosouto-100-natural-extra-pumpkin-jam-220g","status":"publish","type":"product","link":"https:\/\/ruralourbano.com\/en\/producto\/dosouto-100-natural-extra-pumpkin-jam-220g\/","title":{"rendered":"DoSouto 100% natural extra pumpkin jam 220g"},"content":{"rendered":"<div><strong>Description:<\/strong><\/div>\n<ul>\n<li><strong>DoSouto100% natural extra pumpkin jam 220g <\/strong>is handmade by\u00a0<a href=\"https:\/\/ruralourbano.com\/en\/productores\/sweet\/mermeladas-dosouto\/\"><strong>Mermeladas DoSouto<\/strong><\/a>.<\/li>\n<li>Extra pumpkin jam 100% natural.<\/li>\n<li>Without the addition of any preservatives, thickeners, colouring agents or other ingredients.<\/li>\n<\/ul>\n<p><strong>Ingredients:<\/strong><\/p>\n<ul>\n<li>Pumpkin (77%), organic cane sugar (23%) and lemon juice.<\/li>\n<\/ul>\n<div><strong>Nutritional information:<\/strong><\/div>\n<ul>\n<li>Average values per 100g:\n<ul>\n<li>Energy value 1008KJ\/237 Kcal<\/li>\n<li>Fat &lt; 0,5g<\/li>\n<\/ul>\n<\/li>\n<li>Of which:\n<ul>\n<li>Saturated fatty acids &lt; 0,1g<\/li>\n<li>Carbohydrates 58,4g<\/li>\n<\/ul>\n<\/li>\n<li>Of which:\n<ul>\n<li>Sugars 54,1g<\/li>\n<li>Protein 0,9g<\/li>\n<li>Salt 0,03g<\/li>\n<\/ul>\n<\/li>\n<\/ul>\n<p><strong>Combination suggestions:<\/strong><\/p>\n<ul>\n<li><a href=\"https:\/\/ruralourbano.com\/en\/producto\/doces-da-ulloa-handmade-dark-chocolate-stones-150g\/\"><strong>Doces da Ulloa handmade dark chocolate stones 150g<\/strong><\/a><\/li>\n<li><a href=\"https:\/\/ruralourbano.com\/en\/producto\/neboa-cheese-650g-ganderia-quintian\/\"><strong>N\u00e9boa cheese 650g Gander\u00eda Quint\u00edan<\/strong><\/a><\/li>\n<li><a href=\"https:\/\/ruralourbano.com\/en\/producto\/agarimo-cheese-550g-ganderia-quintian\/\"><strong>Agarimo cheese 550g Gander\u00eda Quinti\u00e1n<\/strong><\/a><\/li>\n<\/ul>\n<p><strong>Recommendation:<\/strong><\/p>\n<ul>\n<li>Once opened, store in the refrigerator.<\/li>\n<\/ul>\n","protected":false},"excerpt":{"rendered":"<p><strong>DoSouto 100% natural extra pumpkin jam 220g<\/strong>\u00a0is a sweet gourmet product handmade by\u00a0<a href=\"https:\/\/ruralourbano.com\/en\/productores\/sweet\/mermeladas-dosouto\/\"><strong>Mermeladas DoSouto<\/strong><\/a>\u00a0in the rural village of Vilar de Aldixe (Municipality of Paradela, Lugo).<\/p>\n<p>Elevate your gourmet moment with our homemade jam, a delicious culinary jewel made in the heart of the\u00a0<strong>Lugo countryside<\/strong>.<\/p>\n<p>It is a traditionally made <strong>artisan jam<\/strong> characterized by its unusual taste that is generously warm and sweet.<\/p>\n<p>Hand-packed jam in glass jar.<\/p>\n<p><strong>Net weight 220g.<\/strong><\/p>\n<p><strong>Gourmet gastronomic product from Lugo.<\/strong><\/p>\n<p>We recommend combining this jam with the\u00a0<a href=\"https:\/\/ruralourbano.com\/en\/producto\/doces-da-ulloa-handmade-dark-chocolate-stones-150g\/\"><strong>Doces da Ulloa handmade dark chocolate stones 150g<\/strong><\/a>.<\/p>\n","protected":false},"featured_media":4576,"comment_status":"open","ping_status":"closed","template":"","meta":{"inline_featured_image":false},"product_brand":[],"product_cat":[1138],"product_tag":[],"class_list":{"0":"post-3068","1":"product","2":"type-product","3":"status-publish","4":"has-post-thumbnail","6":"product_cat-capackzos-rural-o-urbano","8":"first","9":"outofstock","10":"taxable","11":"shipping-taxable","12":"purchasable","13":"product-type-simple"},"_links":{"self":[{"href":"https:\/\/ruralourbano.com\/en\/wp-json\/wp\/v2\/product\/3068","targetHints":{"allow":["GET"]}}],"collection":[{"href":"https:\/\/ruralourbano.com\/en\/wp-json\/wp\/v2\/product"}],"about":[{"href":"https:\/\/ruralourbano.com\/en\/wp-json\/wp\/v2\/types\/product"}],"replies":[{"embeddable":true,"href":"https:\/\/ruralourbano.com\/en\/wp-json\/wp\/v2\/comments?post=3068"}],"wp:featuredmedia":[{"embeddable":true,"href":"https:\/\/ruralourbano.com\/en\/wp-json\/wp\/v2\/media\/4576"}],"wp:attachment":[{"href":"https:\/\/ruralourbano.com\/en\/wp-json\/wp\/v2\/media?parent=3068"}],"wp:term":[{"taxonomy":"product_brand","embeddable":true,"href":"https:\/\/ruralourbano.com\/en\/wp-json\/wp\/v2\/product_brand?post=3068"},{"taxonomy":"product_cat","embeddable":true,"href":"https:\/\/ruralourbano.com\/en\/wp-json\/wp\/v2\/product_cat?post=3068"},{"taxonomy":"product_tag","embeddable":true,"href":"https:\/\/ruralourbano.com\/en\/wp-json\/wp\/v2\/product_tag?post=3068"}],"curies":[{"name":"wp","href":"https:\/\/api.w.org\/{rel}","templated":true}]}}