{"id":3587,"date":"2014-06-09T21:48:15","date_gmt":"2022-03-30T11:15:55","guid":{"rendered":"https:\/\/164.92.128.162\/?post_type=product&#038;p=3587"},"modified":"2025-05-19T19:18:40","modified_gmt":"2025-05-19T17:18:40","slug":"capackzo-quintian-gourmet","status":"publish","type":"product","link":"https:\/\/ruralourbano.com\/en\/producto\/capackzo-quintian-gourmet\/","title":{"rendered":"Capackzo Quinti\u00e1n Gourmet"},"content":{"rendered":"<p><strong>Description:<\/strong><\/p>\n<p>The <strong>Capackzo Quinti\u00e1n Gourmet<\/strong> is a gourmet pack packed in a palm basket made up of:<\/p>\n<ul>\n<li><a href=\"https:\/\/ruralourbano.com\/en\/producto\/neboa-cheese-650g-ganderia-quintian\/\"><strong>1 N\u00e9boa cheese 650g Gander\u00eda Quinti\u00e1n<\/strong><\/a><\/li>\n<li><a href=\"https:\/\/ruralourbano.com\/en\/producto\/agarimo-cheese-550g-ganderia-quintian\/\"><strong>1 Agarimo cheese 550g Gander\u00eda Quinti\u00e1n<\/strong><\/a><\/li>\n<li><a href=\"https:\/\/ruralourbano.com\/en\/producto\/conical-palm-basket\/\"><strong>1 Conical palm basket<\/strong><\/a><\/li>\n<\/ul>\n<p><strong>Combination suggestions:<\/strong><\/p>\n<ul>\n<li><a href=\"https:\/\/ruralourbano.com\/en\/producto\/classic-vermouth-el-riba\/\"><strong>Classic Vermouth El Riba<\/strong><\/a><\/li>\n<li><a href=\"https:\/\/ruralourbano.com\/en\/producto\/pobre-tolo-red-wine\/\"><strong>Vino tinto Pobre Tolo<\/strong><\/a><\/li>\n<\/ul>\n<p><strong>Tasting recommendation:<\/strong><\/p>\n<ul>\n<li>Before tasting, let the cheeses acquire their best condition and texture by keeping them at room temperature for at least half an hour.<\/li>\n<\/ul>\n","protected":false},"excerpt":{"rendered":"<p>The <strong>Capackzo Quinti\u00e1n Gourmet<\/strong> is a gourmet pack from Lugo.<\/p>\n<p>The Capackzo Quinti\u00e1n Gourmet is an ode to the artisan cheese made by <a href=\"https:\/\/ruralourbano.com\/en\/productores\/cheeses\/ganderia-quintian\/\"><strong>Gander\u00eda Quinti\u00e1n<\/strong><\/a> in the rural village of Quinti\u00e1n (Municipality of O P\u00e1ramo, Lugo).<\/p>\n<p>If you are a cheese lover, this is one of our Capackzos perfect for you. Combine both cheeses in this pack without any other gastronomic product or pair them with fruit, nuts, cold meats or a good wine.<\/p>\n<p>With the <strong>Capackzo Quinti\u00e1n Gourmet<\/strong> you will receive:<\/p>\n<ul>\n<li><a href=\"https:\/\/ruralourbano.com\/en\/producto\/neboa-cheese-650g-ganderia-quintian\/\"><strong>1 N\u00e9boa cheese 650g Gander\u00eda Quinti\u00e1n<\/strong><\/a><\/li>\n<li><a href=\"https:\/\/ruralourbano.com\/en\/producto\/agarimo-cheese-550g-ganderia-quintian\/\"><strong>1 Agarimo cheese 550g Gander\u00eda Quinti\u00e1n<\/strong><\/a><\/li>\n<li><a href=\"https:\/\/ruralourbano.com\/en\/producto\/conical-palm-basket\/\"><strong>1 Conical palm basket<\/strong><\/a><\/li>\n<\/ul>\n<p>Our <a href=\"https:\/\/ruralourbano.com\/en\/cat\/rural-o-urbano-capackzos\/\"><strong>Rural o Urbano Capackzos<\/strong><\/a> are the ideal choice if you want to give a thank you gift or a small present to someone you appreciate in an exclusive and original way.<\/p>\n","protected":false},"featured_media":9023,"comment_status":"open","ping_status":"closed","template":"","meta":{"inline_featured_image":false},"product_brand":[],"product_cat":[745,113],"product_tag":[670,862],"class_list":{"0":"post-3587","1":"product","2":"type-product","3":"status-publish","4":"has-post-thumbnail","6":"product_cat-companies","7":"product_cat-savoury","8":"product_tag-ganderia-quintian-en","9":"product_tag-pack-gourmet-en","11":"first","12":"instock","13":"taxable","14":"shipping-taxable","15":"purchasable","16":"product-type-simple"},"_links":{"self":[{"href":"https:\/\/ruralourbano.com\/en\/wp-json\/wp\/v2\/product\/3587","targetHints":{"allow":["GET"]}}],"collection":[{"href":"https:\/\/ruralourbano.com\/en\/wp-json\/wp\/v2\/product"}],"about":[{"href":"https:\/\/ruralourbano.com\/en\/wp-json\/wp\/v2\/types\/product"}],"replies":[{"embeddable":true,"href":"https:\/\/ruralourbano.com\/en\/wp-json\/wp\/v2\/comments?post=3587"}],"wp:featuredmedia":[{"embeddable":true,"href":"https:\/\/ruralourbano.com\/en\/wp-json\/wp\/v2\/media\/9023"}],"wp:attachment":[{"href":"https:\/\/ruralourbano.com\/en\/wp-json\/wp\/v2\/media?parent=3587"}],"wp:term":[{"taxonomy":"product_brand","embeddable":true,"href":"https:\/\/ruralourbano.com\/en\/wp-json\/wp\/v2\/product_brand?post=3587"},{"taxonomy":"product_cat","embeddable":true,"href":"https:\/\/ruralourbano.com\/en\/wp-json\/wp\/v2\/product_cat?post=3587"},{"taxonomy":"product_tag","embeddable":true,"href":"https:\/\/ruralourbano.com\/en\/wp-json\/wp\/v2\/product_tag?post=3587"}],"curies":[{"name":"wp","href":"https:\/\/api.w.org\/{rel}","templated":true}]}}