{"id":3879,"date":"2022-04-19T22:05:57","date_gmt":"2022-04-19T20:05:57","guid":{"rendered":"https:\/\/164.92.128.162\/producto\/vela-galiaromas\/"},"modified":"2026-01-12T00:16:04","modified_gmt":"2026-01-11T23:16:04","slug":"queso-mourelo-ganderia-quintian-500g","status":"publish","type":"product","link":"https:\/\/ruralourbano.com\/en\/producto\/queso-mourelo-ganderia-quintian-500g\/","title":{"rendered":"Queso Mourelo Gander\u00eda Quinti\u00e1n 500g"},"content":{"rendered":"<p><strong><span style=\"color: #282828;\">Description:<\/span><\/strong><\/p>\n<ul>\n<li><strong>Queso Mourelo Gander\u00eda Quinit\u00e1n 500g<\/strong> produced by <a href=\"https:\/\/ruralourbano.com\/en\/productores\/cheeses\/ganderia-quintian\/\"><strong>Gander\u00eda Quinti\u00e1n<\/strong><\/a>.<\/li>\n<\/ul>\n<p><strong>Type:<\/strong><\/p>\n<ul>\n<li>Gourmet cheese made using traditional methods with <strong>raw cow&#8217;s MILK<\/strong>.<\/li>\n<li>Intense, vegetal and lactic aroma.<\/li>\n<li>Hand-washed rind.<\/li>\n<li>100% natural rind.<\/li>\n<\/ul>\n<p><strong>Maturation:<\/strong><\/p>\n<ul>\n<li>In underground cellars.<\/li>\n<li>Each cheese is turned by hand until each piece acquires its distinctive character.<\/li>\n<\/ul>\n<p><strong>Ingredients:<\/strong><\/p>\n<ul>\n<li>Mourelo: <strong>Raw cow&#8217;s MILK<\/strong>, lactic ferments, rennet and salt.<\/li>\n<\/ul>\n<p><strong>Combination suggestions:<\/strong><\/p>\n<ul>\n<li><strong><a href=\"https:\/\/ruralourbano.com\/en\/producto\/vermouth-clasico-el-riba\/\">Vermouth Cl\u00e1sico El Riba<\/a><\/strong><\/li>\n<li><a href=\"https:\/\/ruralourbano.com\/en\/producto\/patatotas-bolsa-mini-44g\/\"><strong>Patatotas bolsa mini 44g<\/strong><\/a><\/li>\n<\/ul>\n<p><strong>Tasting recommendation:<\/strong><\/p>\n<ul>\n<li>Before serving, allow the cheeses to reach their optimal condition and texture by keeping them at room temperature for at least half an hour.<\/li>\n<\/ul>\n","protected":false},"excerpt":{"rendered":"<p><strong>Mourelo Gander\u00eda Quinti\u00e1n Cheese 500g<\/strong> is a <strong>gourmet product<\/strong> handmade at <a href=\"https:\/\/ruralourbano.com\/en\/productores\/cheeses\/ganderia-quintian\/\"><strong>Gander\u00eda Quinti\u00e1n<\/strong><\/a> in the rural village of Quinti\u00e1n (O P\u00e1ramo Council, <strong>Lugo<\/strong>).<\/p>\n<p>It is a <strong>gourmet semi-cooked pressed cow&#8217;s milk cheese<\/strong>. It has a semi-hard texture but is very creamy on the palate. It has a slightly floury graininess with very pleasant tyrosine crystals. It melts well in the mouth.<\/p>\n<p><strong>Tasting notes by Master Cheese Maker Jos\u00e9 Lu\u00eds Mart\u00edn:<\/strong> Intense and persistent flavour, very elegant and fruity with hints of pineapple and citrus. Initially, there is a mild and well-integrated acidity. It has sweet notes of cereal and grass.<\/p>\n<p><strong>Gourmet gastronomic product from Lugo with the Galician Artisan Food Seal.<\/strong><\/p>\n<p><strong>Gold medal, Lyon International Competition. 2024<\/strong><\/p>\n<p><strong>Gold medal, Lyon International Competition. 2025<\/strong><\/p>\n<p>Discover <a href=\"https:\/\/ruralourbano.com\/en\/producto\/capricho-gourmet-mini-capackzo\/\"><strong>Mini Capackzo Cheese and Cheers Gourmet<\/strong><\/a>.<\/p>\n<p><strong>Shipping to mainland Spain only | Purchase selected Galician gourmet products and exclusive lifestyle items<\/strong><\/p>\n","protected":false},"featured_media":12513,"comment_status":"open","ping_status":"closed","template":"","meta":{"inline_featured_image":false},"product_brand":[],"product_cat":[113],"product_tag":[670],"class_list":{"0":"post-3879","1":"product","2":"type-product","3":"status-publish","4":"has-post-thumbnail","6":"product_cat-savoury","7":"product_tag-ganderia-quintian-en","9":"first","10":"instock","11":"taxable","12":"shipping-taxable","13":"purchasable","14":"product-type-simple"},"_links":{"self":[{"href":"https:\/\/ruralourbano.com\/en\/wp-json\/wp\/v2\/product\/3879","targetHints":{"allow":["GET"]}}],"collection":[{"href":"https:\/\/ruralourbano.com\/en\/wp-json\/wp\/v2\/product"}],"about":[{"href":"https:\/\/ruralourbano.com\/en\/wp-json\/wp\/v2\/types\/product"}],"replies":[{"embeddable":true,"href":"https:\/\/ruralourbano.com\/en\/wp-json\/wp\/v2\/comments?post=3879"}],"wp:featuredmedia":[{"embeddable":true,"href":"https:\/\/ruralourbano.com\/en\/wp-json\/wp\/v2\/media\/12513"}],"wp:attachment":[{"href":"https:\/\/ruralourbano.com\/en\/wp-json\/wp\/v2\/media?parent=3879"}],"wp:term":[{"taxonomy":"product_brand","embeddable":true,"href":"https:\/\/ruralourbano.com\/en\/wp-json\/wp\/v2\/product_brand?post=3879"},{"taxonomy":"product_cat","embeddable":true,"href":"https:\/\/ruralourbano.com\/en\/wp-json\/wp\/v2\/product_cat?post=3879"},{"taxonomy":"product_tag","embeddable":true,"href":"https:\/\/ruralourbano.com\/en\/wp-json\/wp\/v2\/product_tag?post=3879"}],"curies":[{"name":"wp","href":"https:\/\/api.w.org\/{rel}","templated":true}]}}