{"id":6603,"date":"2022-11-13T12:25:05","date_gmt":"2022-11-13T11:25:05","guid":{"rendered":"https:\/\/164.92.128.162\/?post_type=product&#038;p=6603"},"modified":"2025-02-19T11:32:30","modified_gmt":"2025-02-19T10:32:30","slug":"capackzo-salud-y-vermouth-clasico","status":"publish","type":"product","link":"https:\/\/ruralourbano.com\/en\/producto\/capackzo-salud-y-vermouth-clasico\/","title":{"rendered":"Capackzo Salud y Vermouth Cl\u00e1sico"},"content":{"rendered":"<p><strong>Description:<\/strong><\/p>\n<p>The<strong> Capackzo Salud y Vermouth Cl\u00e1sico<\/strong>\u00a0is a <strong>gourmet pack<\/strong> packed in a palm basket consisting of:<\/p>\n<ul>\n<li><a href=\"https:\/\/ruralourbano.com\/en\/producto\/vermouth-cl\u00e1sico-el-riba\/\"><strong>1 Vermouth Cl\u00e1sico El Riba<\/strong><\/a><\/li>\n<li><a href=\"https:\/\/ruralourbano.com\/en\/producto\/taza-verde-met\u00e1lica-vintage\/\"><strong>2 Tazas verde met\u00e1lica vintage<\/strong><\/a><\/li>\n<li><a href=\"https:\/\/ruralourbano.com\/en\/producto\/palm-basket\/\"><strong>1 Capazo de palma<\/strong><\/a><\/li>\n<\/ul>\n<p><strong>Combination suggestions:<\/strong><\/p>\n<ul>\n<li><strong><a href=\"https:\/\/ruralourbano.com\/en\/producto\/queso-neboa-ganderia-quintian-650g\/\">Queso N\u00e9boa Gander\u00eda Quinti\u00e1n 650g<\/a><\/strong><\/li>\n<li><strong><a href=\"https:\/\/ruralourbano.com\/en\/producto\/queso-agarimo-ganderia-quintian-550g\/\">Queso Agarimo Gander\u00eda Quinti\u00e1n 550g<\/a><\/strong><\/li>\n<li><a href=\"https:\/\/ruralourbano.com\/en\/producto\/patatotas-bolsa-mini-44g\/\"><strong>Patatotas mini bag 44g<\/strong><\/a><\/li>\n<\/ul>\n<p><strong>Recommendation:<\/strong><\/p>\n<ul>\n<li>Serve the vermouth between 6\u00baC and 10\u00baC.<\/li>\n<li>Do not use these cups in the microwave.<\/li>\n<li>The cups are dishwasher safe.<\/li>\n<\/ul>\n","protected":false},"excerpt":{"rendered":"<p>The <strong>Capackzo Salud y Vermouth Cl\u00e1sico<\/strong>\u00a0is a <strong>gourmet pack<\/strong> from <strong>Lugo<\/strong>.<\/p>\n<p>An original and exclusive\u00a0<strong>gourmet pack<\/strong>\u00a0starring\u00a0<a href=\"https:\/\/ruralourbano.com\/en\/productores\/vermouth-en\/vermouth-el-riba\/\"><strong>El Riba<\/strong><\/a> red vermouth that will allow you to enjoy an original <strong>vermouth time<\/strong> anywhere and with the best company.<\/p>\n<p>This is a\u00a0<strong>gourmet experience<\/strong>\u00a0that fuses the tradition of <strong>Lugo<\/strong> with an avant-garde touch.<\/p>\n<p><strong>Drink differently and celebrate life with attitude!<\/strong><\/p>\n<p>Order your\u00a0<strong>Capackzo Salud y Vermouth Cl\u00e1sico<\/strong>\u00a0if you are walking the<strong>\u00a0Way of St. James<\/strong>.<\/p>\n<p>The\u00a0<strong>Capackzo Salud y Vermouth Cl\u00e1sico<\/strong>\u00a0is an original proposal of<strong>\u00a0gastronomy of the\u00a0French Way<\/strong>. If you are a pilgrim we deliver it by hand at any location of the stage between Sarria and Portomarin so you can enjoy it as a\u00a0<strong>picnic<\/strong>.<\/p>\n<p>With the <strong>Capackzo Salud y Vermouth Cl\u00e1sico<\/strong> you will receive:<\/p>\n<ul>\n<li><a href=\"https:\/\/ruralourbano.com\/en\/producto\/vermouth-cl\u00e1sico-el-riba\/\"><strong>1 Vermouth Cl\u00e1sico El Riba<\/strong><\/a><\/li>\n<li><a href=\"https:\/\/ruralourbano.com\/en\/producto\/taza-verde-met\u00e1lica-vintage\/\"><strong>2 Tazas verde met\u00e1lica vintage<\/strong><\/a><\/li>\n<li><a href=\"https:\/\/ruralourbano.com\/en\/producto\/palm-basket\/\"><strong>1 Capazo de palma<\/strong><\/a><\/li>\n<\/ul>\n<p><strong>Vermouth El Riba,\u00a0<\/strong><em><strong>\u201cThe vermouth we drink in Lugo\u201d.<\/strong><\/em><\/p>\n<p>But if you are more of a white vermouth drinker, we suggest our <strong><a href=\"https:\/\/ruralourbano.com\/en\/producto\/capackzo-salud-y-vermouth-blanco\/\">Capackzo Salud y Vermouth Blanco<\/a>.<\/strong><\/p>\n<p>Our <a href=\"\/?product_cat=rural-o-urbano-capackzos\"><strong>Rural o Urbano Capackzos<\/strong><\/a>\u00a0are the ideal choice if you want to make a thank you gift or give a small present to someone you appreciate in an exclusive and original way.<\/p>\n<p><strong>Shipments only to mainland Spain | Buy selected Galician gourmet product<\/strong><\/p>\n","protected":false},"featured_media":6605,"comment_status":"open","ping_status":"closed","template":"","meta":{"inline_featured_image":false},"product_brand":[],"product_cat":[1138,745,169],"product_tag":[547,848,862,822,1036,1035],"class_list":{"0":"post-6603","1":"product","2":"type-product","3":"status-publish","4":"has-post-thumbnail","6":"product_cat-capackzos-rural-o-urbano","7":"product_cat-companies","8":"product_cat-winery","9":"product_tag-capackzos-rural-o-urbano-en","10":"product_tag-el-riba-en","11":"product_tag-pack-gourmet-en","12":"product_tag-picnic-en","13":"product_tag-portomarin-en","14":"product_tag-sarria-en","16":"first","17":"instock","18":"taxable","19":"shipping-taxable","20":"purchasable","21":"product-type-simple"},"_links":{"self":[{"href":"https:\/\/ruralourbano.com\/en\/wp-json\/wp\/v2\/product\/6603","targetHints":{"allow":["GET"]}}],"collection":[{"href":"https:\/\/ruralourbano.com\/en\/wp-json\/wp\/v2\/product"}],"about":[{"href":"https:\/\/ruralourbano.com\/en\/wp-json\/wp\/v2\/types\/product"}],"replies":[{"embeddable":true,"href":"https:\/\/ruralourbano.com\/en\/wp-json\/wp\/v2\/comments?post=6603"}],"wp:featuredmedia":[{"embeddable":true,"href":"https:\/\/ruralourbano.com\/en\/wp-json\/wp\/v2\/media\/6605"}],"wp:attachment":[{"href":"https:\/\/ruralourbano.com\/en\/wp-json\/wp\/v2\/media?parent=6603"}],"wp:term":[{"taxonomy":"product_brand","embeddable":true,"href":"https:\/\/ruralourbano.com\/en\/wp-json\/wp\/v2\/product_brand?post=6603"},{"taxonomy":"product_cat","embeddable":true,"href":"https:\/\/ruralourbano.com\/en\/wp-json\/wp\/v2\/product_cat?post=6603"},{"taxonomy":"product_tag","embeddable":true,"href":"https:\/\/ruralourbano.com\/en\/wp-json\/wp\/v2\/product_tag?post=6603"}],"curies":[{"name":"wp","href":"https:\/\/api.w.org\/{rel}","templated":true}]}}