{"id":7121,"date":"2023-01-29T17:40:05","date_gmt":"2023-01-29T16:40:05","guid":{"rendered":"https:\/\/164.92.128.162\/?post_type=product&#038;p=7121"},"modified":"2026-01-29T22:55:53","modified_gmt":"2026-01-29T21:55:53","slug":"mermelada-extra-arandanos-gallegos-220g","status":"publish","type":"product","link":"https:\/\/ruralourbano.com\/en\/producto\/mermelada-extra-arandanos-gallegos-220g\/","title":{"rendered":"Mermelada extra de ar\u00e1ndanos gallegos 220g"},"content":{"rendered":"<p><strong>Description:<\/strong><\/p>\n<ul>\n<li><strong>Mermelada extra de ar\u00e1ndanos gallegos 220g <\/strong>is handmade by <strong>Ar\u00e1ndanos del Alba<\/strong>.<\/li>\n<li>100% natural Galician blueberry extra jam.<\/li>\n<li>No added preservatives, thickeners, colourings or other ingredients.<\/li>\n<\/ul>\n<p><strong>Ingredients:<\/strong><\/p>\n<ul>\n<li>Blueberries (79%), sugar and lemon juice.<\/li>\n<\/ul>\n<p><strong>Nutritional information:<\/strong><\/p>\n<ul>\n<li>Average values per 100g:\n<ul>\n<li>Energy value 493KJ\/118 Kcal<\/li>\n<li>Fat &lt; 0,3g<\/li>\n<\/ul>\n<\/li>\n<li>Of which:\n<ul>\n<li>Saturated fatty acids &lt; 0,00g<\/li>\n<li>Carbohydrates 45,3g<\/li>\n<\/ul>\n<\/li>\n<li>Of which:\n<ul>\n<li>Sugars 30,7g<\/li>\n<li>Vegetable fibre 2,6g<\/li>\n<li>Protein 0,7g<\/li>\n<li>Salt 0,00g<\/li>\n<\/ul>\n<\/li>\n<\/ul>\n<p><strong>Combination suggestions:<\/strong><\/p>\n<ul>\n<li><a href=\"https:\/\/ruralourbano.com\/en\/producto\/galletas-xianas-orixinais\/\"><strong>Galletas Xianas Orixinais<\/strong><\/a><\/li>\n<li><a href=\"https:\/\/ruralourbano.com\/en\/producto\/queso-mini-neboa-ganderia-quintian-350g\/\"><strong>Queso mini N\u00e9boa Gander\u00eda Quinti\u00e1n 350g<\/strong><\/a><\/li>\n<\/ul>\n<p><strong>Recommendation:<\/strong><\/p>\n<ul>\n<li>Once opened the jam bottle, store it in the refrigerator.<\/li>\n<\/ul>\n","protected":false},"excerpt":{"rendered":"<p><strong>Mermelada extra de ar\u00e1ndanos gallegos 220g<\/strong> is a <strong>sweet gourmet product<\/strong> handmade by <strong>Ar\u00e1ndanos del Alba<\/strong> in the rural village of Vilapene (Municipality of Cospeito, <strong>Lugo<\/strong>).<\/p>\n<p>Handcrafted jam made from<strong> blueberries grown in Galicia<\/strong>, selected at their peak of ripeness to preserve all their flavour, aroma and natural properties.<\/p>\n<p>With a smooth texture and a balanced flavour between sweetness and acidity, this<strong> artisan jam<\/strong> is ideal for breakfast, afternoon tea and <strong>gourmet<\/strong> recipes. Perfect with toast, yoghurt, mild cheeses or as an ingredient in homemade baking.<\/p>\n<p>Hand-packed jam in glass jar.<\/p>\n<p><strong>Net weight 220g.<\/strong><\/p>\n<p><strong>Gourmet gastronomic product from Lugo.<\/strong><\/p>\n<p><strong>Deliveries to mainland Spain only | Purchase selected Galician gourmet products and exclusive lifestyle items<\/strong><\/p>\n","protected":false},"featured_media":12584,"comment_status":"open","ping_status":"closed","template":"","meta":{"inline_featured_image":false},"product_brand":[],"product_cat":[159],"product_tag":[638,936],"class_list":{"0":"post-7121","1":"product","2":"type-product","3":"status-publish","4":"has-post-thumbnail","6":"product_cat-sweet","7":"product_tag-gourmet-en","8":"product_tag-lugo-en","10":"first","11":"instock","12":"taxable","13":"shipping-taxable","14":"purchasable","15":"product-type-simple"},"_links":{"self":[{"href":"https:\/\/ruralourbano.com\/en\/wp-json\/wp\/v2\/product\/7121","targetHints":{"allow":["GET"]}}],"collection":[{"href":"https:\/\/ruralourbano.com\/en\/wp-json\/wp\/v2\/product"}],"about":[{"href":"https:\/\/ruralourbano.com\/en\/wp-json\/wp\/v2\/types\/product"}],"replies":[{"embeddable":true,"href":"https:\/\/ruralourbano.com\/en\/wp-json\/wp\/v2\/comments?post=7121"}],"wp:featuredmedia":[{"embeddable":true,"href":"https:\/\/ruralourbano.com\/en\/wp-json\/wp\/v2\/media\/12584"}],"wp:attachment":[{"href":"https:\/\/ruralourbano.com\/en\/wp-json\/wp\/v2\/media?parent=7121"}],"wp:term":[{"taxonomy":"product_brand","embeddable":true,"href":"https:\/\/ruralourbano.com\/en\/wp-json\/wp\/v2\/product_brand?post=7121"},{"taxonomy":"product_cat","embeddable":true,"href":"https:\/\/ruralourbano.com\/en\/wp-json\/wp\/v2\/product_cat?post=7121"},{"taxonomy":"product_tag","embeddable":true,"href":"https:\/\/ruralourbano.com\/en\/wp-json\/wp\/v2\/product_tag?post=7121"}],"curies":[{"name":"wp","href":"https:\/\/api.w.org\/{rel}","templated":true}]}}