{"id":7391,"date":"2023-02-23T22:00:38","date_gmt":"2023-02-23T21:00:38","guid":{"rendered":"https:\/\/164.92.128.162\/?post_type=product&#038;p=7391"},"modified":"2025-02-12T19:49:10","modified_gmt":"2025-02-12T18:49:10","slug":"queso-neboa-ganderia-quintian-650g","status":"publish","type":"product","link":"https:\/\/ruralourbano.com\/en\/producto\/queso-neboa-ganderia-quintian-650g\/","title":{"rendered":"Queso N\u00e9boa Gander\u00eda Quinti\u00e1n 650g"},"content":{"rendered":"<p><strong>Description:<\/strong><\/p>\n<ul>\n<li><strong>Queso N\u00e9boa Gander\u00eda Quinti\u00e1n 650g <\/strong> elaborated by <a href=\"https:\/\/ruralourbano.com\/en\/productores\/cheeses\/ganderia-quintian\/\"><strong>Gander\u00eda Quinti\u00e1n<\/strong><\/a>.<\/li>\n<\/ul>\n<p><strong>Type of cheese:<\/strong><\/p>\n<ul>\n<li>Handmade <strong>gourmet cheese<\/strong> with raw cow\u2019s milk, brie type.<\/li>\n<li>Earthy and fungal aromas, mouldy texture.<\/li>\n<li>Natural, edible rind.<\/li>\n<\/ul>\n<p><strong>Ripening:<\/strong><\/p>\n<ul>\n<li>In underground cellar.<\/li>\n<li>The cheeses are turned by hand one by one until they acquire the texture and character that identify them.<\/li>\n<\/ul>\n<p><strong>Ingredients:<\/strong><\/p>\n<ul>\n<li>N\u00e9boa: raw cow&#8217;s <strong>MILK<\/strong>, animal rennet, salt.<\/li>\n<\/ul>\n<p><strong>Combination suggestions:<\/strong><\/p>\n<ul>\n<li style=\"list-style-type: none;\">\n<ul>\n<li><strong><a href=\"https:\/\/ruralourbano.com\/en\/producto\/vermouth-cl%C3%A1sico-el-riba\/\">Vermouth cl\u00e1sico El Riba<\/a><\/strong><\/li>\n<li><a href=\"https:\/\/ruralourbano.com\/en\/producto\/ribada-seleccion-mencia-barrica\/\"><strong>Ribada Selecci\u00f3n Menc\u00eda barrica<\/strong><\/a><\/li>\n<li><a href=\"https:\/\/ruralourbano.com\/en\/producto\/patatotas-bolsa-mini-44g\/\"><strong>Patatotas bolsa mini 44g<\/strong><\/a><\/li>\n<\/ul>\n<\/li>\n<\/ul>\n<p><strong>Tasting recommendation:<\/strong><\/p>\n<ul>\n<li>Before tasting, let the cheeses acquire their best condition and texture by keeping them at room temperature for at least half an hour.<\/li>\n<\/ul>\n","protected":false},"excerpt":{"rendered":"<p><strong>Queso N\u00e9boa Gander\u00eda Quinti\u00e1n 650g <\/strong>\u00a0is a <strong>gourmet product<\/strong> handmade at\u00a0<a href=\"https:\/\/ruralourbano.com\/en\/productores\/cheeses\/ganderia-quintian\/\"><strong>Gander\u00eda Quinti\u00e1n<\/strong><\/a>\u00a0in the rural village of Quinti\u00e1n (Municipality of O P\u00e1ramo, <strong>Lugo<\/strong>).<\/p>\n<p>A world-renowned\u00a0<strong>gourmet cheese<\/strong>\u00a0that is created with passion and expertise, offering a unique\u00a0<strong>gastronomic experience<\/strong>\u00a0that captivates the most demanding cheesemongering palates.<\/p>\n<p>This is a soft <strong>gourmet cheese<\/strong> made from raw cow&#8217;s milk. It is characterised by its hints of damp earth, mushrooms and notes of cream. Mouldy and velvety rind, 100% natural and edible. Creamy texture. Typology: Brie cheese. A cheese with character, ideal for food pairing.<\/p>\n<p><strong>Silver medal awarded at the World Cheese Awards 2023.<\/strong><\/p>\n<p><strong>Gourmet gastronomic product from Lugo.<\/strong><\/p>\n<p>Discover <a href=\"https:\/\/ruralourbano.com\/en\/producto\/queso-agarimo-ganderia-quintian-550g\/\"><strong>Agarimo Cheese<\/strong><\/a>, and remember the taste of a cheese of yesteryear.<\/p>\n<p>We suggest combining both cheeses with the\u00a0<a href=\"https:\/\/ruralourbano.com\/en\/producto\/capackzo-quintian-gourmet\/\"><strong>Capackzo Quinti\u00e1n Gourmet<\/strong><\/a>.<\/p>\n","protected":false},"featured_media":7394,"comment_status":"open","ping_status":"closed","template":"","meta":{"inline_featured_image":false},"product_brand":[],"product_cat":[113],"product_tag":[670,638,936,823],"class_list":{"0":"post-7391","1":"product","2":"type-product","3":"status-publish","4":"has-post-thumbnail","6":"product_cat-savoury","7":"product_tag-ganderia-quintian-en","8":"product_tag-gourmet-en","9":"product_tag-lugo-en","10":"product_tag-world-cheese-awards-2023-en","12":"first","13":"instock","14":"taxable","15":"shipping-taxable","16":"purchasable","17":"product-type-simple"},"_links":{"self":[{"href":"https:\/\/ruralourbano.com\/en\/wp-json\/wp\/v2\/product\/7391","targetHints":{"allow":["GET"]}}],"collection":[{"href":"https:\/\/ruralourbano.com\/en\/wp-json\/wp\/v2\/product"}],"about":[{"href":"https:\/\/ruralourbano.com\/en\/wp-json\/wp\/v2\/types\/product"}],"replies":[{"embeddable":true,"href":"https:\/\/ruralourbano.com\/en\/wp-json\/wp\/v2\/comments?post=7391"}],"wp:featuredmedia":[{"embeddable":true,"href":"https:\/\/ruralourbano.com\/en\/wp-json\/wp\/v2\/media\/7394"}],"wp:attachment":[{"href":"https:\/\/ruralourbano.com\/en\/wp-json\/wp\/v2\/media?parent=7391"}],"wp:term":[{"taxonomy":"product_brand","embeddable":true,"href":"https:\/\/ruralourbano.com\/en\/wp-json\/wp\/v2\/product_brand?post=7391"},{"taxonomy":"product_cat","embeddable":true,"href":"https:\/\/ruralourbano.com\/en\/wp-json\/wp\/v2\/product_cat?post=7391"},{"taxonomy":"product_tag","embeddable":true,"href":"https:\/\/ruralourbano.com\/en\/wp-json\/wp\/v2\/product_tag?post=7391"}],"curies":[{"name":"wp","href":"https:\/\/api.w.org\/{rel}","templated":true}]}}