{"id":7441,"date":"2023-03-09T15:04:24","date_gmt":"2023-03-09T14:04:23","guid":{"rendered":"https:\/\/164.92.128.162\/?post_type=product&#038;p=7441"},"modified":"2024-02-01T23:00:16","modified_gmt":"2024-02-01T22:00:16","slug":"ribada-seleccion-mencia-barrica","status":"publish","type":"product","link":"https:\/\/ruralourbano.com\/en\/producto\/ribada-seleccion-mencia-barrica\/","title":{"rendered":"Ribada Selecci\u00f3n Menc\u00eda barrica"},"content":{"rendered":"<p>The vineyards of <a href=\"https:\/\/ruralourbano.com\/en\/productores\/vinos-en\/bodega-ribada\/\"><strong>Bodega Ribada<\/strong><\/a> are in the Chantada sub-area (<strong>D.O. Ribeira Sacra<\/strong>). The vines are grown on stairs, with slopes of up to 80%. These vineyards are classified as &#8220;mountain&#8221; vineyards. The work is manual, every task in the vineyard has to be done by hand because mechanisation is impossible.<\/p>\n<p><strong>Description Ribada Selecci\u00f3n Menc\u00eda barrica:<\/strong><\/p>\n<ul>\n<li><strong>D.O. Ribeira Sacra<\/strong><\/li>\n<li>Crianza red wine<\/li>\n<li>Mencia grape variety<\/li>\n<li>Bordeaux bottle 75cl.<\/li>\n<li>Alcoholic strength 14% Vol.<\/li>\n<\/ul>\n<p><strong>Elaboration:<\/strong><\/p>\n<ul>\n<li>Normal harvest in crates. Cold maceration for 5-6 days, fermentation at 28 \u00b0 C. At the end of fermentation it remains with the marc in the tank for 30 days, then bled and pressed and is transferred to 300 litre barrels (half French, half American) where malolactic fermentation takes place and remains for a minimum of 6 months, after which it is transferred to the tank where it remains for 2 to 4 months, after which it is bottled without any clarification and filtering process and remains in the bottle for 2 to 3 months before being marketed.<\/li>\n<\/ul>\n<p><strong>Tasting notes:<\/strong><\/p>\n<ul>\n<li>Very intense colour, garnet cardinal red. Complex and intense on the nose, blending ripe fruit and forest aromas with very subtle ageing notes (vanilla, cocoa, chocolate). On the palate great structure, very tannin with a perfect blend of tannin from the variety and wood, very elegant astringency with a very pleasant acidity, a very long aftertaste with a long aftertaste with a long aftertaste of roasted coffee and fruit.<\/li>\n<\/ul>\n<p><strong>Combination suggestions:<\/strong><\/p>\n<ul>\n<li><a href=\"https:\/\/ruralourbano.com\/en\/producto\/neboa-cheese-650g-ganderia-quintian\/\"><strong>N\u00e9boa cheese 650g Gander\u00eda Quinti\u00e1n<\/strong><\/a><\/li>\n<li><a href=\"https:\/\/ruralourbano.com\/en\/producto\/agarimo-cheese-550g-ganderia-quintian\/\"><strong>Cheese Agarimo 550g Gander\u00eda Quinti\u00e1n<\/strong><\/a><\/li>\n<li><a href=\"https:\/\/ruralourbano.com\/en\/producto\/dosouto-100-natural-extra-wild-blackberry-jam-220g\/\"><strong>DoSouto 100% natural extra wild blackberry jam 220g<\/strong><\/a><\/li>\n<\/ul>\n<p><strong>Recommendation:<\/strong><\/p>\n<ul>\n<li>Serve between 14\u00baC and 16\u00baC.<\/li>\n<\/ul>\n","protected":false},"excerpt":{"rendered":"<p><strong>Ribada Selecci\u00f3n Menc\u00eda Barrica<\/strong> is a Galician red wine from Lugo produced in the <a href=\"https:\/\/ruralourbano.com\/en\/productores\/vinos-en\/bodega-ribada\/\"><strong>Bodega Ribada<\/strong><\/a> located in San Fiz (Chantada, Lugo).<\/p>\n<p>Vintage red wine <strong>D.O Ribeira Sacra<\/strong>.<\/p>\n<p>Menc\u00eda grape variety.<\/p>\n<p>The effort of man and his hands has its reward in wine. The staircase layout with an orientation that allows us to take advantage of all the hours of sunshine and the proximity of the river Mi\u00f1o offer a generous and fruity Menc\u00eda grape. A grape pampered by the climate, the land, man and time.<\/p>\n<p>Bordeaux bottle 75cl.<\/p>\n<p>Alcoholic strength 14% vol.<\/p>\n<p><strong>Gourmet gastronomic product from Lugo.<\/strong><\/p>\n<p>Combine this wine with our <a href=\"https:\/\/ruralourbano.com\/en\/producto\/capackzo-quintian-gourmet\/\"><strong>Capackzo Quinti\u00e1n Gourmet<\/strong><\/a>. You might also be interested in discovering our <a href=\"https:\/\/ruralourbano.com\/en\/producto\/pack-originalmente-clasico\/\"><strong>Pack Originalmente Cl\u00e1sico<\/strong><\/a>.<\/p>\n","protected":false},"featured_media":7445,"comment_status":"open","ping_status":"closed","template":"","meta":{"inline_featured_image":false},"product_brand":[],"product_cat":[745,169],"product_tag":[884,817,638,936,689],"class_list":{"0":"post-7441","1":"product","2":"type-product","3":"status-publish","4":"has-post-thumbnail","6":"product_cat-companies","7":"product_cat-winery","8":"product_tag-bodega-ribada-en","9":"product_tag-d-o-ribeira-sacra-en","10":"product_tag-gourmet-en","11":"product_tag-lugo-en","12":"product_tag-ribeira-sacra-en","14":"first","15":"outofstock","16":"taxable","17":"shipping-taxable","18":"purchasable","19":"product-type-simple"},"_links":{"self":[{"href":"https:\/\/ruralourbano.com\/en\/wp-json\/wp\/v2\/product\/7441","targetHints":{"allow":["GET"]}}],"collection":[{"href":"https:\/\/ruralourbano.com\/en\/wp-json\/wp\/v2\/product"}],"about":[{"href":"https:\/\/ruralourbano.com\/en\/wp-json\/wp\/v2\/types\/product"}],"replies":[{"embeddable":true,"href":"https:\/\/ruralourbano.com\/en\/wp-json\/wp\/v2\/comments?post=7441"}],"wp:featuredmedia":[{"embeddable":true,"href":"https:\/\/ruralourbano.com\/en\/wp-json\/wp\/v2\/media\/7445"}],"wp:attachment":[{"href":"https:\/\/ruralourbano.com\/en\/wp-json\/wp\/v2\/media?parent=7441"}],"wp:term":[{"taxonomy":"product_brand","embeddable":true,"href":"https:\/\/ruralourbano.com\/en\/wp-json\/wp\/v2\/product_brand?post=7441"},{"taxonomy":"product_cat","embeddable":true,"href":"https:\/\/ruralourbano.com\/en\/wp-json\/wp\/v2\/product_cat?post=7441"},{"taxonomy":"product_tag","embeddable":true,"href":"https:\/\/ruralourbano.com\/en\/wp-json\/wp\/v2\/product_tag?post=7441"}],"curies":[{"name":"wp","href":"https:\/\/api.w.org\/{rel}","templated":true}]}}