{"id":7792,"date":"2023-04-17T20:53:51","date_gmt":"2023-04-17T18:53:51","guid":{"rendered":"https:\/\/164.92.128.162\/?post_type=product&#038;p=7792"},"modified":"2024-11-09T14:50:27","modified_gmt":"2024-11-09T13:50:27","slug":"maria-pita-e-o-pirata-childrens-story-estefania-padulles","status":"publish","type":"product","link":"https:\/\/ruralourbano.com\/en\/producto\/maria-pita-e-o-pirata-childrens-story-estefania-padulles\/","title":{"rendered":"MAR\u00cdA PITA E O PIRATA children&#8217;s story. Estefan\u00eda Padull\u00e9s"},"content":{"rendered":"<div><strong><b>MAR\u00cdA PITA E O PIRATA children\u2019s story technical sheet:<\/b><\/strong><\/div>\n<ul>\n<li>Paperback (hardback)<\/li>\n<li>H\u00e9rcules publishing house<\/li>\n<li>Year of edition: 2022<\/li>\n<li>Subject: Children&#8217;s and young people&#8217;s books<\/li>\n<li>Pages: 40<\/li>\n<li>ISBN: 978-84-18966-53-8<\/li>\n<li>Measurements: height 30cm x width 22cm<\/li>\n<li>Weight: 400g<\/li>\n<\/ul>\n<p><strong>Brief biography of the author and illustrator of MAR\u00cdA PITA E O PIRATA children&#8217;s story:<\/strong><\/p>\n<p>Estefan\u00eda Padull\u00e9s was born in a small village in the Pyrenees (Catalonia). She has a degree in Biology from the University of Barcelona.<br \/>\nAfter travelling around different countries to complete her studies with animals, she moved to Almer\u00eda to work in a Marine Fauna to work in a Marine Fauna Recovery Centre.<\/p>\n<p>Subsequently, she was Head of the and assistant to the Conservation department in a Zoo where she was in charge of the design and illustration of and illustration of campaigns for the protection of endangered species, as well as educational material (illustrated books, posters, posters, posters, etc.).<\/p>\n<p>In parallel to her training and specialisation in biology, the author has never stopped painting or drawing. When she has had the opportunity<br \/>\nShe has exhibited paintings and has participated in several books of short stories.<\/p>\n<p>In recent years, since Estefan\u00eda Padull\u00e9s moved to live in the countryside of Lugo, she has written and illustrated several children&#8217;s stories, all published by H\u00e9rcules Ediciones.<\/p>\n","protected":false},"excerpt":{"rendered":"<p>Title of the children&#8217;s story: MAR\u00cdA PITA E O PIRATA<\/p>\n<p>Author and illustrator: Estefan\u00eda Padull\u00e9s<\/p>\n<p>H\u00e9rcules Publishing house (A Coru\u00f1a)<\/p>\n<p><strong>Galician language<\/strong><\/p>\n<p>Mar\u00eda Pita, the main character of this book, is still today an example of the Galician historical female courage who defended the city of A Coru\u00f1a in 1589 against the English troops. This literary adventure for the youngest members of the family will transport the reader to a time when the sea was full of pirates, although not all of them got away with it.<\/p>\n<p>If you are interested in the Spanish version of this children&#8217;s story please click <a href=\"https:\/\/ruralourbano.com\/en\/producto\/maria-pita-y-el-pirata-childrens-story-estefania-padulles\/\"><strong>here<\/strong><\/a>.<\/p>\n","protected":false},"featured_media":7796,"comment_status":"open","ping_status":"closed","template":"","meta":{"inline_featured_image":false},"product_brand":[],"product_cat":[464,157],"product_tag":[1175],"class_list":{"0":"post-7792","1":"product","2":"type-product","3":"status-publish","4":"has-post-thumbnail","6":"product_cat-bookshop","7":"product_cat-lifestyle","8":"product_tag-estefania-padulles","10":"first","11":"instock","12":"taxable","13":"shipping-taxable","14":"purchasable","15":"product-type-simple"},"_links":{"self":[{"href":"https:\/\/ruralourbano.com\/en\/wp-json\/wp\/v2\/product\/7792","targetHints":{"allow":["GET"]}}],"collection":[{"href":"https:\/\/ruralourbano.com\/en\/wp-json\/wp\/v2\/product"}],"about":[{"href":"https:\/\/ruralourbano.com\/en\/wp-json\/wp\/v2\/types\/product"}],"replies":[{"embeddable":true,"href":"https:\/\/ruralourbano.com\/en\/wp-json\/wp\/v2\/comments?post=7792"}],"wp:featuredmedia":[{"embeddable":true,"href":"https:\/\/ruralourbano.com\/en\/wp-json\/wp\/v2\/media\/7796"}],"wp:attachment":[{"href":"https:\/\/ruralourbano.com\/en\/wp-json\/wp\/v2\/media?parent=7792"}],"wp:term":[{"taxonomy":"product_brand","embeddable":true,"href":"https:\/\/ruralourbano.com\/en\/wp-json\/wp\/v2\/product_brand?post=7792"},{"taxonomy":"product_cat","embeddable":true,"href":"https:\/\/ruralourbano.com\/en\/wp-json\/wp\/v2\/product_cat?post=7792"},{"taxonomy":"product_tag","embeddable":true,"href":"https:\/\/ruralourbano.com\/en\/wp-json\/wp\/v2\/product_tag?post=7792"}],"curies":[{"name":"wp","href":"https:\/\/api.w.org\/{rel}","templated":true}]}}