{"id":7819,"date":"2023-04-18T12:02:41","date_gmt":"2023-04-18T10:02:41","guid":{"rendered":"https:\/\/164.92.128.162\/?post_type=product&#038;p=7819"},"modified":"2023-04-18T16:49:39","modified_gmt":"2023-04-18T14:49:39","slug":"7-hierbas-magicas-book-rosalia-bermudez-santos","status":"publish","type":"product","link":"https:\/\/ruralourbano.com\/en\/producto\/7-hierbas-magicas-book-rosalia-bermudez-santos\/","title":{"rendered":"7 HIERBAS M\u00c1GICAS book. Rosal\u00eda Berm\u00fadez Santos"},"content":{"rendered":"<p><strong>Book technical sheet of 7 HIERBAS M\u00c1GICAS book:<\/strong><\/p>\n<ul>\n<li>Paperback (hardback)<\/li>\n<li>H\u00e9rcules Publishing house<\/li>\n<li>Year of edition: 2021<\/li>\n<li>Pages: 140<\/li>\n<li>ISBN: 9788418966163<\/li>\n<li>Measurements: height 16.5cm x width 24cm<\/li>\n<li>Weight: 300g<\/li>\n<\/ul>\n<p><strong>Extra information about 7 HIERBAS M\u00c1GICAS book:<\/strong><\/p>\n<p>This is an appetising book, pleasant to look at and read, and at the same time very useful. Learn and discover 5 very easy preparations and herbal tricks. If you had doubts about how to get started in the use of the plants around you for your care, this is the perfect book to start with.<\/p>\n<p>You will feel like creating your own balcony or herb garden for your wellbeing and making your own natural remedies, ideal for today&#8217;s lifestyle.<\/p>\n<p>You have in your hands a work born from the meeting of Nanda Cabaleiro&#8217;s love for drawing and Rosal\u00eda Berm\u00fadez Santos&#8217; love for medicinal plants. We hope you will enjoy it and find it useful.<\/p>\n","protected":false},"excerpt":{"rendered":"<p>Title of the book: 7 HIERBAS M\u00c1GICAS for your health and well-being<\/p>\n<p>Author: Rosal\u00eda Berm\u00fadez Santos<\/p>\n<p>Illustrator: Nanda Cabaleiro<\/p>\n<p>H\u00e9rcules Publishing house (A Coru\u00f1a)<\/p>\n<p><strong>Language: spanish<\/strong><\/p>\n<p>If you love the world of herbs, if you enjoy a healthy lifestyle, taking care of yourself in a natural way, if you care about the environment and plastic reduction, if you love DIY, or live in a rural or urban environment&#8230; The book 7 Magic Herbs is for you!<\/p>\n<p>You will enjoy the stories that revolve around these 7 magical herbs, 7 panaceas of the plant world: lemon balm, lemon verbena, rosemary, elder, oregano, sage and aloe vera. You will learn about their properties and most widespread uses. And, above all, their simple application in your day-to-day life.<\/p>\n","protected":false},"featured_media":7822,"comment_status":"open","ping_status":"closed","template":"","meta":{"inline_featured_image":false},"product_brand":[],"product_cat":[464,157],"product_tag":[],"class_list":{"0":"post-7819","1":"product","2":"type-product","3":"status-publish","4":"has-post-thumbnail","6":"product_cat-bookshop","7":"product_cat-lifestyle","9":"first","10":"instock","11":"taxable","12":"shipping-taxable","13":"purchasable","14":"product-type-simple"},"_links":{"self":[{"href":"https:\/\/ruralourbano.com\/en\/wp-json\/wp\/v2\/product\/7819","targetHints":{"allow":["GET"]}}],"collection":[{"href":"https:\/\/ruralourbano.com\/en\/wp-json\/wp\/v2\/product"}],"about":[{"href":"https:\/\/ruralourbano.com\/en\/wp-json\/wp\/v2\/types\/product"}],"replies":[{"embeddable":true,"href":"https:\/\/ruralourbano.com\/en\/wp-json\/wp\/v2\/comments?post=7819"}],"wp:featuredmedia":[{"embeddable":true,"href":"https:\/\/ruralourbano.com\/en\/wp-json\/wp\/v2\/media\/7822"}],"wp:attachment":[{"href":"https:\/\/ruralourbano.com\/en\/wp-json\/wp\/v2\/media?parent=7819"}],"wp:term":[{"taxonomy":"product_brand","embeddable":true,"href":"https:\/\/ruralourbano.com\/en\/wp-json\/wp\/v2\/product_brand?post=7819"},{"taxonomy":"product_cat","embeddable":true,"href":"https:\/\/ruralourbano.com\/en\/wp-json\/wp\/v2\/product_cat?post=7819"},{"taxonomy":"product_tag","embeddable":true,"href":"https:\/\/ruralourbano.com\/en\/wp-json\/wp\/v2\/product_tag?post=7819"}],"curies":[{"name":"wp","href":"https:\/\/api.w.org\/{rel}","templated":true}]}}