{"id":7996,"date":"2023-05-08T20:41:13","date_gmt":"2023-05-08T18:41:13","guid":{"rendered":"https:\/\/164.92.128.162\/?post_type=product&#038;p=7996"},"modified":"2024-05-30T18:22:04","modified_gmt":"2024-05-30T16:22:04","slug":"capackzo-pausa-neboa-gourmet","status":"publish","type":"product","link":"https:\/\/ruralourbano.com\/en\/producto\/capackzo-pausa-neboa-gourmet\/","title":{"rendered":"Capackzo Pausa N\u00e9boa Gourmet"},"content":{"rendered":"<p><strong>Description:<\/strong><\/p>\n<p>The <strong>Capackzo Pausa N\u00e9boa Gourmet<\/strong> is a pack of product packed in a palm basket consisting of:<\/p>\n<ul>\n<li><a href=\"https:\/\/ruralourbano.com\/en\/producto\/neboa-mini-cheese-350g-ganderia-quintian\/\"><strong>1 N\u00e9boa Mini Cheese 350g Gander\u00eda Quinti\u00e1n<\/strong><\/a>\u00a0premiado con Medalla de Plata en los\u00a0<strong>World Cheese Awards 2023<\/strong>.<\/li>\n<li><a href=\"https:\/\/ruralourbano.com\/en\/producto\/classic-vermouth-el-riba\/\"><strong>1 <\/strong><\/a><a href=\"https:\/\/ruralourbano.com\/en\/producto\/classic-vermouth-el-riba\/\"><strong>Classic vermouth El Riba 75cl<\/strong><\/a><\/li>\n<li><a href=\"https:\/\/ruralourbano.com\/en\/producto\/patatotas-44g-mini-bag\/\"><strong>1 Patatotas 44g mini bag<\/strong><\/a><\/li>\n<li><a href=\"https:\/\/ruralourbano.com\/producto\/mermelada-extra-de-arandanos-100-natural-dosouto-220g\/\"><strong>1 DoSouto 100% natural extra blueberries jam 220g<\/strong><\/a><\/li>\n<li><a href=\"https:\/\/ruralourbano.com\/en\/producto\/conical-palm-basket\/\"><strong>1 Conical palm basket<\/strong><\/a><\/li>\n<\/ul>\n<p><strong>Tasting recommendation:<\/strong><\/p>\n<ul>\n<li>Before tasting, let the cheese acquire their best condition and texture by keeping it at room temperature for at least half an hour.<\/li>\n<\/ul>\n","protected":false},"excerpt":{"rendered":"<p>The <strong>Capackzo Pausa N\u00e9boa Gourmet<\/strong> is a <strong>gourmet pack<\/strong> from <strong>Lugo<\/strong>.<\/p>\n<p>The <strong>Capackzo Pausa N\u00e9boa Gourmet<\/strong> is a combination of gastronomic product perfect for a <strong>&#8220;vermuteo&#8221;<\/strong> salty and sweet in equal parts.<\/p>\n<p>We propose you an original <strong>&#8220;vermuteo&#8221;<\/strong> with which you will be able to enjoy a delicious <strong>gastronomic experience<\/strong> as a couple or with friends.<\/p>\n<p>The <strong>Capackzo Pausa N\u00e9boa Gourmet<\/strong> is a gastronomic proposal of the most original if you are doing the <strong>French Way of St. James<\/strong> from <strong>Sarria <\/strong>to<strong> Portomar\u00edn<\/strong> since if you order it we will deliver it by hand at any location of this stage so you can even enjoy it as a <strong>picnic<\/strong>.<\/p>\n<p>With the <strong>Capackzo Pausa N\u00e9boa Gourmet<\/strong> you will receive:<\/p>\n<ul>\n<li><a href=\"https:\/\/ruralourbano.com\/en\/producto\/neboa-mini-cheese-350g-ganderia-quintian\/\"><strong>1 N\u00e9boa Mini Cheese 350g Gander\u00eda Quinti\u00e1n<\/strong><\/a>\u00a0premiado con Medalla de Plata en los\u00a0<strong>World Cheese Awards 2023<\/strong>.<\/li>\n<li><a href=\"https:\/\/ruralourbano.com\/en\/producto\/classic-vermouth-el-riba\/\"><strong>1 <\/strong><\/a><a href=\"https:\/\/ruralourbano.com\/en\/producto\/classic-vermouth-el-riba\/\"><strong>Classic vermouth El Riba 75cl<\/strong><\/a><\/li>\n<li><a href=\"https:\/\/ruralourbano.com\/en\/producto\/patatotas-44g-mini-bag\/\"><strong>1 Patatotas 44g mini bag<\/strong><\/a><\/li>\n<li><a href=\"https:\/\/ruralourbano.com\/producto\/mermelada-extra-de-arandanos-100-natural-dosouto-220g\/\"><strong>1 DoSouto 100% natural extra blueberries jam 220g<\/strong><\/a><\/li>\n<li><a href=\"https:\/\/ruralourbano.com\/en\/producto\/conical-palm-basket\/\"><strong>1 Conical palm basket<\/strong><\/a><\/li>\n<\/ul>\n<p>Our\u00a0<a href=\"\/?product_cat=rural-o-urbano-capackzos\"><strong>Rural o Urbano Capackzos<\/strong><\/a>\u00a0are the ideal choice if you want to give a thank you gift or a small present to someone you appreciate in an original and exclusive way.<\/p>\n","protected":false},"featured_media":7999,"comment_status":"open","ping_status":"closed","template":"","meta":{"inline_featured_image":false},"product_brand":[],"product_cat":[1138,113],"product_tag":[1212,547,638,936,822,1036,1035,823],"class_list":{"0":"post-7996","1":"product","2":"type-product","3":"status-publish","4":"has-post-thumbnail","6":"product_cat-capackzos-rural-o-urbano","7":"product_cat-savoury","8":"product_tag-camino-de-santiago","9":"product_tag-capackzos-rural-o-urbano-en","10":"product_tag-gourmet-en","11":"product_tag-lugo-en","12":"product_tag-picnic-en","13":"product_tag-portomarin-en","14":"product_tag-sarria-en","15":"product_tag-world-cheese-awards-2023-en","17":"first","18":"outofstock","19":"taxable","20":"shipping-taxable","21":"purchasable","22":"product-type-simple"},"_links":{"self":[{"href":"https:\/\/ruralourbano.com\/en\/wp-json\/wp\/v2\/product\/7996","targetHints":{"allow":["GET"]}}],"collection":[{"href":"https:\/\/ruralourbano.com\/en\/wp-json\/wp\/v2\/product"}],"about":[{"href":"https:\/\/ruralourbano.com\/en\/wp-json\/wp\/v2\/types\/product"}],"replies":[{"embeddable":true,"href":"https:\/\/ruralourbano.com\/en\/wp-json\/wp\/v2\/comments?post=7996"}],"wp:featuredmedia":[{"embeddable":true,"href":"https:\/\/ruralourbano.com\/en\/wp-json\/wp\/v2\/media\/7999"}],"wp:attachment":[{"href":"https:\/\/ruralourbano.com\/en\/wp-json\/wp\/v2\/media?parent=7996"}],"wp:term":[{"taxonomy":"product_brand","embeddable":true,"href":"https:\/\/ruralourbano.com\/en\/wp-json\/wp\/v2\/product_brand?post=7996"},{"taxonomy":"product_cat","embeddable":true,"href":"https:\/\/ruralourbano.com\/en\/wp-json\/wp\/v2\/product_cat?post=7996"},{"taxonomy":"product_tag","embeddable":true,"href":"https:\/\/ruralourbano.com\/en\/wp-json\/wp\/v2\/product_tag?post=7996"}],"curies":[{"name":"wp","href":"https:\/\/api.w.org\/{rel}","templated":true}]}}