{"id":8226,"date":"2023-05-25T20:09:34","date_gmt":"2023-05-25T18:09:34","guid":{"rendered":"https:\/\/164.92.128.162\/?post_type=product&#038;p=8226"},"modified":"2026-01-16T18:09:35","modified_gmt":"2026-01-16T17:09:35","slug":"vino-tinto-pobre-tolo-mencia","status":"publish","type":"product","link":"https:\/\/ruralourbano.com\/en\/producto\/vino-tinto-pobre-tolo-mencia\/","title":{"rendered":"Vino tinto Pobre Tolo Menc\u00eda"},"content":{"rendered":"<p><a href=\"https:\/\/ruralourbano.com\/en\/productores\/vinos-en\/bodega-ribada\/\"><strong>Bodega Ribada<\/strong><\/a> was founded in 2005, although the family tradition goes back several generations. With great care and attention to detail, they dedicate the time necessary to obtain the best fruit and thus obtain the best wine.<\/p>\n<p>The vineyards of <a href=\"https:\/\/ruralourbano.com\/en\/productores\/vinos-en\/bodega-ribada\/\"><strong>Bodega Ribada<\/strong><\/a> belong to the <strong>Ribeira Sacra D.O <\/strong>(Chantada subzone). Here the vines are grown on stairs, with slopes of up to 80%. These vineyards are classified as \u2018mountain\u2019 vineyards. The work is manual, every task in the vineyard has to be done by hand because mechanisation is impossible.<\/p>\n<p><strong>Description Vino tinto Pobre Tolo Menc\u00eda:<\/strong><\/p>\n<ul>\n<li><strong>D.O Ribeira Sacra<\/strong><\/li>\n<li>Young red wine<\/li>\n<li>Mencia grape variety<\/li>\n<li>Bordeaux bottle 75cl.<\/li>\n<li>Alcoholic strength 12,50% Vol.<\/li>\n<\/ul>\n<p><strong>Elaboration:<\/strong><\/p>\n<ul>\n<li>Normal harvest in boxes. Malolactic fermentation at 25\u00baC followed by alcoholic fermentation, racking and the wine is kept without further racking until clarification and bottling in March.<\/li>\n<\/ul>\n<p><strong>Combination suggestions:<\/strong><\/p>\n<ul>\n<li><a href=\"https:\/\/ruralourbano.com\/en\/producto\/queso-mourelo-ganderia-quintian-500g\/\"><strong>Queso Mourelo Gander\u00eda Quinti\u00e1n 500g<\/strong><\/a><\/li>\n<li><a href=\"https:\/\/ruralourbano.com\/en\/producto\/queso-neboa-ganderia-quintian-650g\/\"><strong>Queso N\u00e9boa Gander\u00eda Quinti\u00e1n 650g<\/strong><\/a><\/li>\n<\/ul>\n<p><strong>Recommendation:<\/strong><\/p>\n<ul>\n<li>Serve the wine between 12\u00baC and 14\u00baC.<\/li>\n<\/ul>\n","protected":false},"excerpt":{"rendered":"<p><strong>Vino tinto Pobre Tolo Menc\u00eda<\/strong> is a young red wine from <strong>Lugo<\/strong> made in the <a href=\"https:\/\/ruralourbano.com\/en\/productores\/vinos-en\/bodega-ribada\/\"><strong>Bodega Ribada<\/strong><\/a>\u00a0located in San Fiz (Chantada, <strong>Lugo<\/strong>).<\/p>\n<p>It has a very intense, <strong>vivid and bright cherry red colour<\/strong>, with a bluish rim and long, persistent tears that reveal its glyceric character and structure in the glass.<\/p>\n<p><strong>The nose<\/strong> is fine and elegant, gaining intensity as it breathes. Aromas of very ripe fruit such as cherry, plum and blackberry stand out, with a subtle but persistent expression that invites you to continue discovering it.<\/p>\n<p><strong>On the palate<\/strong>, it is a wine with intense structure, with sweet, meaty and ripe tannins that are very well integrated. Its astringency is pleasant and balanced, leaving a long persistence and an intense, varietal aftertaste, faithful to the <strong>Menc\u00eda grape<\/strong>.<\/p>\n<p>A perfect wine for those looking for <strong>Galician wines with personality<\/strong>, ideal for accompanying meats, cured cheeses, traditional dishes or simply for leisurely enjoyment.<\/p>\n<p><strong>Young red wine D.O Ribeira Sacra.<\/strong><\/p>\n<p><strong>Menc\u00eda grape variety.<\/strong><\/p>\n<p><strong>Bordeaux bottle 75cl.<\/strong><\/p>\n<p><strong>Alcoholic strength 12,50% vol.<\/strong><\/p>\n<p><strong>Gastronomic gourmet product from Lugo.<\/strong><\/p>\n<p>Maybe you are interested in discovering our <a href=\"https:\/\/ruralourbano.com\/en\/producto\/capackzo-pobre-tolo-gourmet\/\"><strong>Capackzo Pobre Tolo Gourmet<\/strong><\/a><strong>.<\/strong><\/p>\n<p><strong>Shipping only to mainland Spain | Buy selected Galician gourmet product and exclusive lifestyle<\/strong><\/p>\n","protected":false},"featured_media":8235,"comment_status":"open","ping_status":"closed","template":"","meta":{"inline_featured_image":false},"product_brand":[],"product_cat":[745,169],"product_tag":[884,817,936],"class_list":{"0":"post-8226","1":"product","2":"type-product","3":"status-publish","4":"has-post-thumbnail","6":"product_cat-companies","7":"product_cat-winery","8":"product_tag-bodega-ribada-en","9":"product_tag-d-o-ribeira-sacra-en","10":"product_tag-lugo-en","12":"first","13":"instock","14":"taxable","15":"shipping-taxable","16":"purchasable","17":"product-type-simple"},"jetpack_sharing_enabled":true,"_links":{"self":[{"href":"https:\/\/ruralourbano.com\/en\/wp-json\/wp\/v2\/product\/8226","targetHints":{"allow":["GET"]}}],"collection":[{"href":"https:\/\/ruralourbano.com\/en\/wp-json\/wp\/v2\/product"}],"about":[{"href":"https:\/\/ruralourbano.com\/en\/wp-json\/wp\/v2\/types\/product"}],"replies":[{"embeddable":true,"href":"https:\/\/ruralourbano.com\/en\/wp-json\/wp\/v2\/comments?post=8226"}],"wp:featuredmedia":[{"embeddable":true,"href":"https:\/\/ruralourbano.com\/en\/wp-json\/wp\/v2\/media\/8235"}],"wp:attachment":[{"href":"https:\/\/ruralourbano.com\/en\/wp-json\/wp\/v2\/media?parent=8226"}],"wp:term":[{"taxonomy":"product_brand","embeddable":true,"href":"https:\/\/ruralourbano.com\/en\/wp-json\/wp\/v2\/product_brand?post=8226"},{"taxonomy":"product_cat","embeddable":true,"href":"https:\/\/ruralourbano.com\/en\/wp-json\/wp\/v2\/product_cat?post=8226"},{"taxonomy":"product_tag","embeddable":true,"href":"https:\/\/ruralourbano.com\/en\/wp-json\/wp\/v2\/product_tag?post=8226"}],"curies":[{"name":"wp","href":"https:\/\/api.w.org\/{rel}","templated":true}]}}