{"id":8437,"date":"2023-08-25T17:30:44","date_gmt":"2023-08-25T15:30:44","guid":{"rendered":"https:\/\/164.92.128.162\/?post_type=product&#038;p=8437"},"modified":"2025-03-12T01:06:15","modified_gmt":"2025-03-12T00:06:15","slug":"capackzo-salud-y-vermouth-blanco","status":"publish","type":"product","link":"https:\/\/ruralourbano.com\/en\/producto\/capackzo-salud-y-vermouth-blanco\/","title":{"rendered":"Capackzo Salud y Vermouth Blanco"},"content":{"rendered":"<p><strong>Description:<\/strong><\/p>\n<p>The<strong> Capackzo Salud y Vermouth Blanco<\/strong> is a <strong>gourmet pack<\/strong> packed in a palm basket consisting of:<\/p>\n<ul>\n<li><a href=\"https:\/\/ruralourbano.com\/en\/producto\/vermouth-blanco-el-riba\/\"><strong>1 Vermouth blanco El Riba<\/strong><\/a><\/li>\n<li><a href=\"https:\/\/ruralourbano.com\/en\/producto\/taza-verde-met\u00e1lica-vintage\/\"><strong>2 Taza verde met\u00e1lica vintage<\/strong><\/a><\/li>\n<li><a href=\"https:\/\/ruralourbano.com\/en\/producto\/palm-basket\/\"><strong>1 Capazo de palma<\/strong><\/a><\/li>\n<\/ul>\n<p><strong>Combination suggestions:<\/strong><\/p>\n<ul>\n<li><strong><a href=\"https:\/\/ruralourbano.com\/en\/producto\/queso-neboa-ganderia-quintian-650g\/\">Queso N\u00e9boa Gander\u00eda Quinti\u00e1n 650g<\/a><\/strong><\/li>\n<li><strong><a href=\"https:\/\/ruralourbano.com\/en\/producto\/queso-agarimo-ganderia-quintian-550g\/\">Queso Agarimo Gander\u00eda Quinti\u00e1n 550g<\/a><\/strong><\/li>\n<li><a href=\"https:\/\/ruralourbano.com\/en\/producto\/patatotas-bolsa-mini-44g\/\"><strong>Patatotas mini bag 44g<\/strong><\/a><\/li>\n<\/ul>\n<p><strong>Recommendation:<\/strong><\/p>\n<ul>\n<li>Serve the vermouth between 6\u00baC and 10\u00baC.<\/li>\n<li>Do not use these cups in the microwave.<\/li>\n<li>The cups are dishwasher safe.<\/li>\n<\/ul>\n","protected":false},"excerpt":{"rendered":"<p>The <strong>Capackzo Salud y Vermouth Blanco<\/strong> is a <strong>gourmet pack<\/strong> from <strong>Lugo<\/strong>.<\/p>\n<p>An original and exclusive <strong>gourmet pack<\/strong> starring <a href=\"https:\/\/ruralourbano.com\/en\/productores\/vermouth-en\/vermouth-el-riba\/\"><strong>El Riba<\/strong><\/a> white vermouth that will allow you to enjoy an original <strong>vermouth time<\/strong> anywhere and with the best company.<\/p>\n<p>It is a <strong>gourmet experience<\/strong> that fuses the tradition of <strong>Lugo<\/strong> with an avant-garde touch.<\/p>\n<p><strong>Drink differently and celebrate life with attitude!<\/strong><\/p>\n<p>Order your <strong>Capackzo Salud y Vermouth Blanco<\/strong>\u00a0if you are walking the<strong>\u00a0Way of St. James<\/strong>.<\/p>\n<p>The <strong>Capackzo Salud y Vermouth Blanco<\/strong>\u00a0is an original proposal of<strong> gastronomy of the\u00a0French Way<\/strong>. If you are a pilgrim we deliver it by hand at any location of the stage between Sarria and Portomarin so you can enjoy it as a\u00a0<strong>picnic<\/strong>.<\/p>\n<p>With the <strong>Capackzo Salud y Vermouth Blanco<\/strong> you will receive:<\/p>\n<ul>\n<li><a href=\"https:\/\/ruralourbano.com\/en\/producto\/vermouth-blanco-el-riba\/\"><strong>1 Vermouth blanco El Riba<\/strong><\/a><\/li>\n<li><a href=\"https:\/\/ruralourbano.com\/en\/producto\/taza-verde-met\u00e1lica-vintage\/\"><strong>2 Taza verde met\u00e1lica vintage<\/strong><\/a><\/li>\n<li><a href=\"https:\/\/ruralourbano.com\/en\/producto\/palm-basket\/\"><strong>1 Capazo de palma<\/strong><\/a><\/li>\n<\/ul>\n<p><strong>Vermouth El Riba,\u00a0<\/strong><em><strong>\u201cThe vermouth we drink in Lugo\u201d.<\/strong><\/em><\/p>\n<p>But if you are more of a red vermouth drinker, we suggest our <strong><a href=\"https:\/\/ruralourbano.com\/en\/producto\/capackzo-salud-y-vermouth-cl\u00e1sico\/\">Capackzo Salud y Vermouth Cl\u00e1sico<\/a>.<\/strong><\/p>\n<p>Our<strong>\u00a0<\/strong><a href=\"\/?product_cat=rural-o-urbano-capackzos\"><strong>Rural o Urbano Capackzos<\/strong><\/a>\u00a0are the ideal choice if you want to make a thank you gift or give a small present to someone you appreciate in an exclusive and original way.<\/p>\n<p><strong>Shipments only to mainland Spain | Buy selected Galician gourmet product and exclusive lifestyle<\/strong><\/p>\n","protected":false},"featured_media":8440,"comment_status":"open","ping_status":"closed","template":"","meta":{"inline_featured_image":false},"product_brand":[],"product_cat":[1138,745,169],"product_tag":[547,848,862],"class_list":{"0":"post-8437","1":"product","2":"type-product","3":"status-publish","4":"has-post-thumbnail","6":"product_cat-capackzos-rural-o-urbano","7":"product_cat-companies","8":"product_cat-winery","9":"product_tag-capackzos-rural-o-urbano-en","10":"product_tag-el-riba-en","11":"product_tag-pack-gourmet-en","13":"first","14":"instock","15":"taxable","16":"shipping-taxable","17":"purchasable","18":"product-type-simple"},"_links":{"self":[{"href":"https:\/\/ruralourbano.com\/en\/wp-json\/wp\/v2\/product\/8437","targetHints":{"allow":["GET"]}}],"collection":[{"href":"https:\/\/ruralourbano.com\/en\/wp-json\/wp\/v2\/product"}],"about":[{"href":"https:\/\/ruralourbano.com\/en\/wp-json\/wp\/v2\/types\/product"}],"replies":[{"embeddable":true,"href":"https:\/\/ruralourbano.com\/en\/wp-json\/wp\/v2\/comments?post=8437"}],"wp:featuredmedia":[{"embeddable":true,"href":"https:\/\/ruralourbano.com\/en\/wp-json\/wp\/v2\/media\/8440"}],"wp:attachment":[{"href":"https:\/\/ruralourbano.com\/en\/wp-json\/wp\/v2\/media?parent=8437"}],"wp:term":[{"taxonomy":"product_brand","embeddable":true,"href":"https:\/\/ruralourbano.com\/en\/wp-json\/wp\/v2\/product_brand?post=8437"},{"taxonomy":"product_cat","embeddable":true,"href":"https:\/\/ruralourbano.com\/en\/wp-json\/wp\/v2\/product_cat?post=8437"},{"taxonomy":"product_tag","embeddable":true,"href":"https:\/\/ruralourbano.com\/en\/wp-json\/wp\/v2\/product_tag?post=8437"}],"curies":[{"name":"wp","href":"https:\/\/api.w.org\/{rel}","templated":true}]}}