{"id":8698,"date":"2023-09-04T17:58:59","date_gmt":"2023-09-04T15:58:59","guid":{"rendered":"https:\/\/164.92.128.162\/?post_type=product&#038;p=8698"},"modified":"2025-03-11T22:36:25","modified_gmt":"2025-03-11T21:36:25","slug":"queso-mini-neboa-ganderia-quintian-350g","status":"publish","type":"product","link":"https:\/\/ruralourbano.com\/en\/producto\/queso-mini-neboa-ganderia-quintian-350g\/","title":{"rendered":"Queso Mini N\u00e9boa Gander\u00eda Quinti\u00e1n 350g"},"content":{"rendered":"<p><strong>Description:<\/strong><\/p>\n<ul>\n<li><strong>Queso mini N\u00e9boa Gander\u00eda Quinti\u00e1n 350g<\/strong> is a cheese from<strong> Lugo<\/strong> elaborated by <a href=\"https:\/\/ruralourbano.com\/en\/productores\/cheeses\/ganderia-quintian\/\"><strong>Gander\u00eda Quinti\u00e1n<\/strong><\/a>.<\/li>\n<\/ul>\n<p><strong>Type of cheese:<\/strong><\/p>\n<ul>\n<li>Handmade <strong>gourmet cheese<\/strong> with raw cow&#8217;s milk, brie type.<\/li>\n<li>Earthy and fungal aromas, mouldy texture.<\/li>\n<li>Natural, edible rind.<\/li>\n<\/ul>\n<p><strong>Ripening:<\/strong><\/p>\n<ul>\n<li>In underground cellar.<\/li>\n<li>The cheeses are turned by hand one by one until they acquire the texture and character that identify them.<\/li>\n<\/ul>\n<p><strong>Ingredients:<\/strong><\/p>\n<ul>\n<li>N\u00e9boa: raw cow&#8217;s <strong>MILK<\/strong>, animal rennet, salt.<\/li>\n<\/ul>\n<p><strong>Combination suggestions:<\/strong><\/p>\n<ul>\n<li><strong><a href=\"https:\/\/ruralourbano.com\/en\/producto\/vermouth-cl\u00e1sico-el-riba\/\">Vermouth cl\u00e1sico El Riba<\/a><\/strong><\/li>\n<li><a href=\"https:\/\/ruralourbano.com\/en\/producto\/ribada-seleccion-mencia-barrica\/\"><strong>Ribada Selecci\u00f3n Menc\u00eda barrica<\/strong><\/a><\/li>\n<li><a href=\"https:\/\/ruralourbano.com\/en\/producto\/patatotas-bolsa-mini-44g\/\"><strong>Patatotas bolsa mini 44g<\/strong><\/a><\/li>\n<\/ul>\n<p><strong>Tasting recommendation:<\/strong><\/p>\n<ul>\n<li>Before tasting, let the cheese acquire their best condition and texture by keeping it at room temperature for at least half an hour.<\/li>\n<\/ul>\n","protected":false},"excerpt":{"rendered":"<p><strong>Queso mini N\u00e9boa Gander\u00eda Quinti\u00e1n 350g<\/strong>\u00a0is a <strong>gourmet product<\/strong> handmade at <a href=\"https:\/\/ruralourbano.com\/en\/productores\/cheeses\/ganderia-quintian\/\"><strong>Gander\u00eda Quinti\u00e1n<\/strong><\/a>\u00a0in the rural village of Quinti\u00e1n (Municipality of O P\u00e1ramo, <strong>Lugo<\/strong>).<\/p>\n<p>A world-renowned <strong>gourmet cheese<\/strong> that is created with passion and expertise, offering a unique <strong>gastronomic experience<\/strong> that captivates the most demanding cheesemongering palates.<\/p>\n<p><strong>Its &#8220;mini&#8221; format makes it even more special<\/strong>; its size is perfect for transporting it and tasting it on different occasions such as a <strong>picnic<\/strong>, a light snack or a vermouth.<\/p>\n<p>This is a soft <strong>gourmet cheese<\/strong> made from raw cow&#8217;s milk. It is characterised by its hints of damp earth, mushrooms and notes of cream. Mouldy and velvety rind, 100% natural and edible. Creamy texture. Typology: Brie cheese. A cheese with character, ideal for food pairing.<\/p>\n<p><strong>Silver medal awarded at the World Cheese Awards 2023.<\/strong><\/p>\n<p><strong>Gourmet gastronomic product from Lugo.<\/strong><\/p>\n<p>Discover <a href=\"https:\/\/ruralourbano.com\/en\/producto\/queso-agarimo-ganderia-quintian-550g\/\"><strong>Agarimo Cheese<\/strong><\/a>, and remember the taste of a cheese of yesteryear.<\/p>\n<p>Enjoy an original gastronomic experience with our <a href=\"https:\/\/ruralourbano.com\/en\/producto\/capackzo-piscolabis-gourmet\/\"><strong>Capackzo Piscolabis Gourmet<\/strong><\/a><strong>.<\/strong><\/p>\n<p><strong>Shipments only to the peninsula | Buy selected Galician gourmet product and exclusive lifestyle<\/strong><\/p>\n","protected":false},"featured_media":8705,"comment_status":"open","ping_status":"closed","template":"","meta":{"inline_featured_image":false},"product_brand":[],"product_cat":[113],"product_tag":[670,936,822,823],"class_list":{"0":"post-8698","1":"product","2":"type-product","3":"status-publish","4":"has-post-thumbnail","6":"product_cat-savoury","7":"product_tag-ganderia-quintian-en","8":"product_tag-lugo-en","9":"product_tag-picnic-en","10":"product_tag-world-cheese-awards-2023-en","12":"first","13":"instock","14":"taxable","15":"shipping-taxable","16":"purchasable","17":"product-type-simple"},"_links":{"self":[{"href":"https:\/\/ruralourbano.com\/en\/wp-json\/wp\/v2\/product\/8698","targetHints":{"allow":["GET"]}}],"collection":[{"href":"https:\/\/ruralourbano.com\/en\/wp-json\/wp\/v2\/product"}],"about":[{"href":"https:\/\/ruralourbano.com\/en\/wp-json\/wp\/v2\/types\/product"}],"replies":[{"embeddable":true,"href":"https:\/\/ruralourbano.com\/en\/wp-json\/wp\/v2\/comments?post=8698"}],"wp:featuredmedia":[{"embeddable":true,"href":"https:\/\/ruralourbano.com\/en\/wp-json\/wp\/v2\/media\/8705"}],"wp:attachment":[{"href":"https:\/\/ruralourbano.com\/en\/wp-json\/wp\/v2\/media?parent=8698"}],"wp:term":[{"taxonomy":"product_brand","embeddable":true,"href":"https:\/\/ruralourbano.com\/en\/wp-json\/wp\/v2\/product_brand?post=8698"},{"taxonomy":"product_cat","embeddable":true,"href":"https:\/\/ruralourbano.com\/en\/wp-json\/wp\/v2\/product_cat?post=8698"},{"taxonomy":"product_tag","embeddable":true,"href":"https:\/\/ruralourbano.com\/en\/wp-json\/wp\/v2\/product_tag?post=8698"}],"curies":[{"name":"wp","href":"https:\/\/api.w.org\/{rel}","templated":true}]}}