{"id":8710,"date":"2023-09-04T22:14:29","date_gmt":"2023-09-04T20:14:30","guid":{"rendered":"https:\/\/164.92.128.162\/?post_type=product&#038;p=8710"},"modified":"2025-03-12T00:59:30","modified_gmt":"2025-03-11T23:59:30","slug":"capackzo-pobre-tolo-gourmet","status":"publish","type":"product","link":"https:\/\/ruralourbano.com\/en\/producto\/capackzo-pobre-tolo-gourmet\/","title":{"rendered":"Capackzo Pobre Tolo Gourmet"},"content":{"rendered":"<p><strong>Description:<\/strong><\/p>\n<p>The<strong> Capackzo Pobre Tolo Gourmet<\/strong>\u00a0is a<strong> gourmet pack<\/strong> packed in a palm basket consisting of:<\/p>\n<ul>\n<li><a href=\"https:\/\/ruralourbano.com\/en\/producto\/vino-tinto-pobre-tolo\/\"><strong>1 Vino tinto Pobre Tolo <\/strong><\/a><\/li>\n<li><a href=\"https:\/\/ruralourbano.com\/en\/producto\/taza-verde-met\u00e1lica-vintage\/\"><strong>2 Taza verde met\u00e1lica vintage<\/strong><\/a><\/li>\n<li><a href=\"https:\/\/ruralourbano.com\/en\/producto\/palm-basket\/\"><strong>1 Palm basket<\/strong><\/a><\/li>\n<\/ul>\n<p><strong>Combination suggestions:<\/strong><\/p>\n<ul>\n<li><strong><a href=\"https:\/\/ruralourbano.com\/en\/producto\/queso-mini-neboa-ganderia-quintian-350g\/\">Queso mini N\u00e9boa cheese Gander\u00eda Quinti\u00e1n 350g<\/a><\/strong><\/li>\n<li><a href=\"https:\/\/ruralourbano.com\/en\/producto\/pulpo-en-aceite-de-oliva-virgen-extra-currimar-100g\/\"><strong>Pulpo en aceite de oliva virgen extra Currimar 100g<\/strong><\/a><\/li>\n<\/ul>\n<p><strong>Recommendation:<\/strong><\/p>\n<ul>\n<li>Serve <strong>Pobre Tolo menc\u00eda red wine<\/strong> between 6\u00baC and 10\u00baC.<\/li>\n<li>Do not use these cups in the microwave.<\/li>\n<li>The cups are dishwasher safe.<\/li>\n<\/ul>\n","protected":false},"excerpt":{"rendered":"<p>The <strong>Capackzo Pobre Tolo Gourmet<\/strong>\u00a0is a <strong>gourmet pack<\/strong> from <strong>Lugo<\/strong>.<\/p>\n<p>An original and exclusive <strong>gourmet pack<\/strong> starring our admired <strong>young red wine menc\u00eda grape variety Pobre Tolo D.O Ribeira Sacra<\/strong> produced by <strong>Bodega Ribada<\/strong> and two of our fun <a href=\"https:\/\/ruralourbano.com\/en\/producto\/taza-verde-met\u00e1lica-vintage\"><strong>vintage green metallic mugs<\/strong><\/a>.<\/p>\n<p>Have a different kind of smile and celebrate life with attitude!<\/p>\n<p>Order your <strong>Capackzo Pobre Tolo Gourmet<\/strong>\u00a0if you are walking the<strong>\u00a0Way of St. James<\/strong>.<\/p>\n<p>The <strong>Capackzo Pobre Tolo Gourmet<\/strong>\u00a0is an original proposal of <strong>gastronomy of the\u00a0French Way<\/strong>. If you are a pilgrim we deliver it by hand at any location of the stage between Sarria and Portomarin so you can enjoy it as a\u00a0<strong>picnic<\/strong>.<\/p>\n<p>With the <strong>Capackzo Pobre Tolo Gourmet<\/strong>\u00a0you will receive:<\/p>\n<ul>\n<li><a href=\"https:\/\/ruralourbano.com\/en\/producto\/vino-tinto-pobre-tolo\/\"><strong>1 Vino tinto Pobre Tolo <\/strong><\/a><\/li>\n<li><a href=\"https:\/\/ruralourbano.com\/en\/producto\/taza-verde-met\u00e1lica-vintage\/\"><strong>2 Taza verde met\u00e1lica vintage<\/strong><\/a><\/li>\n<li><a href=\"https:\/\/ruralourbano.com\/en\/producto\/palm-basket\/\"><strong>1 Palm basket<\/strong><\/a><\/li>\n<\/ul>\n<p>Our\u00a0<a href=\"https:\/\/ruralourbano.com\/en\/cat\/rural-o-urbano-capackzos\/\"><strong>Rural o Urbano Capackzos<\/strong><\/a>\u00a0are the ideal choice if you want to give a thank you gift or a small present to someone you appreciate in an original and exclusive way.<\/p>\n<p><strong>Shipments only to the peninsula | Buy selected Galician gourmet product and exclusive lifestyle<\/strong><\/p>\n","protected":false},"featured_media":8713,"comment_status":"open","ping_status":"closed","template":"","meta":{"inline_featured_image":false},"product_brand":[],"product_cat":[1138,745,169],"product_tag":[547,817,862,822],"class_list":{"0":"post-8710","1":"product","2":"type-product","3":"status-publish","4":"has-post-thumbnail","6":"product_cat-capackzos-rural-o-urbano","7":"product_cat-companies","8":"product_cat-winery","9":"product_tag-capackzos-rural-o-urbano-en","10":"product_tag-d-o-ribeira-sacra-en","11":"product_tag-pack-gourmet-en","12":"product_tag-picnic-en","14":"first","15":"instock","16":"taxable","17":"shipping-taxable","18":"purchasable","19":"product-type-simple"},"_links":{"self":[{"href":"https:\/\/ruralourbano.com\/en\/wp-json\/wp\/v2\/product\/8710","targetHints":{"allow":["GET"]}}],"collection":[{"href":"https:\/\/ruralourbano.com\/en\/wp-json\/wp\/v2\/product"}],"about":[{"href":"https:\/\/ruralourbano.com\/en\/wp-json\/wp\/v2\/types\/product"}],"replies":[{"embeddable":true,"href":"https:\/\/ruralourbano.com\/en\/wp-json\/wp\/v2\/comments?post=8710"}],"wp:featuredmedia":[{"embeddable":true,"href":"https:\/\/ruralourbano.com\/en\/wp-json\/wp\/v2\/media\/8713"}],"wp:attachment":[{"href":"https:\/\/ruralourbano.com\/en\/wp-json\/wp\/v2\/media?parent=8710"}],"wp:term":[{"taxonomy":"product_brand","embeddable":true,"href":"https:\/\/ruralourbano.com\/en\/wp-json\/wp\/v2\/product_brand?post=8710"},{"taxonomy":"product_cat","embeddable":true,"href":"https:\/\/ruralourbano.com\/en\/wp-json\/wp\/v2\/product_cat?post=8710"},{"taxonomy":"product_tag","embeddable":true,"href":"https:\/\/ruralourbano.com\/en\/wp-json\/wp\/v2\/product_tag?post=8710"}],"curies":[{"name":"wp","href":"https:\/\/api.w.org\/{rel}","templated":true}]}}