{"id":8716,"date":"2023-09-05T19:09:38","date_gmt":"2023-09-05T17:09:38","guid":{"rendered":"https:\/\/164.92.128.162\/?post_type=product&#038;p=8716"},"modified":"2026-01-27T23:51:33","modified_gmt":"2026-01-27T22:51:33","slug":"ribada-seleccion-mencia-rosado","status":"publish","type":"product","link":"https:\/\/ruralourbano.com\/en\/producto\/ribada-seleccion-mencia-rosado\/","title":{"rendered":"Ribada Selecci\u00f3n Menc\u00eda rosado"},"content":{"rendered":"<p><a href=\"https:\/\/ruralourbano.com\/en\/productores\/vinos-en\/bodega-ribada\/\"><strong>Bodega Ribada<\/strong><\/a> was founded in 2005, although the family tradition dates back several generations. Meticulous care is taken to ensure the best fruit is produced, thereby obtaining the best wine.<\/p>\n<p>The vineyards of <a href=\"https:\/\/ruralourbano.com\/en\/productores\/vinos-en\/bodega-ribada\/\"><strong>Bodega Ribada<\/strong><\/a> belong to the Ribeira Sacra D.O. (Chantada subzone). Here, the vines are grown on terraces, with slopes of up to 80%. These vineyards are classified as \u2018mountain\u2019 vineyards. The work is done manually, as mechanisation is impossible.<\/p>\n<div>\n<p><strong>Description Ribada Selecci\u00f3n Menc\u00eda rosado wine:<\/strong><\/p>\n<ul>\n<li><strong>D.O Ribeira Sacra<\/strong><\/li>\n<li><strong>Ros\u00e9 wine<\/strong><\/li>\n<li>Menc\u00eda grape variety 100%<\/li>\n<li>Bottle 75cl<\/li>\n<li>Alcoholic strength 14.00% vol<\/li>\n<li>Oenologist: Iria Otero Mazoy<\/li>\n<li>Consumption: from1 to 3 years<\/li>\n<li>Limited production. Vintage 2021<\/li>\n<li>Allergens: contains sulphites<\/li>\n<\/ul>\n<p><strong>Composition:<\/strong><\/p>\n<ul>\n<li>Harvested by hand in crates. After a 24-hour maceration, the must is bled and fermented, without skins, in stainless steel tanks for 12 days at a controlled temperature. Once the fermentation is finished, the wine remains on its lees for 4 months, resulting in a fresh and enveloping structured wine.<\/li>\n<\/ul>\n<div>\n<p><strong>Combination suggestions:<\/strong><\/p>\n<ul>\n<li><a href=\"https:\/\/ruralourbano.com\/en\/producto\/queso-neboa-ganderia-quintian-650g\/\"><strong>Queso N\u00e9boa Gander\u00eda Quinti\u00e1n 650g<\/strong><\/a><\/li>\n<li><a href=\"https:\/\/ruralourbano.com\/en\/producto\/queso-agarimo-ganderia-quintian-550g\/\"><strong>Queso Agarimo Gander\u00eda Quinti\u00e1n 550g<\/strong><\/a><\/li>\n<\/ul>\n<div>\n<p><strong>Recommendation:<\/strong><\/p>\n<ul>\n<li>Serve between 10\u00baC and 12\u00baC.<\/li>\n<\/ul>\n<\/div>\n<\/div>\n<\/div>\n","protected":false},"excerpt":{"rendered":"<p><strong>Ribada Selecci\u00f3n Menc\u00eda Rosado<\/strong> is a <strong>ros\u00e9 wine<\/strong> from Lugo produced at <a href=\"https:\/\/ruralourbano.com\/en\/productores\/vinos-en\/bodega-ribada\/\"><strong>Bodega Ribada<\/strong><\/a>\u00a0located in San Fiz (Chantada, <strong>Lugo<\/strong>).<\/p>\n<p>Discover freshness and sophistication in every sip with this <strong>ros\u00e9 wine<\/strong> made on the majestic slopes of the <strong>Ribeira Sacra<\/strong>.<\/p>\n<p>Made with selected grapes, it is the ideal companion for tapas, seafood and special moments.<\/p>\n<p><strong>Bright cherry red in colour<\/strong> with medium depth, the nose reveals notes of red fruit, balsamic nuances and floral and citrus hints. On the palate, it is a fresh, long and balanced wine, ideal for enjoying with appetisers, light meals or special occasions.<\/p>\n<p>A <strong>ros\u00e9 wine<\/strong> with Galician identity, perfect for those looking for an elegant, <strong>expressive and gastronomic wine from the Ribeira Sacra<\/strong>.<\/p>\n<p>Glass stopper with a vinyl ethyl acetate ring that gives the sensation of being part of the bottle itself. Absolutely taste neutral closure. Reusable stopper.<\/p>\n<p><strong>Ros\u00e9 wine D.O Ribeira Sacra.<\/strong><\/p>\n<p><strong>Menc\u00eda grape variety 100%.<\/strong><\/p>\n<p><strong>Alcoholic content 14.00 Vol.<\/strong><\/p>\n<p><strong>Bottle 75cl. Sophisticated and elegant design.<\/strong><\/p>\n<p><strong>Gourmet gastronomic product from Lugo.<\/strong><\/p>\n<p>Discover our <a href=\"https:\/\/ruralourbano.com\/en\/producto\/capackzo-maridaje-rosado-gourmet\/\"><strong>Capackzo Maridaje Rosado Gourmet<\/strong><\/a>.<\/p>\n<p><strong>Shipments only to the peninsula | Buy selected Galician gourmet product and exclusive lifestyle\u00a0<\/strong><\/p>\n","protected":false},"featured_media":8722,"comment_status":"open","ping_status":"closed","template":"","meta":{"inline_featured_image":false},"product_brand":[],"product_cat":[745,169],"product_tag":[884,817,638,936,689],"class_list":{"0":"post-8716","1":"product","2":"type-product","3":"status-publish","4":"has-post-thumbnail","6":"product_cat-companies","7":"product_cat-winery","8":"product_tag-bodega-ribada-en","9":"product_tag-d-o-ribeira-sacra-en","10":"product_tag-gourmet-en","11":"product_tag-lugo-en","12":"product_tag-ribeira-sacra-en","14":"first","15":"instock","16":"taxable","17":"shipping-taxable","18":"purchasable","19":"product-type-simple"},"_links":{"self":[{"href":"https:\/\/ruralourbano.com\/en\/wp-json\/wp\/v2\/product\/8716","targetHints":{"allow":["GET"]}}],"collection":[{"href":"https:\/\/ruralourbano.com\/en\/wp-json\/wp\/v2\/product"}],"about":[{"href":"https:\/\/ruralourbano.com\/en\/wp-json\/wp\/v2\/types\/product"}],"replies":[{"embeddable":true,"href":"https:\/\/ruralourbano.com\/en\/wp-json\/wp\/v2\/comments?post=8716"}],"wp:featuredmedia":[{"embeddable":true,"href":"https:\/\/ruralourbano.com\/en\/wp-json\/wp\/v2\/media\/8722"}],"wp:attachment":[{"href":"https:\/\/ruralourbano.com\/en\/wp-json\/wp\/v2\/media?parent=8716"}],"wp:term":[{"taxonomy":"product_brand","embeddable":true,"href":"https:\/\/ruralourbano.com\/en\/wp-json\/wp\/v2\/product_brand?post=8716"},{"taxonomy":"product_cat","embeddable":true,"href":"https:\/\/ruralourbano.com\/en\/wp-json\/wp\/v2\/product_cat?post=8716"},{"taxonomy":"product_tag","embeddable":true,"href":"https:\/\/ruralourbano.com\/en\/wp-json\/wp\/v2\/product_tag?post=8716"}],"curies":[{"name":"wp","href":"https:\/\/api.w.org\/{rel}","templated":true}]}}