{"id":8732,"date":"2023-09-10T20:43:19","date_gmt":"2023-09-10T18:43:19","guid":{"rendered":"https:\/\/164.92.128.162\/?post_type=product&#038;p=8732"},"modified":"2026-01-13T23:29:23","modified_gmt":"2026-01-13T22:29:23","slug":"capackzo-trio-quintian-gourmet","status":"publish","type":"product","link":"https:\/\/ruralourbano.com\/en\/producto\/capackzo-trio-quintian-gourmet\/","title":{"rendered":"Capackzo Tr\u00edo Quinti\u00e1n Gourmet"},"content":{"rendered":"<p><strong>Description:<\/strong><\/p>\n<p>The <strong>Capackzo Tr\u00edo Quinti\u00e1n Gourmet <\/strong>is a <strong>gourmet pack<\/strong> packed in a mini palm basket consisting of:<\/p>\n<ul>\n<li><a href=\"https:\/\/ruralourbano.com\/en\/producto\/queso-mini-neboa-ganderia-quintian-350g\/\"><strong>1 Queso Mini N\u00e9boa Gander\u00eda Quinit\u00e1n 350g<\/strong><\/a><\/li>\n<li><a href=\"https:\/\/ruralourbano.com\/en\/producto\/queso-agarimo-ganderia-quintian-550g\/\"><strong>1 Queso Agarimo Gander\u00eda Quinti\u00e1n 550g<\/strong><\/a><\/li>\n<li><a href=\"https:\/\/ruralourbano.com\/en\/producto\/queso-mourelo-ganderia-quintian-500g\/\"><strong>1 Queso Mourelo Gander\u00eda Quinti\u00e1n 500g<\/strong><\/a><\/li>\n<li><strong><a href=\"https:\/\/ruralourbano.com\/en\/producto\/conical-palm-basket\/\">1 Capazo de palma c\u00f3nico<\/a><\/strong><\/li>\n<\/ul>\n<p><strong>Important information:<\/strong><\/p>\n<ul>\n<li>Before tasting, allow the cheeses to reach their optimal condition and texture by keeping them at room temperature for at least half an hour.<\/li>\n<\/ul>\n<p><strong>Care of palm basket:<\/strong><\/p>\n<ul>\n<li>When not in use, store it in a space where nothing will deform it.<\/li>\n<li>We recommend storing it in a dust bag.<\/li>\n<li>In case of stains, wipe with a damp cloth as soon as possible.<\/li>\n<\/ul>\n","protected":false},"excerpt":{"rendered":"<p>Our <strong>Capackzo Tr\u00edo Quinti\u00e1n Gourmet<\/strong> is a <strong>gourmet pack<\/strong> from<strong> Lugo<\/strong>.<\/p>\n<p>The exclusive <strong>Capackzo Tr\u00edo Quinti\u00e1n Gourmet<\/strong> is the perfect combination for lovers of high-quality artisan cheese. Create a fabulous gastronomic platter with cheeses from <strong><a href=\"https:\/\/ruralourbano.com\/en\/productores\/cheeses\/ganderia-quintian\/\">Gander\u00eda Quinti\u00e1n<\/a><\/strong> and other foods to pair them with and&#8230; surprise all your guests!<\/p>\n<p>Order your <strong>Capackzo Tr\u00edo Quinti\u00e1n Gourmet<\/strong> if you are walking the<strong>\u00a0Way of St. James<\/strong>.<\/p>\n<p>The <strong>Capackzo Tr\u00edo Quinti\u00e1n Gourmet<\/strong> \u00a0is an original proposal of <strong>gastronomy of the\u00a0French Way<\/strong>. If you are a pilgrim we deliver it by hand at any location of the stage between Sarria and Portomarin so you can enjoy it as a\u00a0<strong>picnic<\/strong>.<\/p>\n<p>With<strong> Capackzo Tr\u00edo Quinti\u00e1n Gourmet <\/strong>\u00a0you will receive:<\/p>\n<ul>\n<li><a href=\"https:\/\/ruralourbano.com\/en\/producto\/queso-mini-neboa-ganderia-quintian-350g\/\"><strong>1 Queso Mini N\u00e9boa Gander\u00eda Quinit\u00e1n 350g<\/strong><\/a><\/li>\n<li><a href=\"https:\/\/ruralourbano.com\/en\/producto\/queso-agarimo-ganderia-quintian-550g\/\"><strong>1 Queso Agarimo Gander\u00eda Quinti\u00e1n 550g<\/strong><\/a><\/li>\n<li><a href=\"https:\/\/ruralourbano.com\/en\/producto\/queso-mourelo-ganderia-quintian-500g\/\"><strong>1 Queso Mourelo Gander\u00eda Quinti\u00e1n 500g<\/strong><\/a><\/li>\n<li><strong><a href=\"https:\/\/ruralourbano.com\/en\/producto\/conical-palm-basket\/\">1 Capazo de palma c\u00f3nico<\/a><\/strong><\/li>\n<\/ul>\n<p>Our mini<strong style=\"color: #555555;\">\u00a0<a href=\"https:\/\/ruralourbano.com\/en\/cat\/capackzos-rural-o-urbano\/\">Rural o Urbano Capackzos<\/a><\/strong><span style=\"color: #555555;\">\u00a0are the ideal choice if you want to make a thank you gift or give a small present to someone you appreciate in an exclusive and original way.<\/span><\/p>\n<p><strong>Shipments only to the peninsula | Buy selected Galician gourmet product and exclusive lifestyle<\/strong><\/p>\n","protected":false},"featured_media":12541,"comment_status":"open","ping_status":"closed","template":"","meta":{"inline_featured_image":false},"product_brand":[],"product_cat":[1138,745,113],"product_tag":[547,936,862,822],"class_list":{"0":"post-8732","1":"product","2":"type-product","3":"status-publish","4":"has-post-thumbnail","6":"product_cat-capackzos-rural-o-urbano","7":"product_cat-companies","8":"product_cat-savoury","9":"product_tag-capackzos-rural-o-urbano-en","10":"product_tag-lugo-en","11":"product_tag-pack-gourmet-en","12":"product_tag-picnic-en","14":"first","15":"instock","16":"taxable","17":"shipping-taxable","18":"purchasable","19":"product-type-simple"},"_links":{"self":[{"href":"https:\/\/ruralourbano.com\/en\/wp-json\/wp\/v2\/product\/8732","targetHints":{"allow":["GET"]}}],"collection":[{"href":"https:\/\/ruralourbano.com\/en\/wp-json\/wp\/v2\/product"}],"about":[{"href":"https:\/\/ruralourbano.com\/en\/wp-json\/wp\/v2\/types\/product"}],"replies":[{"embeddable":true,"href":"https:\/\/ruralourbano.com\/en\/wp-json\/wp\/v2\/comments?post=8732"}],"wp:featuredmedia":[{"embeddable":true,"href":"https:\/\/ruralourbano.com\/en\/wp-json\/wp\/v2\/media\/12541"}],"wp:attachment":[{"href":"https:\/\/ruralourbano.com\/en\/wp-json\/wp\/v2\/media?parent=8732"}],"wp:term":[{"taxonomy":"product_brand","embeddable":true,"href":"https:\/\/ruralourbano.com\/en\/wp-json\/wp\/v2\/product_brand?post=8732"},{"taxonomy":"product_cat","embeddable":true,"href":"https:\/\/ruralourbano.com\/en\/wp-json\/wp\/v2\/product_cat?post=8732"},{"taxonomy":"product_tag","embeddable":true,"href":"https:\/\/ruralourbano.com\/en\/wp-json\/wp\/v2\/product_tag?post=8732"}],"curies":[{"name":"wp","href":"https:\/\/api.w.org\/{rel}","templated":true}]}}