{"id":8844,"date":"2023-09-15T16:30:09","date_gmt":"2023-09-15T14:30:09","guid":{"rendered":"https:\/\/164.92.128.162\/?post_type=product&#038;p=8844"},"modified":"2026-01-26T20:36:39","modified_gmt":"2026-01-26T19:36:39","slug":"pack-vermouth-vaya-par-gourmet","status":"publish","type":"product","link":"https:\/\/ruralourbano.com\/en\/producto\/pack-vermouth-vaya-par-gourmet\/","title":{"rendered":"Pack Vermouth Vaya Par Gourmet"},"content":{"rendered":"<div><a href=\"https:\/\/ruralourbano.com\/en\/productores\/vermouth-en\/vermouth-el-riba\/\"><strong>El Riba<\/strong><\/a> <strong>vermouths<\/strong> are the brainchild of Emilio Mart\u00ednez, owner of the famous restaurant in Lugo that bears the same name as this drink, <a href=\"https:\/\/ruralourbano.com\/en\/productores\/vermouth-en\/vermouth-el-riba\/\"><strong>El Riba<\/strong><\/a> (located in Praza do Campo, 12 in the historic centre of the city of <strong>Lugo<\/strong>).<\/div>\n<div><\/div>\n<div>The <strong>Pack Vermouth Vaya Par Gourmet<\/strong> is a gourmet pack consisting of:<\/div>\n<ul>\n<li><a href=\"https:\/\/ruralourbano.com\/en\/producto\/vermouth-clasico-el-riba\/\"><strong>1 Vermouth Cl\u00e1sico El Riba<\/strong><\/a><\/li>\n<li><a href=\"https:\/\/ruralourbano.com\/en\/producto\/vermouth-blanco-el-riba\/\"><strong>1 Vermouth Blanco El Riba<\/strong><\/a><\/li>\n<\/ul>\n<div><strong>Combination suggestions:<\/strong><\/div>\n<ul>\n<li><a href=\"https:\/\/ruralourbano.com\/en\/producto\/queso-neboa-ganderia-quintian-650g\/\"><strong>Queso N\u00e9boa Gander\u00eda Quinti\u00e1n 650g<\/strong><\/a><\/li>\n<li><a href=\"https:\/\/ruralourbano.com\/en\/producto\/queso-agarimo-ganderia-quintian-550g\/\"><strong>Queso Agarimo Gander\u00eda Quinti\u00e1n 550g<\/strong><\/a><\/li>\n<li><a href=\"https:\/\/ruralourbano.com\/en\/producto\/patatotas-bolsa-mini-44g\/\"><strong>Patatotas bolsa mini 44g<\/strong><\/a><\/li>\n<\/ul>\n<div><strong>Recommendation:<\/strong><\/div>\n<ul>\n<li>Serve the vermouth between 6\u00baC and 10\u00baC.<\/li>\n<\/ul>\n","protected":false},"excerpt":{"rendered":"<p>Our<strong> Pack Vermouth Vaya Par Gourmet<\/strong> is a<strong> gourmet pack<\/strong> from <strong>Lugo<\/strong>.<\/p>\n<p><a href=\"https:\/\/ruralourbano.com\/en\/productores\/vermouth-en\/vermouth-el-riba\/\"><strong>El Riba<\/strong><\/a> vermouths are a classic par excellence in the city of <strong>Lugo<\/strong>. Don&#8217;t enjoy just one <strong>vermouth<\/strong>,<strong> if you can enjoy both!<\/strong><\/p>\n<p>Both varieties are a real gem for lovers of good<strong> vermouth<\/strong>.<\/p>\n<p><strong>El Riba, \u201cThe vermouth we drink in Lugo\u201d.<\/strong><\/p>\n<p>With the <strong>Pack Vaya Par Gourmet<\/strong> you will receive:<\/p>\n<ul>\n<li><a href=\"https:\/\/ruralourbano.com\/en\/producto\/vermouth-clasico-el-riba\/\"><strong>1 Vermouth Cl\u00e1sico El Riba<\/strong><\/a><\/li>\n<li><a href=\"https:\/\/ruralourbano.com\/en\/producto\/vermouth-blanco-el-riba\/\"><strong>1 Vermouth Blanco El Riba<\/strong><\/a><\/li>\n<\/ul>\n<p>Discover <a href=\"https:\/\/ruralourbano.com\/en\/producto\/crema-de-cafe-el-riba\/\"><strong>Crema de Caf\u00e9 El Riba<\/strong><\/a> and <a href=\"https:\/\/ruralourbano.com\/en\/producto\/licor-de-cafe-el-riba\/\"><strong>Licor de Caf\u00e9 El Riba<\/strong><\/a>.<\/p>\n<p><strong>Shipments only to the peninsula | Buy selected Galician gourmet product and exclusive lifestyle<\/strong><\/p>\n","protected":false},"featured_media":12630,"comment_status":"open","ping_status":"closed","template":"","meta":{"inline_featured_image":false},"product_brand":[],"product_cat":[745,169],"product_tag":[848,936,862,1016],"class_list":{"0":"post-8844","1":"product","2":"type-product","3":"status-publish","4":"has-post-thumbnail","6":"product_cat-companies","7":"product_cat-winery","8":"product_tag-el-riba-en","9":"product_tag-lugo-en","10":"product_tag-pack-gourmet-en","11":"product_tag-vermouth-en","13":"first","14":"instock","15":"taxable","16":"shipping-taxable","17":"purchasable","18":"product-type-simple"},"_links":{"self":[{"href":"https:\/\/ruralourbano.com\/en\/wp-json\/wp\/v2\/product\/8844","targetHints":{"allow":["GET"]}}],"collection":[{"href":"https:\/\/ruralourbano.com\/en\/wp-json\/wp\/v2\/product"}],"about":[{"href":"https:\/\/ruralourbano.com\/en\/wp-json\/wp\/v2\/types\/product"}],"replies":[{"embeddable":true,"href":"https:\/\/ruralourbano.com\/en\/wp-json\/wp\/v2\/comments?post=8844"}],"wp:featuredmedia":[{"embeddable":true,"href":"https:\/\/ruralourbano.com\/en\/wp-json\/wp\/v2\/media\/12630"}],"wp:attachment":[{"href":"https:\/\/ruralourbano.com\/en\/wp-json\/wp\/v2\/media?parent=8844"}],"wp:term":[{"taxonomy":"product_brand","embeddable":true,"href":"https:\/\/ruralourbano.com\/en\/wp-json\/wp\/v2\/product_brand?post=8844"},{"taxonomy":"product_cat","embeddable":true,"href":"https:\/\/ruralourbano.com\/en\/wp-json\/wp\/v2\/product_cat?post=8844"},{"taxonomy":"product_tag","embeddable":true,"href":"https:\/\/ruralourbano.com\/en\/wp-json\/wp\/v2\/product_tag?post=8844"}],"curies":[{"name":"wp","href":"https:\/\/api.w.org\/{rel}","templated":true}]}}