{"id":9009,"date":"2023-10-12T16:19:39","date_gmt":"2023-10-12T14:19:40","guid":{"rendered":"https:\/\/164.92.128.162\/?post_type=product&#038;p=9009"},"modified":"2025-02-28T21:16:13","modified_gmt":"2025-02-28T20:16:13","slug":"pack-duo-maridaje-gourmet","status":"publish","type":"product","link":"https:\/\/ruralourbano.com\/en\/producto\/pack-duo-maridaje-gourmet\/","title":{"rendered":"Pack D\u00fao Maridaje Gourmet"},"content":{"rendered":"<div><strong>Description:<\/strong><\/div>\n<div><\/div>\n<div><strong>Pack D\u00fao Maridaje Gourmet <\/strong>is a <strong>gourmet pack<\/strong> that contains:<\/div>\n<ul>\n<li><a href=\"https:\/\/ruralourbano.com\/en\/producto\/ribada-seleccion-mencia-rosado\/\"><strong>1 Ribada Selecci\u00f3n menc\u00eda Rosado<\/strong><\/a><\/li>\n<li><a href=\"https:\/\/ruralourbano.com\/en\/producto\/queso-neboa-ganderia-quintian-650g\/\"><strong>1 Queso N\u00e9boa Gander\u00eda Quinti\u00e1n 650g<\/strong><\/a><\/li>\n<\/ul>\n<div><strong>Recommendations:<\/strong><\/div>\n<ul>\n<li>Serve the wine between 10\u00baC and 12\u00baC.<\/li>\n<li>Store the wine in a cool, dry place.<\/li>\n<li>Before tasting, allow the cheese to reach its best state and texture by keeping it at room temperature for at least half an hour.<\/li>\n<\/ul>\n","protected":false},"excerpt":{"rendered":"<p>Our <strong>Pack D\u00fao Maridaje Gourmet <\/strong>is a <strong>gourmet pack<\/strong> from <strong>Lugo<\/strong>.<\/p>\n<p>The <strong>Pack D\u00fao Maridaje Gourmet<\/strong> is the ideal choice for lovers of select products who are looking for a unique <strong>gastronomic experience<\/strong>.<\/p>\n<p>This exclusive <strong>gourmet pack<\/strong> combines an exquisite ros\u00e9 wine with the unmistakable <a href=\"https:\/\/ruralourbano.com\/en\/producto\/queso-neboa-ganderia-quintian-650g\/\"><strong>N\u00e9boa cheese<\/strong><\/a> from <a href=\"https:\/\/ruralourbano.com\/en\/productores\/cheeses\/ganderia-quintian\/\"><strong>Gander\u00eda Quinti\u00e1n<\/strong><\/a>, <strong>awarded at the World Cheese Awards 2023<\/strong>, the perfect duo to enjoy a balanced and sophisticated flavour pairing.<\/p>\n<p>Order your <strong>Pack D\u00fao Maridaje Gourmet <\/strong>if you are walking the<strong>\u00a0Way of St. James<\/strong>.<\/p>\n<p>The <strong>Pack D\u00fao Maridaje Goumet <\/strong>is an original proposal of gastronomy of the<strong>\u00a0French Way<\/strong>. If you are a pilgrim we deliver it by hand at any location of the stage between Sarria and Portomarin so you can enjoy it as a\u00a0<strong>picnic<\/strong>.<\/p>\n<p>With <strong>Pack D\u00fao Maridaje Gourmet <\/strong>you will receive:<\/p>\n<ul>\n<li><a href=\"https:\/\/ruralourbano.com\/en\/producto\/ribada-seleccion-mencia-rosado\/\"><strong>1 Ribada Selecci\u00f3n menc\u00eda Rosado<\/strong><\/a><\/li>\n<li><a href=\"https:\/\/ruralourbano.com\/en\/producto\/queso-neboa-ganderia-quintian-650g\/\"><strong>1 Queso N\u00e9boa Gander\u00eda Quinti\u00e1n 650g<\/strong><\/a><\/li>\n<\/ul>\n<p>Take a look at our <a href=\"https:\/\/ruralourbano.com\/en\/producto\/capackzo-maridaje-rosado-gourmet\/\"><strong>Capackzo Maridaje Rosado Gourmet<\/strong><\/a>.<\/p>\n<p><strong>Shipments only to mainland Spain | Buy selected Galician gourmet products and exclusive lifestyle<\/strong><\/p>\n","protected":false},"featured_media":9012,"comment_status":"open","ping_status":"closed","template":"","meta":{"inline_featured_image":false},"product_brand":[],"product_cat":[745,169],"product_tag":[936,862,823],"class_list":{"0":"post-9009","1":"product","2":"type-product","3":"status-publish","4":"has-post-thumbnail","6":"product_cat-companies","7":"product_cat-winery","8":"product_tag-lugo-en","9":"product_tag-pack-gourmet-en","10":"product_tag-world-cheese-awards-2023-en","12":"first","13":"instock","14":"taxable","15":"shipping-taxable","16":"purchasable","17":"product-type-simple"},"_links":{"self":[{"href":"https:\/\/ruralourbano.com\/en\/wp-json\/wp\/v2\/product\/9009","targetHints":{"allow":["GET"]}}],"collection":[{"href":"https:\/\/ruralourbano.com\/en\/wp-json\/wp\/v2\/product"}],"about":[{"href":"https:\/\/ruralourbano.com\/en\/wp-json\/wp\/v2\/types\/product"}],"replies":[{"embeddable":true,"href":"https:\/\/ruralourbano.com\/en\/wp-json\/wp\/v2\/comments?post=9009"}],"wp:featuredmedia":[{"embeddable":true,"href":"https:\/\/ruralourbano.com\/en\/wp-json\/wp\/v2\/media\/9012"}],"wp:attachment":[{"href":"https:\/\/ruralourbano.com\/en\/wp-json\/wp\/v2\/media?parent=9009"}],"wp:term":[{"taxonomy":"product_brand","embeddable":true,"href":"https:\/\/ruralourbano.com\/en\/wp-json\/wp\/v2\/product_brand?post=9009"},{"taxonomy":"product_cat","embeddable":true,"href":"https:\/\/ruralourbano.com\/en\/wp-json\/wp\/v2\/product_cat?post=9009"},{"taxonomy":"product_tag","embeddable":true,"href":"https:\/\/ruralourbano.com\/en\/wp-json\/wp\/v2\/product_tag?post=9009"}],"curies":[{"name":"wp","href":"https:\/\/api.w.org\/{rel}","templated":true}]}}