{"id":9017,"date":"2023-10-12T17:12:55","date_gmt":"2023-10-12T15:12:55","guid":{"rendered":"https:\/\/164.92.128.162\/?post_type=product&#038;p=9017"},"modified":"2026-01-29T22:35:46","modified_gmt":"2026-01-29T21:35:46","slug":"capackzo-maridaje-rosado-gourmet","status":"publish","type":"product","link":"https:\/\/ruralourbano.com\/en\/producto\/capackzo-maridaje-rosado-gourmet\/","title":{"rendered":"Capackzo Maridaje Rosado Gourmet"},"content":{"rendered":"<p><strong>Description:<\/strong><\/p>\n<p>The <strong>Capackzo Maridaje Rosado Gourmet<\/strong> is a <strong>gourmet pack<\/strong> packed in a palm basket made up of:<\/p>\n<ul>\n<li><strong><a href=\"https:\/\/ruralourbano.com\/en\/producto\/queso-neboa-ganderia-quintian-650g\/\">1 Queso N\u00e9boa Gander\u00eda Quinti\u00e1n 650g<\/a><\/strong><\/li>\n<li><strong><a href=\"https:\/\/ruralourbano.com\/en\/producto\/queso-agarimo-ganderia-quintian-550g\/\">1 Queso Agarimo Gander\u00eda Quinti\u00e1n 550g<\/a><\/strong><\/li>\n<li><a href=\"https:\/\/ruralourbano.com\/en\/producto\/ribada-seleccion-mencia-rosado\/\"><strong>1 Ribada Selecci\u00f3n menc\u00eda Rosado<\/strong><\/a><\/li>\n<li><a href=\"https:\/\/ruralourbano.com\/en\/producto\/palm-basket\/\"><strong>1 Palm basket<\/strong><\/a><\/li>\n<\/ul>\n<p><strong>Combination suggestions:<\/strong><\/p>\n<ul>\n<li><a href=\"https:\/\/ruralourbano.com\/en\/producto\/queso-mourelo-ganderia-quintian-500g\/\"><strong>Queso Mourelo Gander\u00eda Quinti\u00e1n 500g<\/strong><\/a><\/li>\n<\/ul>\n<p><strong>Tasting recommendation:<\/strong><\/p>\n<ul>\n<li>Before tasting, let the cheeses acquire their best condition and texture by keeping them at room temperature for at least half an hour.<\/li>\n<li>Serve between 10\u00baC and 12\u00baC.<\/li>\n<\/ul>\n","protected":false},"excerpt":{"rendered":"<p>The <strong>Capackzo Maridaje Rosado Gourmet<\/strong> is a<strong> gourmet pack<\/strong> from <strong>Lugo<\/strong>.<\/p>\n<p>The <strong>Capackzo Maridaje Rosado Gourmet<\/strong>\u00a0is a <strong>gastronomic experience<\/strong> starring only two elements: <strong>cheese<\/strong> and <strong>wine<\/strong>. That&#8217;s all you need. The combination of these two gastronomic products is more than enough to make your palate enjoy a simple but very <strong>sophisticated gourmet tasting<\/strong>.<\/p>\n<p>Order your <strong>Capackzo Maridaje Rosado Gourmet<\/strong>\u00a0if you are walking the<strong>\u00a0Way of St. James<\/strong>.<\/p>\n<p>The <strong>Capackzo Maridaje Rosado Gourmet<\/strong>\u00a0is an original proposal of gastronomy of the<strong>\u00a0French Way<\/strong>. If you are a pilgrim we deliver it by hand at any location of the stage between Sarria and Portomarin so you can enjoy it as a\u00a0<strong>picnic<\/strong>.<\/p>\n<p>With the <strong>Capackzo Maridaje Rosado Gourmet<\/strong> you will receive:<\/p>\n<ul>\n<li><strong><a href=\"https:\/\/ruralourbano.com\/en\/producto\/queso-neboa-ganderia-quintian-650g\/\">1 Queso N\u00e9boa Gander\u00eda Quinti\u00e1n 650g<\/a><\/strong><\/li>\n<li><strong><a href=\"https:\/\/ruralourbano.com\/en\/producto\/queso-agarimo-ganderia-quintian-550g\/\">1 Queso Agarimo Gander\u00eda Quinti\u00e1n 550g<\/a><\/strong><\/li>\n<li><a href=\"https:\/\/ruralourbano.com\/en\/producto\/ribada-seleccion-mencia-rosado\/\"><strong>1 Ribada Selecci\u00f3n menc\u00eda Rosado<\/strong><\/a><\/li>\n<li><a href=\"https:\/\/ruralourbano.com\/en\/producto\/palm-basket\/\"><strong>1 Palm basket<\/strong><\/a><\/li>\n<\/ul>\n<p>Our <a href=\"https:\/\/ruralourbano.com\/en\/cat\/capackzos-rural-o-urbano\/\"><strong>Rural o Urbano Capackzos<\/strong><\/a> are the ideal choice if you want to give a thank you gift or a small present to someone you appreciate in an exclusive and original way.<\/p>\n<p><strong>Shipments only to mainland Spain | Buy selected Galician gourmet products and exclusive lifestyle<\/strong><\/p>\n","protected":false},"featured_media":9020,"comment_status":"open","ping_status":"closed","template":"","meta":{"inline_featured_image":false},"product_brand":[],"product_cat":[443,1138,745,113,169],"product_tag":[936,862,822],"class_list":{"0":"post-9017","1":"product","2":"type-product","3":"status-publish","4":"has-post-thumbnail","6":"product_cat-bestsellers","7":"product_cat-capackzos-rural-o-urbano","8":"product_cat-companies","9":"product_cat-savoury","10":"product_cat-winery","11":"product_tag-lugo-en","12":"product_tag-pack-gourmet-en","13":"product_tag-picnic-en","15":"first","16":"instock","17":"taxable","18":"shipping-taxable","19":"purchasable","20":"product-type-simple"},"_links":{"self":[{"href":"https:\/\/ruralourbano.com\/en\/wp-json\/wp\/v2\/product\/9017","targetHints":{"allow":["GET"]}}],"collection":[{"href":"https:\/\/ruralourbano.com\/en\/wp-json\/wp\/v2\/product"}],"about":[{"href":"https:\/\/ruralourbano.com\/en\/wp-json\/wp\/v2\/types\/product"}],"replies":[{"embeddable":true,"href":"https:\/\/ruralourbano.com\/en\/wp-json\/wp\/v2\/comments?post=9017"}],"wp:featuredmedia":[{"embeddable":true,"href":"https:\/\/ruralourbano.com\/en\/wp-json\/wp\/v2\/media\/9020"}],"wp:attachment":[{"href":"https:\/\/ruralourbano.com\/en\/wp-json\/wp\/v2\/media?parent=9017"}],"wp:term":[{"taxonomy":"product_brand","embeddable":true,"href":"https:\/\/ruralourbano.com\/en\/wp-json\/wp\/v2\/product_brand?post=9017"},{"taxonomy":"product_cat","embeddable":true,"href":"https:\/\/ruralourbano.com\/en\/wp-json\/wp\/v2\/product_cat?post=9017"},{"taxonomy":"product_tag","embeddable":true,"href":"https:\/\/ruralourbano.com\/en\/wp-json\/wp\/v2\/product_tag?post=9017"}],"curies":[{"name":"wp","href":"https:\/\/api.w.org\/{rel}","templated":true}]}}