{"id":9059,"date":"2023-10-15T19:18:06","date_gmt":"2023-10-15T17:18:06","guid":{"rendered":"https:\/\/164.92.128.162\/?post_type=product&#038;p=9059"},"modified":"2026-04-04T17:00:19","modified_gmt":"2026-04-04T15:00:19","slug":"cerveza-artesana-aloumina-loura","status":"publish","type":"product","link":"https:\/\/ruralourbano.com\/en\/producto\/cerveza-artesana-aloumina-loura\/","title":{"rendered":"Cerveza artesana Aloumi\u00f1a Loura"},"content":{"rendered":"<p><strong>Description of Aloumi\u00f1a Loura craft beer:<\/strong><\/p>\n<div>\n<ul>\n<li><strong>Craft beer<\/strong>.<\/li>\n<li>Belgian style lager.<\/li>\n<li>Easy to drink.<\/li>\n<\/ul>\n<p><strong>Composition:<\/strong><\/p>\n<ul>\n<li>Made with Saaz and Nugget hops.<\/li>\n<\/ul>\n<div>\n<p><strong>Combination suggestions:<\/strong><\/p>\n<ul>\n<li><a href=\"https:\/\/ruralourbano.com\/en\/producto\/queso-neboa-ganderia-quintian-650g\/\"><strong>Queso N\u00e9boa Gander\u00eda Quinti\u00e1n 650g<\/strong><\/a><\/li>\n<li><a href=\"https:\/\/ruralourbano.com\/en\/producto\/queso-agarimo-ganderia-quintian-550g\/\"><strong>Queso Agarimo Gander\u00eda Quinti\u00e1n 550g<\/strong><\/a><\/li>\n<li><a href=\"https:\/\/ruralourbano.com\/en\/producto\/patatotas-bolsa-mini-44g\/\"><strong>Patatotas bolsa mini 44g<\/strong><\/a><\/li>\n<\/ul>\n<div><\/div>\n<\/div>\n<\/div>\n","protected":false},"excerpt":{"rendered":"<p><strong>Cerveza artesana Aloumi\u00f1a Loura <\/strong>is a <strong>craft beer<\/strong> brewed by <a href=\"https:\/\/ruralourbano.com\/en\/productores\/cerveza-en\/cervexa-artesa-aloumina\/\"><strong>Aloumi\u00f1a<\/strong><\/a> in the <strong>Tiner\u00eda district<\/strong> of the city of<strong> Lugo<\/strong>.<\/p>\n<p>The main objective of <a href=\"https:\/\/ruralourbano.com\/en\/productores\/cerveza-en\/cervexa-artesa-aloumina\/\"><strong>Aloumi\u00f1a<\/strong><\/a>\u00a0is to brew different beers. Reinterpreting the classic styles that craft beer lovers love so much, bringing a personal touch to each of its references.<\/p>\n<p><strong>Belgian Blonde Ale \/ 21 IBU \/ 33cl.\u00a0<\/strong><\/p>\n<p><strong>Alcoholic content 5.5% Vol.<\/strong><\/p>\n<p><strong>Bronze Barcelona Beer Challenge 2017.<\/strong><\/p>\n<p><strong>Gourmet gastronomic product from Lugo.<\/strong><\/p>\n<p>Discover the <a href=\"https:\/\/ruralourbano.com\/en\/producto\/mini-capackzo-sol-y-sal-gourmet\/\"><strong>Mini Capackzo Sol y Sal Gourmet<\/strong><\/a>.<\/p>\n<p><strong>Shipments only to mainland Spain | Buy selected Galician gourmet products and exclusive lifestyle<\/strong><\/p>\n","protected":false},"featured_media":12790,"comment_status":"open","ping_status":"closed","template":"","meta":{"inline_featured_image":false},"product_brand":[],"product_cat":[169],"product_tag":[638,975,936],"class_list":{"0":"post-9059","1":"product","2":"type-product","3":"status-publish","4":"has-post-thumbnail","6":"product_cat-winery","7":"product_tag-gourmet-en","8":"product_tag-loura-en","9":"product_tag-lugo-en","11":"first","12":"instock","13":"taxable","14":"shipping-taxable","15":"purchasable","16":"product-type-simple"},"_links":{"self":[{"href":"https:\/\/ruralourbano.com\/en\/wp-json\/wp\/v2\/product\/9059","targetHints":{"allow":["GET"]}}],"collection":[{"href":"https:\/\/ruralourbano.com\/en\/wp-json\/wp\/v2\/product"}],"about":[{"href":"https:\/\/ruralourbano.com\/en\/wp-json\/wp\/v2\/types\/product"}],"replies":[{"embeddable":true,"href":"https:\/\/ruralourbano.com\/en\/wp-json\/wp\/v2\/comments?post=9059"}],"wp:featuredmedia":[{"embeddable":true,"href":"https:\/\/ruralourbano.com\/en\/wp-json\/wp\/v2\/media\/12790"}],"wp:attachment":[{"href":"https:\/\/ruralourbano.com\/en\/wp-json\/wp\/v2\/media?parent=9059"}],"wp:term":[{"taxonomy":"product_brand","embeddable":true,"href":"https:\/\/ruralourbano.com\/en\/wp-json\/wp\/v2\/product_brand?post=9059"},{"taxonomy":"product_cat","embeddable":true,"href":"https:\/\/ruralourbano.com\/en\/wp-json\/wp\/v2\/product_cat?post=9059"},{"taxonomy":"product_tag","embeddable":true,"href":"https:\/\/ruralourbano.com\/en\/wp-json\/wp\/v2\/product_tag?post=9059"}],"curies":[{"name":"wp","href":"https:\/\/api.w.org\/{rel}","templated":true}]}}