{"id":9082,"date":"2023-10-17T18:11:24","date_gmt":"2023-10-17T16:11:24","guid":{"rendered":"https:\/\/164.92.128.162\/?post_type=product&#038;p=9082"},"modified":"2025-05-02T20:35:29","modified_gmt":"2025-05-02T18:35:29","slug":"miel-cruda-de-flores-silvestres-dabella-1000g","status":"publish","type":"product","link":"https:\/\/ruralourbano.com\/en\/producto\/miel-cruda-de-flores-silvestres-dabella-1000g\/","title":{"rendered":"Miel cruda de flores silvestres Dabella 1000g"},"content":{"rendered":"<div><strong>Description:<\/strong><\/div>\n<div>\n<ul>\n<li><strong>Miel cruda de flores silvestres Dabella 1000g\u00a0<\/strong>is a 100% natural <strong>honey<\/strong><\/li>\n<li>Net weight 1000g.<\/li>\n<li>Primary production product obtained through sustainable beekeeping and committed to the environment.<\/li>\n<li><strong>Raw honey<\/strong> obtained in an artisan way by cold centrifugation to maintain all its nutritional properties.<\/li>\n<\/ul>\n<div><strong>Ingredients:<\/strong><\/div>\n<ul>\n<li>100% natural raw wildflower<strong> honey<\/strong>.<\/li>\n<\/ul>\n<div><strong>Combination suggestions:<\/strong><\/div>\n<ul>\n<li><a href=\"https:\/\/ruralourbano.com\/en\/producto\/queso-mini-neboa-ganderia-quintian-350g\/\"><strong>Queso Mini N\u00e9boa Gander\u00eda Quinti\u00e1n 350g<\/strong><\/a><\/li>\n<li><a href=\"https:\/\/ruralourbano.com\/en\/producto\/queso-neboa-ganderia-quintian-650g\/\"><strong>Queso N\u00e9boa Gander\u00eda Quinti\u00e1n 650g<\/strong><\/a><\/li>\n<li><a href=\"https:\/\/ruralourbano.com\/en\/producto\/queso-agarimo-ganderia-quintian-550g\/\"><strong>Queso Agarimo Gander\u00eda Quinti\u00e1n 550g<\/strong><\/a><\/li>\n<\/ul>\n<p><strong>Recommendation:<\/strong><\/p>\n<ul>\n<li>Due to its purity this <strong>honey<\/strong> may crystallise, if you prefer liquid <strong>honey<\/strong> just heat the jar in a bain-marie.<\/li>\n<li>Keep\/store in a cool, dry place.<\/li>\n<\/ul>\n<\/div>\n","protected":false},"excerpt":{"rendered":"<p><strong>Miel cruda de flores silvestres Dabella 1000g<\/strong>\u00a0is a sweet <strong>gourmet product<\/strong> handmade by <strong>Dabella<\/strong> in Guitiriz (Municipality of Guitiriz, <strong>Lugo<\/strong>).<\/p>\n<p><strong>Miel cruda de flores silvestres Dabella 1000g<\/strong> is a 100% natural<strong> honey<\/strong> from primary production obtained through <strong>sustainable beekeeping<\/strong> and committed to the environment. Cold centrifuged to maintain all its nutritional properties.<\/p>\n<p>This <strong>honey<\/strong> offers a pure, intense and aromatic flavour that transports you directly to the flower fields of Galicia.<\/p>\n<p>Hand-packed in a glass jar.<\/p>\n<p><strong>Net weight 1000g.<\/strong><\/p>\n<p><strong>Gourmet gastronomic product from Lugo.<\/strong><\/p>\n<p><a href=\"https:\/\/ruralourbano.com\/en\/producto\/miel-crudo-de-flores-silvestres-dabella-500g\/\"><strong>Miel cruda de flores silvestres Dabella 500g<\/strong><\/a>\u00a0is available if you prefer a smaller format.<\/p>\n<p><strong>Shipments only to mainland Spain | Buy selected Galician gourmet products and exclusive lifestyle<\/strong><\/p>\n","protected":false},"featured_media":11520,"comment_status":"open","ping_status":"closed","template":"","meta":{"inline_featured_image":false},"product_brand":[],"product_cat":[159],"product_tag":[638,936],"class_list":{"0":"post-9082","1":"product","2":"type-product","3":"status-publish","4":"has-post-thumbnail","6":"product_cat-sweet","7":"product_tag-gourmet-en","8":"product_tag-lugo-en","10":"first","11":"instock","12":"taxable","13":"shipping-taxable","14":"purchasable","15":"product-type-simple"},"_links":{"self":[{"href":"https:\/\/ruralourbano.com\/en\/wp-json\/wp\/v2\/product\/9082","targetHints":{"allow":["GET"]}}],"collection":[{"href":"https:\/\/ruralourbano.com\/en\/wp-json\/wp\/v2\/product"}],"about":[{"href":"https:\/\/ruralourbano.com\/en\/wp-json\/wp\/v2\/types\/product"}],"replies":[{"embeddable":true,"href":"https:\/\/ruralourbano.com\/en\/wp-json\/wp\/v2\/comments?post=9082"}],"wp:featuredmedia":[{"embeddable":true,"href":"https:\/\/ruralourbano.com\/en\/wp-json\/wp\/v2\/media\/11520"}],"wp:attachment":[{"href":"https:\/\/ruralourbano.com\/en\/wp-json\/wp\/v2\/media?parent=9082"}],"wp:term":[{"taxonomy":"product_brand","embeddable":true,"href":"https:\/\/ruralourbano.com\/en\/wp-json\/wp\/v2\/product_brand?post=9082"},{"taxonomy":"product_cat","embeddable":true,"href":"https:\/\/ruralourbano.com\/en\/wp-json\/wp\/v2\/product_cat?post=9082"},{"taxonomy":"product_tag","embeddable":true,"href":"https:\/\/ruralourbano.com\/en\/wp-json\/wp\/v2\/product_tag?post=9082"}],"curies":[{"name":"wp","href":"https:\/\/api.w.org\/{rel}","templated":true}]}}