{"id":9088,"date":"2023-10-20T13:10:17","date_gmt":"2023-10-20T11:10:17","guid":{"rendered":"https:\/\/164.92.128.162\/?post_type=product&#038;p=9088"},"modified":"2025-03-12T00:57:02","modified_gmt":"2025-03-11T23:57:02","slug":"mini-capackzo-meloso-gourmet","status":"publish","type":"product","link":"https:\/\/ruralourbano.com\/en\/producto\/mini-capackzo-meloso-gourmet\/","title":{"rendered":"Mini Capackzo Meloso Gourmet"},"content":{"rendered":"<p><strong><span style=\"color: #000000;\">Description:<\/span><\/strong><\/p>\n<p>The <strong>Mini Capackzo Meloso Gourmet<\/strong>\u00a0is a\u00a0<strong>gourmet product<\/strong>\u00a0pack packed in a palm basket consisting of<\/p>\n<ul>\n<li><a href=\"https:\/\/ruralourbano.com\/en\/producto\/queso-mini-neboa-ganderia-quintian-350g\/\"><strong>1 Queso mini N\u00e9boa Gander\u00eda Quinti\u00e1n 350g<\/strong><\/a><\/li>\n<li><strong><a href=\"https:\/\/ruralourbano.com\/en\/producto\/miel-crudo-de-flores-silvestres-dabella-500g\/\">1 Miel cruda de flores silvestres Dabella 500g<\/a><\/strong><\/li>\n<li><a href=\"https:\/\/ruralourbano.com\/en\/producto\/mini-palm-basket\/\"><strong>1 Capazo de palma mini<\/strong><\/a><\/li>\n<\/ul>\n<p><span style=\"color: #000000;\"><strong>Important information:<\/strong><\/span><\/p>\n<ul>\n<li>Before tasting, allow the cheese to reach its best state and texture by keeping it at room temperature for at least half an hour.<\/li>\n<\/ul>\n<p><strong>Care of palm basket:<\/strong><\/p>\n<ul>\n<li>When not in use, store it in a space where nothing will deform it.<\/li>\n<li>We recommend storing it in a dust bag.<\/li>\n<li>In case of stains, wipe with a damp cloth as soon as possible.<\/li>\n<\/ul>\n","protected":false},"excerpt":{"rendered":"<p>Our <strong>Mini Capackzo Meloso Gourmet <\/strong>is a <strong>gourmet pack<\/strong> from <strong>Lugo.<\/strong><\/p>\n<p>Discover the perfect balance between sweetness and creaminess with our <strong>Mini Capackzo Meloso Gourmet<\/strong>, a unique gastronomic experience that brings together two<strong> gourmet<\/strong> jewels of our <strong>Lugo<\/strong> countryside.<\/p>\n<p>Ideal for pairing with a good slice of bread and nuts, a delicious <strong>gourmet<\/strong> breakfast or as a dessert for an original but traditional after-dinner drink.<\/p>\n<p>Order your\u00a0<strong>Mini Capackzo Meloso Gourmet<\/strong>\u00a0if you are walking the<strong>\u00a0Way of St. James<\/strong>.<\/p>\n<p>The\u00a0<strong>Mini Capackzo Meloso Gourmet<\/strong>\u00a0is an original proposal of gastronomy of the<strong>\u00a0French Way<\/strong>. If you are a pilgrim we deliver it by hand at any location of the stage between Sarria and Portomarin so you can enjoy it as a\u00a0<strong>picnic<\/strong>.<\/p>\n<p>With the <strong>Mini Capackzo Meloso Gourmet<\/strong>\u00a0you will receive:<\/p>\n<ul>\n<li><a href=\"https:\/\/ruralourbano.com\/en\/producto\/queso-mini-neboa-ganderia-quintian-350g\/\"><strong>1 Queso mini N\u00e9boa Gander\u00eda Quinti\u00e1n 350g<\/strong><\/a><\/li>\n<li><strong><a href=\"https:\/\/ruralourbano.com\/en\/producto\/miel-crudo-de-flores-silvestres-dabella-500g\/\">1 Miel cruda de flores silvestres Dabella 500g<\/a><\/strong><\/li>\n<li><a href=\"https:\/\/ruralourbano.com\/en\/producto\/mini-palm-basket\/\"><strong>1 Capazo de palma mini<\/strong><\/a><\/li>\n<\/ul>\n<p>Our mini <a href=\"https:\/\/ruralourbano.com\/en\/cat\/rural-o-urbano-capackzos\/\"><strong>Rural o Urbano Capackzos<\/strong><\/a> are the ideal choice if you want to make a thank you gift or give a small present to someone you appreciate in an exclusive and original way.<\/p>\n<p><strong>Shipments only to mainland Spain | Buy selected Galician gourmet products and exclusive lifestyle<\/strong><\/p>\n","protected":false},"featured_media":11550,"comment_status":"open","ping_status":"closed","template":"","meta":{"inline_featured_image":false},"product_brand":[],"product_cat":[1138],"product_tag":[1212,547,638,936],"class_list":{"0":"post-9088","1":"product","2":"type-product","3":"status-publish","4":"has-post-thumbnail","6":"product_cat-capackzos-rural-o-urbano","7":"product_tag-camino-de-santiago","8":"product_tag-capackzos-rural-o-urbano-en","9":"product_tag-gourmet-en","10":"product_tag-lugo-en","12":"first","13":"instock","14":"taxable","15":"shipping-taxable","16":"purchasable","17":"product-type-simple"},"_links":{"self":[{"href":"https:\/\/ruralourbano.com\/en\/wp-json\/wp\/v2\/product\/9088","targetHints":{"allow":["GET"]}}],"collection":[{"href":"https:\/\/ruralourbano.com\/en\/wp-json\/wp\/v2\/product"}],"about":[{"href":"https:\/\/ruralourbano.com\/en\/wp-json\/wp\/v2\/types\/product"}],"replies":[{"embeddable":true,"href":"https:\/\/ruralourbano.com\/en\/wp-json\/wp\/v2\/comments?post=9088"}],"wp:featuredmedia":[{"embeddable":true,"href":"https:\/\/ruralourbano.com\/en\/wp-json\/wp\/v2\/media\/11550"}],"wp:attachment":[{"href":"https:\/\/ruralourbano.com\/en\/wp-json\/wp\/v2\/media?parent=9088"}],"wp:term":[{"taxonomy":"product_brand","embeddable":true,"href":"https:\/\/ruralourbano.com\/en\/wp-json\/wp\/v2\/product_brand?post=9088"},{"taxonomy":"product_cat","embeddable":true,"href":"https:\/\/ruralourbano.com\/en\/wp-json\/wp\/v2\/product_cat?post=9088"},{"taxonomy":"product_tag","embeddable":true,"href":"https:\/\/ruralourbano.com\/en\/wp-json\/wp\/v2\/product_tag?post=9088"}],"curies":[{"name":"wp","href":"https:\/\/api.w.org\/{rel}","templated":true}]}}