{"id":9114,"date":"2023-10-24T19:57:09","date_gmt":"2023-10-24T17:57:09","guid":{"rendered":"https:\/\/164.92.128.162\/?post_type=product&#038;p=9114"},"modified":"2025-03-14T01:46:56","modified_gmt":"2025-03-14T00:46:56","slug":"capackzo-irresistible-premium-gourmet","status":"publish","type":"product","link":"https:\/\/ruralourbano.com\/en\/producto\/capackzo-irresistible-premium-gourmet\/","title":{"rendered":"Capackzo Irresistible Premium Gourmet"},"content":{"rendered":"<p><strong>Description:<\/strong><\/p>\n<p>The <strong>Capackzo Irresistible Premium Gourmet<\/strong>\u00a0is a <strong>gourmet pack<\/strong> in a palm basket made up of:<\/p>\n<ul>\n<li><a href=\"https:\/\/ruralourbano.com\/en\/producto\/vino-tinto-regina-viarum-ecologico\/\"><strong>1 Vino tinto Regina Viarum Ecol\u00f3gico<\/strong><\/a><\/li>\n<li><a href=\"https:\/\/ruralourbano.com\/en\/producto\/cerveza-artesana-aloumina-loura\/\"><strong>2 Cerveza artesana Aloumi\u00f1a Loura<\/strong><\/a><\/li>\n<li><a href=\"https:\/\/ruralourbano.com\/en\/producto\/alouminos-xianas\/\"><strong>1 Aloumi\u00f1os Xianas<\/strong><\/a><\/li>\n<li><a href=\"https:\/\/ruralourbano.com\/en\/producto\/queso-mini-neboa-ganderia-quintian-350g\/\"><strong>1 Queso mini N\u00e9boa Gander\u00eda Quinti\u00e1n 350g<\/strong><\/a><\/li>\n<li><a href=\"https:\/\/ruralourbano.com\/en\/producto\/pulpo-en-aceite-de-oliva-virgen-extra-currimar-100g\/\"><strong>1 Pulpo en aceite de oliva virgen extra Currimar 100g<\/strong><\/a><\/li>\n<li><a href=\"https:\/\/ruralourbano.com\/en\/producto\/miel-cruda-de-flores-silvestres-dabella-500g\/\"><strong>1 Miel cruda de flores silvestres Dabella 500g<\/strong><\/a><\/li>\n<li><a href=\"https:\/\/ruralourbano.com\/en\/producto\/capazo-de-palma\/\"><strong>1 Capazo de palma<\/strong><\/a><\/li>\n<\/ul>\n<p><strong>Tasting recommendation:<\/strong><\/p>\n<ul>\n<li>Before tasting, let the chees acquire their best condition and texture by keeping them at room temperature for at least half an hour.<\/li>\n<li>Serve between 12\u00baC and 14\u00baC.<\/li>\n<\/ul>\n<p><strong>Care of the palm basket:<\/strong><\/p>\n<ul>\n<li>When not in use, store it in a space where nothing will deform it.<\/li>\n<li>We recommend storing your<strong> palm basket<\/strong> in a dust bag.<\/li>\n<li>In case of stains, wipe with a damp cloth as soon as possible.<\/li>\n<\/ul>\n","protected":false},"excerpt":{"rendered":"<p>The <strong>Capackzo Irresistible Premium Gourmet<\/strong> is a <strong>gourmet pack<\/strong> from <strong>Lugo<\/strong>.<\/p>\n<p>The <strong>Capackzo Irresistible Premium Gourmet<\/strong> offers you a selection of products from Lugo that perfectly combine textures, intensity and flavour. A unique product combination that redefines <strong>gourmet<\/strong> pleasure.<\/p>\n<p>Ideal for special occasions, exclusive gifts or as a gastronomic treat that elevates everyday life to excellence and premium quality.<\/p>\n<p>Order your <strong>Capackzo Irresistible Premium Gourmet<\/strong> if you are on the <strong>Camino de Santiago<\/strong>.<\/p>\n<p>The <strong>Capackzo Irresistible Premium Gourmet<\/strong> is an original proposal of <strong>gastronomy of the French Camino de Santiago<\/strong>. If you are a pilgrim we deliver it by hand at any location of the stage between Sarria and Portomarin so you can enjoy it as a <strong>picnic<\/strong>.<\/p>\n<p>With the <strong>Capackzo Irresistible Premium Gourmet<\/strong>\u00a0you will receive:<\/p>\n<ul>\n<li><a href=\"https:\/\/ruralourbano.com\/en\/producto\/vino-tinto-regina-viarum-ecologico\/\"><strong>1 Vino tinto Regina Viarum Ecol\u00f3gico<\/strong><\/a><\/li>\n<li><a href=\"https:\/\/ruralourbano.com\/en\/producto\/cerveza-artesana-aloumina-loura\/\"><strong>2 Cerveza artesana Aloumi\u00f1a Loura<\/strong><\/a><\/li>\n<li><a href=\"https:\/\/ruralourbano.com\/en\/producto\/alouminos-xianas\/\"><strong>1 Aloumi\u00f1os Xianas<\/strong><\/a><\/li>\n<li><a href=\"https:\/\/ruralourbano.com\/en\/producto\/queso-mini-neboa-ganderia-quintian-350g\/\"><strong>1 Queso mini N\u00e9boa Gander\u00eda Quinti\u00e1n 350g<\/strong><\/a><\/li>\n<li><a href=\"https:\/\/ruralourbano.com\/en\/producto\/pulpo-en-aceite-de-oliva-virgen-extra-currimar-100g\/\"><strong>1 Pulpo en aceite de oliva virgen extra Currimar 100g<\/strong><\/a><\/li>\n<li><a href=\"https:\/\/ruralourbano.com\/en\/producto\/miel-cruda-de-flores-silvestres-dabella-500g\/\"><strong>1 Miel cruda de flores silvestres Dabella 500g<\/strong><\/a><\/li>\n<li><a href=\"https:\/\/ruralourbano.com\/en\/producto\/capazo-de-palma\/\"><strong>1 Capazo de palma<\/strong><\/a><\/li>\n<\/ul>\n<p>Our\u00a0<a href=\"https:\/\/ruralourbano.com\/en\/cat\/rural-o-urbano-capackzos\/\"><strong>Rural o Urbano Capackzos<\/strong><\/a>\u00a0are the ideal choice if you want to give a thank you gift or a small present to someone you appreciate in an exclusive and original way.<\/p>\n<p><strong>Shipments only to mainland Spain | Buy selected Galician gourmet products and exclusive lifestyle<\/strong><\/p>\n","protected":false},"featured_media":12138,"comment_status":"open","ping_status":"closed","template":"","meta":{"inline_featured_image":false},"product_brand":[],"product_cat":[1138,745,113,169],"product_tag":[1212,638,936,822],"class_list":{"0":"post-9114","1":"product","2":"type-product","3":"status-publish","4":"has-post-thumbnail","6":"product_cat-capackzos-rural-o-urbano","7":"product_cat-companies","8":"product_cat-savoury","9":"product_cat-winery","10":"product_tag-camino-de-santiago","11":"product_tag-gourmet-en","12":"product_tag-lugo-en","13":"product_tag-picnic-en","15":"first","16":"instock","17":"taxable","18":"shipping-taxable","19":"purchasable","20":"product-type-simple"},"jetpack_sharing_enabled":true,"_links":{"self":[{"href":"https:\/\/ruralourbano.com\/en\/wp-json\/wp\/v2\/product\/9114","targetHints":{"allow":["GET"]}}],"collection":[{"href":"https:\/\/ruralourbano.com\/en\/wp-json\/wp\/v2\/product"}],"about":[{"href":"https:\/\/ruralourbano.com\/en\/wp-json\/wp\/v2\/types\/product"}],"replies":[{"embeddable":true,"href":"https:\/\/ruralourbano.com\/en\/wp-json\/wp\/v2\/comments?post=9114"}],"wp:featuredmedia":[{"embeddable":true,"href":"https:\/\/ruralourbano.com\/en\/wp-json\/wp\/v2\/media\/12138"}],"wp:attachment":[{"href":"https:\/\/ruralourbano.com\/en\/wp-json\/wp\/v2\/media?parent=9114"}],"wp:term":[{"taxonomy":"product_brand","embeddable":true,"href":"https:\/\/ruralourbano.com\/en\/wp-json\/wp\/v2\/product_brand?post=9114"},{"taxonomy":"product_cat","embeddable":true,"href":"https:\/\/ruralourbano.com\/en\/wp-json\/wp\/v2\/product_cat?post=9114"},{"taxonomy":"product_tag","embeddable":true,"href":"https:\/\/ruralourbano.com\/en\/wp-json\/wp\/v2\/product_tag?post=9114"}],"curies":[{"name":"wp","href":"https:\/\/api.w.org\/{rel}","templated":true}]}}