{"id":9179,"date":"2023-11-05T19:37:26","date_gmt":"2023-11-05T18:37:26","guid":{"rendered":"https:\/\/164.92.128.162\/?post_type=product&#038;p=9179"},"modified":"2025-03-12T00:55:29","modified_gmt":"2025-03-11T23:55:29","slug":"capackzo-irresistible-gourmet","status":"publish","type":"product","link":"https:\/\/ruralourbano.com\/en\/producto\/capackzo-irresistible-gourmet\/","title":{"rendered":"Capackzo Irresistible Gourmet"},"content":{"rendered":"<p><strong>Description:<\/strong><\/p>\n<p>The <strong>Capackzo Irresistible Gourmet<\/strong> is a <strong>gourmet pack<\/strong> packed in a palm basket made up of:<\/p>\n<ul>\n<li><a href=\"https:\/\/ruralourbano.com\/en\/producto\/vino-tinto-regina-viarum-ecologico\/\"><strong>1 Vino tinto Regina Viarum Ecol\u00f3gico<\/strong><\/a><\/li>\n<li><a href=\"https:\/\/ruralourbano.com\/en\/producto\/alouminos-xianas\/\"><strong>1 Aloumi\u00f1os Xianas<\/strong><\/a><\/li>\n<li><a href=\"https:\/\/ruralourbano.com\/en\/producto\/queso-mini-neboa-ganderia-quintian-350g\/\"><strong>1 Queso mini N\u00e9boa Gander\u00eda Quinti\u00e1n 350g<\/strong><\/a><\/li>\n<li><a href=\"https:\/\/ruralourbano.com\/en\/producto\/miel-crudo-de-flores-silvestres-dabella-500g\/\"><strong>1 Miel cruda de flores silvestres Dabella 500g<\/strong><\/a><\/li>\n<li><a href=\"https:\/\/ruralourbano.com\/en\/producto\/palm-basket\/\"><strong>1 Capazo de palma<\/strong><\/a><\/li>\n<\/ul>\n<p><strong>Tasting recommendation:<\/strong><\/p>\n<ul>\n<li>Serve the wine between 14\u00baC and 12\u00baC.<\/li>\n<li>Before tasting, allow the cheese to reach its best state and texture by keeping it at room temperature for at least half an hour.<\/li>\n<\/ul>\n<p><strong>Palm basket cares:<\/strong><\/p>\n<ul>\n<li>When not in use, store it in a space where nothing will distort it.<\/li>\n<li>We recommend storing your <strong>palm basket<\/strong> in a dust bag.<\/li>\n<li>In case of stains, wipe with a damp cloth as soon as possible.<\/li>\n<\/ul>\n","protected":false},"excerpt":{"rendered":"<p>The <strong>Capackzo Irresistible Gourmet<\/strong> is a <strong>gourmet pack<\/strong> from <strong>Lugo<\/strong> ideal as a gift for your loved ones.<\/p>\n<p>The <strong>Capackzo Irresistible Gourmet<\/strong> offers you a selection of products from <strong>Lugo<\/strong> that perfectly combine textures, intensity and flavour. Enjoy it during a special evening and taste exquisite pairings alone or in company.<\/p>\n<p>Immerse yourself in a unique <strong>gastronomic experience<\/strong> with the <strong>Capackzo Irresistible Gourmet<\/strong>.<\/p>\n<p>Order your <strong>Capackzo Irresistible Gourmet<\/strong>\u00a0if you are walking the<strong>\u00a0Way of St. James<\/strong>.<\/p>\n<p>The <strong>Capackzo Irresistible Gourmet<\/strong>\u00a0is an original proposal of gastronomy of the<strong>\u00a0French Way<\/strong>. If you are a pilgrim we deliver it by hand at any location of the stage between Sarria and Portomarin so you can enjoy it as a\u00a0<strong>picnic<\/strong>.<\/p>\n<p>With the <strong>Capackzo Irresistible Gourmet<\/strong> you will receive:<\/p>\n<ul>\n<li><a href=\"https:\/\/ruralourbano.com\/en\/producto\/vino-tinto-regina-viarum-ecologico\/\"><strong>1 Vino tinto Regina Viarum Ecol\u00f3gico<\/strong><\/a><\/li>\n<li><a href=\"https:\/\/ruralourbano.com\/en\/producto\/alouminos-xianas\/\"><strong>1 Aloumi\u00f1os Xianas<\/strong><\/a><\/li>\n<li><a href=\"https:\/\/ruralourbano.com\/en\/producto\/queso-mini-neboa-ganderia-quintian-350g\/\"><strong>1 Queso mini N\u00e9boa Gander\u00eda Quinti\u00e1n 350g<\/strong><\/a><\/li>\n<li><a href=\"https:\/\/ruralourbano.com\/en\/producto\/miel-crudo-de-flores-silvestres-dabella-500g\/\"><strong>1 Miel cruda de flores silvestres Dabella 500g<\/strong><\/a><\/li>\n<li><a href=\"https:\/\/ruralourbano.com\/en\/producto\/palm-basket\/\"><strong>1 Capazo de palma<\/strong><\/a><\/li>\n<\/ul>\n<p>Our <a href=\"https:\/\/ruralourbano.com\/en\/cat\/rural-o-urbano-capackzos\/\"><strong>Rural o Urbano Capackzos<\/strong><\/a> are the ideal choice if you want to give a thank you gift or a small present to someone you appreciate in an exclusive and original way.<\/p>\n<p><strong>Shipments only to mainland Spain | Buy selected Galician gourmet products and exclusive lifestyle<\/strong><\/p>\n","protected":false},"featured_media":11571,"comment_status":"open","ping_status":"closed","template":"","meta":{"inline_featured_image":false},"product_brand":[],"product_cat":[1138,169],"product_tag":[1212,638,936,862,822],"class_list":{"0":"post-9179","1":"product","2":"type-product","3":"status-publish","4":"has-post-thumbnail","6":"product_cat-capackzos-rural-o-urbano","7":"product_cat-winery","8":"product_tag-camino-de-santiago","9":"product_tag-gourmet-en","10":"product_tag-lugo-en","11":"product_tag-pack-gourmet-en","12":"product_tag-picnic-en","14":"first","15":"instock","16":"taxable","17":"shipping-taxable","18":"purchasable","19":"product-type-simple"},"_links":{"self":[{"href":"https:\/\/ruralourbano.com\/en\/wp-json\/wp\/v2\/product\/9179","targetHints":{"allow":["GET"]}}],"collection":[{"href":"https:\/\/ruralourbano.com\/en\/wp-json\/wp\/v2\/product"}],"about":[{"href":"https:\/\/ruralourbano.com\/en\/wp-json\/wp\/v2\/types\/product"}],"replies":[{"embeddable":true,"href":"https:\/\/ruralourbano.com\/en\/wp-json\/wp\/v2\/comments?post=9179"}],"wp:featuredmedia":[{"embeddable":true,"href":"https:\/\/ruralourbano.com\/en\/wp-json\/wp\/v2\/media\/11571"}],"wp:attachment":[{"href":"https:\/\/ruralourbano.com\/en\/wp-json\/wp\/v2\/media?parent=9179"}],"wp:term":[{"taxonomy":"product_brand","embeddable":true,"href":"https:\/\/ruralourbano.com\/en\/wp-json\/wp\/v2\/product_brand?post=9179"},{"taxonomy":"product_cat","embeddable":true,"href":"https:\/\/ruralourbano.com\/en\/wp-json\/wp\/v2\/product_cat?post=9179"},{"taxonomy":"product_tag","embeddable":true,"href":"https:\/\/ruralourbano.com\/en\/wp-json\/wp\/v2\/product_tag?post=9179"}],"curies":[{"name":"wp","href":"https:\/\/api.w.org\/{rel}","templated":true}]}}