{"id":2578,"date":"2021-09-20T13:03:11","date_gmt":"2021-09-20T11:03:11","guid":{"rendered":"https:\/\/164.92.128.162\/nosotros\/"},"modified":"2025-04-03T19:15:36","modified_gmt":"2025-04-03T17:15:36","slug":"about","status":"publish","type":"page","link":"https:\/\/ruralourbano.com\/gl\/about\/","title":{"rendered":"About"},"content":{"rendered":"\t<div id=\"gap-338180523\" class=\"gap-element clearfix\" style=\"display:block; height:auto;\">\n\t\t\n<style>\n#gap-338180523 {\n  padding-top: 30px;\n}\n<\/style>\n\t<\/div>\n\t\n<div class=\"row\"  id=\"row-1108912434\">\n\n\t<div id=\"col-1551167145\" class=\"col small-12 large-12\"  >\n\t\t\t\t<div class=\"col-inner\"  >\n\t\t\t\n\t\t\t\n<div class=\"row align-middle\"  id=\"row-832566695\">\n\n\t<div id=\"col-628716921\" class=\"col medium-6 small-12 large-6\"  >\n\t\t\t\t<div class=\"col-inner\"  >\n\t\t\t\n\t\t\t\n\t<div id=\"text-2002710350\" class=\"text\">\n\t\t\n<h2 class=\"soleil\" style=\"color: #718139;\"><strong>About<\/strong><\/h2>\n<h2 style=\"text-align: left;\"><span style=\"font-size: 130%;\">A creadora<\/span><\/h2>\n<div><strong>Laura<\/strong> (1983), consid\u00e9rome unha <strong>cosmopolita de coraz\u00f3n campestre<\/strong>, e \u00e9 que adoro esta dualidade!<\/div>\n<div><\/div>\n<div><strong>Barcelona \u00e9 a mi\u00f1a cidade natal<\/strong>, nela crieime, estudei e desenvolvinme profesionalmente.<\/div>\n<div><\/div>\n<div><strong>Galicia<\/strong> sempre foi o meu segundo fogar posto que por parte de nai son galega.<\/div>\n<div><\/div>\n<div>Despois de cavilarlo moito, moit\u00edsimo; decid\u00edn realizar un cambio na mi\u00f1a vida e instalarme en pleno rural galego.<\/div>\n<div><\/div>\n<div>En xaneiro de 2022 establec\u00edn o meu campamento basee na aldea familiar situada no <strong>Concello de Paradela (Lugo)<\/strong>. E aqu\u00ed deron comezo nuevo aventuras profesionais e persoais encabezadas polo meu proxecto <strong>Rural o Urbano<\/strong>.<\/div>\n<div><\/div>\n<div>Amo vivir en plena natureza, cada d\u00eda \u00e9 distinto. Aqu\u00ed, a calma apel\u00eddase \u201cintensa\u201d.<\/div>\n<div><\/div>\n<div>As cores, os cheiros, as sensaci\u00f3ns, os sons, e \u00e9 que mesmo o silencio, nunca son iguais.<\/div>\n<div><\/div>\n<div>En pleno rural non \u00e9 que a vida sexa m\u00e1is lenta, en pleno rural a vida sabor\u00e9ase lentamente.<\/div>\n<div><\/div>\n<div><strong>Esta tola faza\u00f1a \u00e9 tam\u00e9n o meu tenro e particular homenaxe \u00e1s mi\u00f1as ra\u00edces.<\/strong><\/div>\n\t\t\n<style>\n#text-2002710350 {\n  font-size: 1.25rem;\n}\n<\/style>\n\t<\/div>\n\t\n\t\t<\/div>\n\t\t\t\t\t<\/div>\n\n\t\n\n\t<div id=\"col-401236915\" class=\"col medium-6 small-12 large-6\"  >\n\t\t\t\t<div class=\"col-inner\"  >\n\t\t\t\n\t\t\t\n<div class=\"row\"  id=\"row-1895050970\">\n\n\t<div id=\"col-1176574303\" class=\"col medium-11 small-12 large-11\"  >\n\t\t\t\t<div class=\"col-inner\"  >\n\t\t\t\n\t\t\t\n\t<div class=\"img has-hover x md-x lg-x y md-y lg-y\" id=\"image_64340202\">\n\t\t\t\t\t\t<div data-animate=\"fadeInRight\">\t\t<div class=\"img-inner dark\" >\n\t\t\t<img loading=\"lazy\" decoding=\"async\" width=\"600\" height=\"800\" src=\"https:\/\/ruralourbano.com\/wp-content\/uploads\/2024\/09\/2024-San-Vicente-600x800.jpg\" class=\"attachment-large size-large\" alt=\"\" srcset=\"https:\/\/ruralourbano.com\/wp-content\/uploads\/2024\/09\/2024-San-Vicente-600x800.jpg 600w, https:\/\/ruralourbano.com\/wp-content\/uploads\/2024\/09\/2024-San-Vicente-300x400.jpg 300w, https:\/\/ruralourbano.com\/wp-content\/uploads\/2024\/09\/2024-San-Vicente-768x1024.jpg 768w, https:\/\/ruralourbano.com\/wp-content\/uploads\/2024\/09\/2024-San-Vicente-1152x1536.jpg 1152w, https:\/\/ruralourbano.com\/wp-content\/uploads\/2024\/09\/2024-San-Vicente-1536x2048.jpg 1536w, https:\/\/ruralourbano.com\/wp-content\/uploads\/2024\/09\/2024-San-Vicente-510x680.jpg 510w, https:\/\/ruralourbano.com\/wp-content\/uploads\/2024\/09\/2024-San-Vicente-scaled.jpg 1920w\" sizes=\"auto, (max-width: 600px) 100vw, 600px\" \/>\t\t\t\t\t\t\n\t\t\t\t\t<\/div>\n\t\t<\/div>\t\t\t\t\t\t\n<style>\n#image_64340202 {\n  width: 100%;\n}\n<\/style>\n\t<\/div>\n\t\n\t\t<\/div>\n\t\t\t\t\t<\/div>\n\n\t\n<\/div>\n\t\t<\/div>\n\t\t\t\t\t<\/div>\n\n\t\n<\/div>\n\t<div id=\"gap-970646534\" class=\"gap-element clearfix\" style=\"display:block; height:auto;\">\n\t\t\n<style>\n#gap-970646534 {\n  padding-top: 30px;\n}\n<\/style>\n\t<\/div>\n\t\n<div class=\"row align-middle\"  id=\"row-1805694237\">\n\n\t<div id=\"col-370836434\" class=\"col medium-6 small-12 large-6\"  >\n\t\t\t\t<div class=\"col-inner text-center\"  >\n\t\t\t\n\t\t\t\n\t<div class=\"img has-hover x md-x lg-x y md-y lg-y\" id=\"image_902960501\">\n\t\t\t\t\t\t<div data-animate=\"fadeInLeft\">\t\t<div class=\"img-inner dark\" >\n\t\t\t<img loading=\"lazy\" decoding=\"async\" width=\"500\" height=\"500\" src=\"https:\/\/ruralourbano.com\/wp-content\/uploads\/2021\/11\/WEB-Y-RRSS-4.png\" class=\"attachment-large size-large\" alt=\"\" srcset=\"https:\/\/ruralourbano.com\/wp-content\/uploads\/2021\/11\/WEB-Y-RRSS-4.png 500w, https:\/\/ruralourbano.com\/wp-content\/uploads\/2021\/11\/WEB-Y-RRSS-4-247x247.png 247w, https:\/\/ruralourbano.com\/wp-content\/uploads\/2021\/11\/WEB-Y-RRSS-4-100x100.png 100w, https:\/\/ruralourbano.com\/wp-content\/uploads\/2021\/11\/WEB-Y-RRSS-4-400x400.png 400w, https:\/\/ruralourbano.com\/wp-content\/uploads\/2021\/11\/WEB-Y-RRSS-4-280x280.png 280w\" sizes=\"auto, (max-width: 500px) 100vw, 500px\" \/>\t\t\t\t\t\t\n\t\t\t\t\t<\/div>\n\t\t<\/div>\t\t\t\t\t\t\n<style>\n#image_902960501 {\n  width: 81%;\n}\n<\/style>\n\t<\/div>\n\t\n\t<div id=\"gap-639448286\" class=\"gap-element clearfix\" style=\"display:block; height:auto;\">\n\t\t\n<style>\n#gap-639448286 {\n  padding-top: 60px;\n}\n<\/style>\n\t<\/div>\n\t\n\t\t<\/div>\n\t\t\t\t\t<\/div>\n\n\t\n\n\t<div id=\"col-808475343\" class=\"col medium-6 small-12 large-6\"  >\n\t\t\t\t<div class=\"col-inner\"  >\n\t\t\t\n\t\t\t\n\t<div id=\"text-1177135698\" class=\"text\">\n\t\t\n<h2 style=\"text-align: left;\"><span style=\"font-size: 130%;\">Manifesto<\/span><\/h2>\n<div>\n<div><strong>Rural o Urbano<\/strong> \u00e9 a fusi\u00f3n destes dous mundos, o rural e o urbano. Non se trata de dar a elixir entre un ou outro. Tr\u00e1tase de facelos encaixar.<\/div>\n<div><\/div>\n<div>A partir de aqu\u00ed <strong>a misi\u00f3n de Rural o Urbano<\/strong> \u00e9 fusionar a tradici\u00f3n do medio rural de<strong> Lugo<\/strong> coa vangarda e tendencias do mundo actual.<\/div>\n<\/div>\n<div>\n<div><\/div>\n<div>M\u00e1is al\u00f3 da comercializaci\u00f3n, promovemos a <strong>marca Lugo<\/strong>, creando unha conexi\u00f3n emocional coa nosa contorna.<\/div>\n<div><\/div>\n<div>Traballamos estreitamente con produtores locais, <strong>impulsando a econom\u00eda circular e o desenvolvemento sostible do noso ao redor<\/strong>.<\/div>\n<\/div>\n<div>\n<div><\/div>\n<div><strong>A visi\u00f3n de Rural o Urbano<\/strong> \u00e9 potenciar a visibilidade do rural lucense constru\u00edndo un concepto de marca paraugas din\u00e1mico e creativo cun modus operandi fresco e moderno.<\/div>\n<div><\/div>\n<div>Sabemos que a gastronom\u00eda galega esperta paix\u00f3n e por iso decidimos traballar con produtos gastron\u00f3micos de<strong> Lugo<\/strong>\u00a0que destacan pola s\u00faa calidade, excelencia e orixinalidade.<\/div>\n<div><\/div>\n<div>Con todo <strong>Rural o Urbano<\/strong> tam\u00e9n \u00e9 amante das tendencias. Por iso ofrecemos un lifestyle exclusivo que define \u00e1 perfecci\u00f3n o car\u00e1cter da nosa marca.<\/div>\n<div><\/div>\n<div>A nosa plataforma dixital non \u00e9 s\u00f3 un ecommerce, e a\u00ed o seu valor engadido. Na nosa web o usuario pode consultar informaci\u00f3n tur\u00edstica e cultural sobre a contorna deas do que operamos as\u00ed como do resto da provincia de <strong>Lugo<\/strong>. Ademais co\u00f1ecer\u00e1 a historia que hai detr\u00e1s de cada produto, quen son os produtores que o elaboran, onde e cal \u00e9 a filosof\u00eda que os abandeira.<\/div>\n<\/div>\n<div><\/div>\n<div><strong>Somo gourmet. Somos lifestyle. Somos rural lucense.<\/strong><\/div>\n<div><\/div>\n<blockquote><p><em>&#8220;Ser rural \u00e9 actual&#8221;<\/em>.<\/p><\/blockquote>\n\t\t\n<style>\n#text-1177135698 {\n  font-size: 1.25rem;\n  text-align: left;\n}\n<\/style>\n\t<\/div>\n\t\n\t\t<\/div>\n\t\t\t\t\t<\/div>\n\n\t\n<\/div>\n\t\t<\/div>\n\t\t\t\t\t<\/div>\n\n\t\n<\/div>\n","protected":false},"excerpt":{"rendered":"","protected":false},"author":1,"featured_media":0,"parent":0,"menu_order":0,"comment_status":"closed","ping_status":"closed","template":"","meta":{"inline_featured_image":false,"footnotes":""},"class_list":["post-2578","page","type-page","status-publish","hentry"],"_links":{"self":[{"href":"https:\/\/ruralourbano.com\/gl\/wp-json\/wp\/v2\/pages\/2578","targetHints":{"allow":["GET"]}}],"collection":[{"href":"https:\/\/ruralourbano.com\/gl\/wp-json\/wp\/v2\/pages"}],"about":[{"href":"https:\/\/ruralourbano.com\/gl\/wp-json\/wp\/v2\/types\/page"}],"author":[{"embeddable":true,"href":"https:\/\/ruralourbano.com\/gl\/wp-json\/wp\/v2\/users\/1"}],"replies":[{"embeddable":true,"href":"https:\/\/ruralourbano.com\/gl\/wp-json\/wp\/v2\/comments?post=2578"}],"version-history":[{"count":0,"href":"https:\/\/ruralourbano.com\/gl\/wp-json\/wp\/v2\/pages\/2578\/revisions"}],"wp:attachment":[{"href":"https:\/\/ruralourbano.com\/gl\/wp-json\/wp\/v2\/media?parent=2578"}],"curies":[{"name":"wp","href":"https:\/\/api.w.org\/{rel}","templated":true}]}}