{"id":2805,"date":"2021-07-07T14:14:41","date_gmt":"2021-07-07T12:14:41","guid":{"rendered":"https:\/\/164.92.128.162\/privacidad\/"},"modified":"2023-10-17T11:09:47","modified_gmt":"2023-10-17T09:09:47","slug":"privacidad","status":"publish","type":"page","link":"https:\/\/ruralourbano.com\/gl\/privacidad\/","title":{"rendered":"Pol\u00edtica de privacidad"},"content":{"rendered":"\t<div id=\"gap-281310404\" class=\"gap-element clearfix\" style=\"display:block; height:auto;\">\n\t\t\n<style>\n#gap-281310404 {\n  padding-top: 40px;\n}\n<\/style>\n\t<\/div>\n\t\n<div class=\"row\"  id=\"row-568645738\">\n\n\t<div id=\"col-1435344893\" class=\"col small-12 large-12\"  >\n\t\t\t\t<div class=\"col-inner\"  >\n\t\t\t\n\t\t\t\n<h2>POL\u00cdTICA DE PRIVACIDAD<\/h2>\n<p><span style=\"color: #333333;\"><strong>ART\u00cdCULO 1 Definici\u00f3n<\/strong><\/span><\/p>\n<p><span style=\"color: #333333;\">La \u00abp\u00e1gina Web\u00bb designa la actividad desarrollada por RURAL O URBANO, seg\u00fan los formatos inform\u00e1ticos utilizables en Internet, que incluye diversos tipos de datos, en particular textos, sonidos, im\u00e1genes fijas o animadas, v\u00eddeos, bases de datos, destinados a ser consultados y accesibles en la siguiente direcci\u00f3n: <\/span>https:\/\/ruralourbano.com<\/p>\n<p>\u00abInternet\u00bb designa las distintas redes de servidores localizados en diversos puntos del mundo, unidos entre ellos mediante redes de comunicaci\u00f3n y que comunican gracias a un protocolo espec\u00edfico conocido bajo la denominaci\u00f3n TCP\/IP.<\/p>\n<p>\u00abDatos personales\u00bb, \u00abcategor\u00edas particulares de datos\u00bb, \u00abtratar\/tratamiento\u00bb tienen el mismo significado que en la Directiva 95\/46\/CE del Parlamento Europeo y del Consejo del 24 de octubre de 1995 relativa a la protecci\u00f3n de las personas f\u00edsicas en lo que respecta al tratamiento de datos personales y a la libre circulaci\u00f3n de estos datos.<\/p>\n<p>El \u00abResponsable del tratamiento\u00bb es la entidad que recoge y trata informaciones nominativas (datos personales).<\/p>\n<p>El \u00abEncargado del tratamiento\u00bb: cualquier persona que acepte tratar datos personales por cuenta del Responsable del tratamiento o acceder, en el marco de sus cometidos, a datos personales de acuerdo con las instrucciones del Responsable del tratamiento.<\/p>\n<p>Los \u00abDestinatarios\u00bb designan a cualquier persona autorizada a que se le comuniquen datos, distinta del Responsable del tratamiento, del Encargado del tratamiento y de las personas que, con motivo de sus funciones, se encarguen de tratar los datos.<\/p>\n<p>Los \u00abTerceros autorizados\u00bb: autoridades legalmente autorizadas, en el marco de una misi\u00f3n espec\u00edfica o del ejercicio de un derecho de comunicaci\u00f3n, a solicitar al Responsable del tratamiento que se les comuniquen datos personales.<\/p>\n<p>\u00abInteresado\u00bb: persona f\u00edsica a que se refieren los datos objeto de tratamiento.<\/p>\n<p>Constituye un \u00abtratamiento de datos personales\u00bb cualquier operaci\u00f3n o conjunto de operaciones relativas a esos datos, independientemente del procedimiento empleado y, en particular, la recogida, registro, organizaci\u00f3n, conservaci\u00f3n, adaptaci\u00f3n o modificaci\u00f3n, extracci\u00f3n, consulta, utilizaci\u00f3n, comunicaci\u00f3n por transmisi\u00f3n, difusi\u00f3n o cualquier otra forma que facilite el acceso a los mismos, cotejo o interconexi\u00f3n, as\u00ed como su bloqueo, supresi\u00f3n o destrucci\u00f3n.<\/p>\n<p><strong>ART\u00cdCULO 2 \u00c1mbito de aplicaci\u00f3n<\/strong><\/p>\n<p>La finalidad de la presente pol\u00edtica de protecci\u00f3n de datos personales (en lo sucesivo, la \u00abPol\u00edtica\u00bb) es informar a los Interesados de la manera en que RURAL O URBANO recoge y trata sus datos personales.<\/p>\n<p><strong>ART\u00cdCULO 3 Identidad del Responsable del tratamiento<\/strong><\/p>\n<p>Los datos personales son recogidos por RURAL O URBANO cuyo domicilio est\u00e1 en Santa Mar\u00eda de Francos local s\/n 27611 Paradela, Lugo, representada por D\u00f1a. Laura Vallverd\u00fa Gonz\u00e1lez en su calidad de Directora.<\/p>\n<p><strong>ART\u00cdCULO 4 Tratamiento de datos personales<\/strong><\/p>\n<p>RURAL O URBANO\u00a0se compromete a proteger la vida privada de sus usuarios en cumplimiento de las reglamentaciones vigentes y en particular de la ley conocida como \u00abLey de Inform\u00e1tica y Libertades\u00bb n\u00ba 78-17 del 6 de enero de 1978 modificada y del Reglamento Europeo 2016\/678 relativo a la protecci\u00f3n de datos.<\/p>\n<p><strong>1. Finalidades<\/strong><\/p>\n<p>En el marco de la utilizaci\u00f3n de la p\u00e1gina Web https:\/\/ruralourbano.com, RURAL O URBANO recoge datos que le conciernen. Estos datos se tratan de acuerdo con las finalidades previstas cuando se recogen, a saber:<\/p>\n<p>Contacto<\/p>\n<p>Gesti\u00f3n de la newsletter<\/p>\n<p>Gesti\u00f3n de las cookies<\/p>\n<p><strong>2. Datos tratados<\/strong><\/p>\n<p>Cuando se recojan Datos, se informar\u00e1 al Usuario si determinados Datos son obligatorios o si son opcionales. Los Datos identificados con un asterisco en un formulario de inscripci\u00f3n son obligatorios. En su defecto, el acceso a los Servicios y su utilizaci\u00f3n por el Usuario ser\u00e1n imposibles.<\/p>\n<p>Asimismo, RURAL O URBANO puede recoger datos personales para otras finalidades, para lo cual solicitar\u00e1 previamente el consentimiento de los interesados.<\/p>\n<p>En particular, RURAL O URBANO podr\u00e1 recoger los siguientes datos:<\/p>\n<p><strong>Identidad:<\/strong> nombres y apellidos, direcci\u00f3n, n\u00famero de tel\u00e9fono, direcci\u00f3n de correo electr\u00f3nico.<\/p>\n<p><span style=\"color: #333300;\"><strong>Datos de contacto:\u00a0<\/strong>los mensajes enviados a la p\u00e1gina Web a trav\u00e9s de los formularios de contacto (\u00abIdeas o sugestiones\u00bb).<\/span><\/p>\n<p><strong>3. Destinatarios de los Datos recogidos<\/strong><\/p>\n<p>La base de datos constituida con motivo de la inscripci\u00f3n a los Servicios es estrictamente confidencial. RURAL O URBANO se compromete a tomar todas las precauciones \u00fatiles, medidas organizativas y t\u00e9cnicas adecuadas para garantizar la seguridad, la integridad y la confidencialidad de los Datos y, en particular, a impedir que sean deformados, da\u00f1ados o que terceros no autorizados puedan acceder a ellos.<\/p>\n<p><strong>4. Datos transferidos a las autoridades y\/u organismos p\u00fablicos<\/strong><\/p>\n<p>De acuerdo con la reglamentaci\u00f3n vigente, los Datos pueden transmitirse a las autoridades competentes a petici\u00f3n previa, y en particular a los organismos p\u00fablicos, exclusivamente para cumplir con las obligaciones legales, a los auxiliares de justicia, a los oficiales ministeriales y a los organismos encargados de efectuar los cobros de deudas.<\/p>\n<p><strong>5. Periodos de conservaci\u00f3n<\/strong><\/p>\n<p>Los datos de contacto no se conservan pasado un a\u00f1o desde el tratamiento de la solicitud.<\/p>\n<p><span style=\"color: #333300;\">Los datos tratados con su acuerdo en el marco de operaciones de prospecci\u00f3n no podr\u00e1n conservarse pasados 3 a\u00f1os desde el \u00faltimo contacto por su parte o en caso de oposici\u00f3n.<\/span><\/p>\n<p><strong>ART\u00cdCULO 5 Derechos de los Interesados<\/strong><\/p>\n<p>Se recuerda que los Interesados disponen de un derecho de acceso, rectificaci\u00f3n y oposici\u00f3n al tratamiento de sus datos personales, salvo en aquellos casos en que el tratamiento responda a una obligaci\u00f3n legal. Pueden ejercer dichos derechos, de acuerdo con la ley n\u00ba 78-17 del 6 de enero de 1978 modificada el 6 de agosto de 2004, previa justificaci\u00f3n de su identidad y de un motivo leg\u00edtimo:<\/p>\n<p><span style=\"color: #333300;\">por correo electr\u00f3nico a la siguiente direcci\u00f3n: info@164.92.128.162<\/span><\/p>\n<p><span style=\"color: #333300;\">por correo postal a la siguiente direcci\u00f3n: Santa Mar\u00eda de Francos s\/s 27611 Paradela, Lugo.<\/span><\/p>\n<p>RURAL O URBANO se compromete a que los datos recogidos se conserven en una forma que permita la identificaci\u00f3n de los Interesados por un periodo de tiempo no superior al periodo necesario para las finalidades para las que se hayan recogido y tratado.<\/p>\n<p><strong>ART\u00cdCULO 6 TRANSMISI\u00d3N DE LOS DATOS PERSONALES<\/strong><\/p>\n<p>Los datos personales recogidos en la p\u00e1gina Web est\u00e1n exclusivamente reservados a RURAL O URBANO.<\/p>\n<p>RURAL O URBANO es la \u00fanica destinataria de dichos datos. No se realiza ninguna trasmisi\u00f3n fuera de la Uni\u00f3n Europea. No obstante, RURAL O URBANO se reserva el derecho a transmitir sus datos personales a los fines de cumplir con sus obligaciones legales, y en particular si estuviera obligada por requerimiento judicial.<\/p>\n<p><strong>ART\u00cdCULO 7 Prospecci\u00f3n comercial<\/strong><\/p>\n<p>RURAL O URBANO le permite recibir ofertas comerciales e informaciones por correo electr\u00f3nico.<\/p>\n<p>Los Interesados podr\u00e1n oponerse en todo momento a la difusi\u00f3n de publicidad dirigida en la p\u00e1gina Web e informar a RURAL O URBANO de que no desean seguir recibiendo ofertas comerciales o informaciones. Ud. puede oponerse en todo momento a la recepci\u00f3n de mensajes haciendo clic sobre el enlace que se encuentra al final de cada correo electr\u00f3nico.<\/p>\n<p><strong>ART\u00cdCULO 8 Seguridad<\/strong><\/p>\n<p>De acuerdo con los art\u00edculos 34 y 35 de la ley n\u00ba 78-17 del 6 de enero de 1978 modificada el 6 de agosto de 2004, RURAL O URBANO emplea todas las medidas t\u00e9cnicas y organizativas necesarias para garantizar la seguridad y la confidencialidad de los datos personales recogidos y tratados, y en particular para impedir que sean deformados, da\u00f1ados o comunicados a Terceros no autorizados, garantizando un nivel de seguridad adaptado a los riesgos ligados al tratamiento y a la naturaleza de los datos objeto de protecci\u00f3n, habida cuenta del nivel tecnol\u00f3gico y del coste de implementaci\u00f3n.<\/p>\n<p><strong>ART\u00cdCULO 9 Cookies (En su caso, supr\u00edmase)<\/strong><\/p>\n<p>Una cookie (en lo sucesivo la(s) \u00abCookie(s)\u00bb) es un fichero que puede grabarse en un terminal, como su disco duro, cuando se consulta un Servicio con un navegador. Una Cookie permite a su emisor, durante su periodo de validez, reconocer el terminal en cuesti\u00f3n cada vez que dicho terminal acceda a un contenido digital que contenga Cookies del mismo emisor.<\/p>\n<p>Se informa al Usuario de que, al conectarse a la p\u00e1gina Web o a las Aplicaciones y al utilizar los Servicios, se instalan Cookies en su terminal de recepci\u00f3n (ordenador, Tablet, Smartphone, etc.) o en su navegador, seg\u00fan lo decidido por el Usuario con respecto a las Cookies, para el buen funcionamiento de los Servicios. El Usuario puede cambiar de opini\u00f3n en todo momento.<\/p>\n<p>Esta p\u00e1gina Web puede utilizar varios tipos de cookies:<\/p>\n<p>Las cookies estrictamente necesarias para la navegaci\u00f3n en la p\u00e1gina Web y que garantizan su buen funcionamiento;<\/p>\n<p>Las cookies funcionales que le permiten identificarse y, en consecuencia, acceder a su cuenta, a su cesta de la compra, as\u00ed como personalizar su experiencia en la p\u00e1gina Web;<\/p>\n<p>Las cookies que permiten establecer estad\u00edsticas de visitas;<\/p>\n<p>Las cookies y plug-in de redes sociales;<\/p>\n<p><span style=\"color: #333300;\">Las cookies publicitarias que permiten enviar ofertas relacionadas con los intereses de los internautas;<\/span><\/p>\n<p>Las cookies instaladas en la p\u00e1gina Web son exclusivamente:<\/p>\n<p>utilizadas como cesta de la compra en un portal comercial;<\/p>\n<p>cookies de sesi\u00f3n usuario <span style=\"color: #333300;\">(session ID)<\/span> que permiten relacionar las acciones de un usuario en un proceso de pedido.<\/p>\n<p><em>destinadas para que quede registrado el idioma o el pa\u00eds de residencia del usuario de su p\u00e1gina Web, as\u00ed como la divisa en la que realiza sus compras<\/em><\/p>\n<p><em>cookies flash, que contienen elementos estrictamente necesarios para que funcione un reproductor multimedia (audio o v\u00eddeo), correspondiente a un contenido solicitado por el usuario.<\/em><\/p>\n<p><strong>1. Las Cookies de navegaci\u00f3n en la p\u00e1gina Web y Aplicaciones:<\/strong><\/p>\n<p>Las Cookies de navegaci\u00f3n permiten mejorar el rendimiento de los Servicios con el fin de ofrecer al Usuario una mejor utilizaci\u00f3n de la p\u00e1gina Web y de las Aplicaciones. Estas Cookies no requieren la informaci\u00f3n y el acuerdo previo del Usuario para que se depositen en el terminal del Usuario.<\/p>\n<p>M\u00e1s concretamente, estas Cookies de navegaci\u00f3n permiten:<\/p>\n<p>Adaptar la presentaci\u00f3n de la p\u00e1gina Web y de las Aplicaciones a las preferencias de presentaci\u00f3n del terminal (idioma utilizado, resoluci\u00f3n de imagen, sistema operativo utilizado, etc.) cuando el Usuario visita la p\u00e1gina Web o las Aplicaciones, seg\u00fan los materiales y los programas de visualizaci\u00f3n o de lectura que tenga el terminal;<\/p>\n<p>Permitir el acceso a un espacio reservado sujeto a un nombre de usuario y una contrase\u00f1a;<\/p>\n<p>Memorizar informaciones relativas al formulario que el Usuario haya cumplimentado en la p\u00e1gina Web y las Aplicaciones o informaciones que el Usuario haya elegido en la p\u00e1gina Web o la Aplicaci\u00f3n;<\/p>\n<p>Ofrecer al Usuario un acceso a su cuenta y a cualquier otro espacio reservado a los abonados gracias a su nombre de usuario.<\/p>\n<p>Implementar medidas de seguridad, por ejemplo, cuando se solicita al Usuario que se conecte de nuevo a un contenido o a un Servicio pasado un determinado lapso de tiempo.<\/p>\n<p><strong>2. Las Cookies de medici\u00f3n de audiencia:<\/strong><\/p>\n<p>Las Cookies de medici\u00f3n de audiencia permiten establecer estad\u00edsticas y vol\u00famenes de visitas y de utilizaci\u00f3n de los diversos elementos que componen la p\u00e1gina Web y las Aplicaciones (secciones y contenidos visitados, recorridos), que permiten al Editor mejorar el inter\u00e9s y la ergonom\u00eda de los Servicios.<\/p>\n<p><strong>3. Las Cookies de publicidad:<\/strong><\/p>\n<p>Las Cookies de publicidad permiten determinar en tiempo real qu\u00e9 publicidad mostrar en funci\u00f3n de la navegaci\u00f3n reciente del Usuario en la p\u00e1gina Web y las Aplicaciones con el fin de limitar el n\u00famero de veces en que el Usuario ve una publicidad y para permitir medir la eficacia de una campa\u00f1a publicitaria.<\/p>\n<p>Los contenidos publicitarios pueden contener cookies emitidas por terceros: el anunciante del contenido publicitario correspondiente o una empresa ajena al anunciante (agencia de comunicaci\u00f3n, empresa de medici\u00f3n de audiencia, prestatario de publicidad dirigida, etc.) o una empresa de publicidad, que ha asociado una cookie al contenido publicitario de un anunciante.<\/p>\n<p>En su caso, las cookies emitidas por los terceros mencionados pueden permitirles, durante el periodo de validez de las cookies:<\/p>\n<p><strong>4. Las Cookies de an\u00e1lisis del comportamiento:<\/strong><\/p>\n<p>Las Cookies de an\u00e1lisis del comportamiento permiten identificar aquellas informaciones de las p\u00e1ginas Web y Aplicaciones que puedan ser de mayor inter\u00e9s para el Usuario, contribuir a mejorar su navegaci\u00f3n y hacer que esta sea m\u00e1s interesante.<\/p>\n<p>En la medida en que el Usuario haya comunicado al Editor Datos que le conciernen, sobre todo a trav\u00e9s de su inscripci\u00f3n a los Servicios, el Editor puede, seg\u00fan lo decidido por el Usuario, asociar a los Datos del Usuario las informaciones de navegaci\u00f3n tratadas por las Cookies que el Editor emite para enviarle, por ejemplo, prospecciones electr\u00f3nicas o mostrar en su terminal, en los espacios publicitarios que contienen Cookies, publicidades personalizadas.<\/p>\n<p>El Usuario podr\u00e1 en todo momento solicitar dejar de recibir publicidades adaptadas a las informaciones de navegaci\u00f3n de su terminal, contactando directa y gratuitamente con el Editor o mediante un enlace para darse de baja incluido en toda prospecci\u00f3n que el Editor haya podido enviarle por correo electr\u00f3nico. Que el Usuario decida rechazar la publicidad basada en el comportamiento no significa que deje de recibir publicidad en Internet. Significa simplemente que la publicidad que aparecer\u00e1 en la p\u00e1gina Web o en la Aplicaci\u00f3n ya no corresponder\u00e1 a sus intereses o a sus preferencias en el navegador utilizado por el Usuario.<\/p>\n<p><strong>5. Google Analytics y vida privada<\/strong><\/p>\n<p>Esta p\u00e1gina Web utiliza un servicio de an\u00e1lisis Web ofrecido por Google Inc. (\u00abGoogle). Google Analytics utiliza \u00abcookies\u00bb, ficheros de texto almacenados en su ordenador que permiten analizar la utilizaci\u00f3n de la p\u00e1gina Web. Las informaciones generadas por las cookies relativas a la utilizaci\u00f3n de la p\u00e1gina Web son transmitidas a un servidor de Google en Estados Unidos, donde se almacenan. Google utiliza estas informaciones para evaluar su utilizaci\u00f3n de la p\u00e1gina Web con el fin de compilar informes sobre la actividad de la p\u00e1gina Web para los operadores de la p\u00e1gina Web y ofrecer otros servicios ligados a la utilizaci\u00f3n de la p\u00e1gina Web y a la utilizaci\u00f3n de Internet. Asimismo, Google transmitir\u00e1 estas informaciones a terceros en caso de que as\u00ed lo exija la ley o si esos datos son tratados por terceros por cuenta de Google. Google va a utilizar estas informaciones para evaluar su utilizaci\u00f3n de la p\u00e1gina Web, redactar informes sobre las actividades de la p\u00e1gina Web destinados a sus operadores y ofrecer otros servicios ligados a la utilizaci\u00f3n de la p\u00e1gina Web y a la utilizaci\u00f3n de Internet. Asimismo, Google transmitir\u00e1 estas informaciones a terceros en caso de que as\u00ed lo exija la ley o si esos datos son tratados por terceros por cuenta de Google. En ning\u00fan caso su direcci\u00f3n IP estar\u00e1 asociada a otros datos de Google. Puede desactivar las cookies modificando los par\u00e1metros de su navegador. Sin embargo, le recordamos que en ese caso no podr\u00e1 utilizar todas las funciones de esta p\u00e1gina Web. Puede en todo momento anular la recogida y el almacenamiento de los datos por Google Analytics para el periodo siguiente a la anulaci\u00f3n, descargando un Browser-Add-on para desactivar Google Analytics e instal\u00e1ndolo para su navegador. Encontrar\u00e1 el Add-on para la desactivaci\u00f3n en [http:\/\/tools.google.com\/dlpage\/gaoptout?hl=de].<\/p>\n<p><strong><u>Rechazar las cookies<\/u><\/strong><\/p>\n<p>El Usuario puede configurar su navegador para que las Cookies se graben en el terminal o, por el contrario, que se rechacen sistem\u00e1ticamente o seg\u00fan el emisor. El Usuario puede asimismo configurar su navegador para que se le proponga en determinadas ocasiones aceptar o rechazar las Cookies antes de que una Cookie puede grabarse en su terminal.<\/p>\n<p>Para la gesti\u00f3n de las Cookies y de las elecciones del Usuario, la configuraci\u00f3n de cada navegador es diferente. Est\u00e1 indicada en el men\u00fa de ayuda del navegador, que le permitir\u00e1 saber c\u00f3mo modificar su decisi\u00f3n en materia de Cookies:<\/p>\n<p>Para\u00a0<a href=\"http:\/\/windows.microsoft.com\/fr-FR\/windows-vista\/Block-or-allow-cookies\" target=\"_blank\" rel=\"noopener\">Internet Explorer\u2122<\/a><\/p>\n<p>Para\u00a0<a href=\"http:\/\/docs.info.apple.com\/article.html?path=Safari\/3.0\/fr\/9277.html\" target=\"_blank\" rel=\"noopener\">Safari\u2122<\/a><\/p>\n<p>Para\u00a0<a href=\"http:\/\/support.google.com\/chrome\/bin\/answer.py?hl=fr&amp;hlrm=en&amp;answer=95647\" target=\"_blank\" rel=\"noopener\">Chrome\u2122<\/a><\/p>\n<p>Para\u00a0<a href=\"http:\/\/support.mozilla.org\/fr\/kb\/Activer%20et%20d%C3%A9sactiver%20les%20cookies\" target=\"_blank\" rel=\"noopener\">Firefox\u2122<\/a><\/p>\n<p>Para\u00a0<a href=\"http:\/\/help.opera.com\/Windows\/10.20\/fr\/cookies.html\" target=\"_blank\" rel=\"noopener\">Opera\u2122<\/a><\/p>\n<p>El Usuario puede en todo momento indicar o modificar su decisi\u00f3n en materia de Cookies.<\/p>\n<p><strong>ART\u00cdCULO 10 Declaraciones y garant\u00edas<\/strong><\/p>\n<p>En general, los contenidos y servicios ofrecidos en el Espacio Web tienen car\u00e1cter meramente informativo. Por consiguiente, al ofrecerlos, no se otorga garant\u00eda ni declaraci\u00f3n alguna en relaci\u00f3n con los contenidos y servicios ofrecidos en el Espacio web, incluyendo, a t\u00edtulo enunciativo, garant\u00edas de licitud, fiabilidad, utilidad, veracidad, exactitud, o comerciabilidad, salvo en la medida en que por ley no puedan excluirse tales declaraciones y garant\u00edas.<\/p>\n<p><strong>ART\u00cdCULO 11 Fuerza mayor<\/strong><\/p>\n<p>La empresa no ser\u00e1 responsable en todo en caso de imposibilidad de prestar servicio, si \u00e9sta se debe a interrupciones prolongadas del suministro el\u00e9ctrico, l\u00edneas de telecomunicaciones, conflictos sociales, huelgas, rebeli\u00f3n, explosiones, inundaciones, actos y omisiones del Gobierno, y en general todos los supuestos de fuerza mayor o de caso fortuito.<\/p>\n<p><strong>ART\u00cdCULO 12 Resoluci\u00f3n de controversias. Ley aplicable y jurisdicci\u00f3n<\/strong><\/p>\n<p>Las presentes Condiciones Generales de Uso, as\u00ed como el uso del Espacio Web, se regir\u00e1n por la legislaci\u00f3n espa\u00f1ola. Para la resoluci\u00f3n de cualquier controversia las partes se someter\u00e1n a los Juzgados y Tribunales del domicilio social del Responsable del sitio web.<\/p>\n<p>En el supuesto de que cualquier estipulaci\u00f3n de las presentes Condiciones Generales de Uso resultara inexigible o nula en virtud de la legislaci\u00f3n aplicable o como consecuencia de una resoluci\u00f3n judicial o administrativa, dicha inexigibilidad o nulidad no har\u00e1 que las presentes Condiciones Generales de Uso resulten inexigibles o nulas en su conjunto. En dichos casos, la empresa proceder\u00e1 a la modificaci\u00f3n o sustituci\u00f3n de dicha estipulaci\u00f3n por otra que sea v\u00e1lida y exigible y que, en la medida de lo posible, consiga el objetivo y pretensi\u00f3n reflejados en la estipulaci\u00f3n original.<\/p>\n\t\t<\/div>\n\t\t\t\t\t<\/div>\n\n\t\n<\/div>\n","protected":false},"excerpt":{"rendered":"","protected":false},"author":1,"featured_media":0,"parent":0,"menu_order":0,"comment_status":"closed","ping_status":"closed","template":"","meta":{"inline_featured_image":false,"footnotes":""},"class_list":["post-2805","page","type-page","status-publish","hentry"],"_links":{"self":[{"href":"https:\/\/ruralourbano.com\/gl\/wp-json\/wp\/v2\/pages\/2805","targetHints":{"allow":["GET"]}}],"collection":[{"href":"https:\/\/ruralourbano.com\/gl\/wp-json\/wp\/v2\/pages"}],"about":[{"href":"https:\/\/ruralourbano.com\/gl\/wp-json\/wp\/v2\/types\/page"}],"author":[{"embeddable":true,"href":"https:\/\/ruralourbano.com\/gl\/wp-json\/wp\/v2\/users\/1"}],"replies":[{"embeddable":true,"href":"https:\/\/ruralourbano.com\/gl\/wp-json\/wp\/v2\/comments?post=2805"}],"version-history":[{"count":0,"href":"https:\/\/ruralourbano.com\/gl\/wp-json\/wp\/v2\/pages\/2805\/revisions"}],"wp:attachment":[{"href":"https:\/\/ruralourbano.com\/gl\/wp-json\/wp\/v2\/media?parent=2805"}],"curies":[{"name":"wp","href":"https:\/\/api.w.org\/{rel}","templated":true}]}}