{"id":8797,"date":"2023-09-14T18:16:52","date_gmt":"2023-09-14T16:16:52","guid":{"rendered":"https:\/\/164.92.128.162\/?page_id=8797"},"modified":"2024-10-08T23:37:55","modified_gmt":"2024-10-08T21:37:55","slug":"empresas","status":"publish","type":"page","link":"https:\/\/ruralourbano.com\/gl\/empresas\/","title":{"rendered":"EMPRESAS"},"content":{"rendered":"<h2><\/h2>\n<h1 style=\"text-align: center;\"><span style=\"font-size: 300%; color: #282828;\"><strong>Es unha empresa?<\/strong><\/span><\/h1>\n\t<div class=\"img has-hover x md-x lg-x y md-y lg-y\" id=\"image_2115384869\">\n\t\t\t\t\t\t\t\t<div class=\"img-inner image-cover dark\" style=\"padding-top:56.25%;\">\n\t\t\t<img loading=\"lazy\" decoding=\"async\" width=\"1920\" height=\"2560\" src=\"https:\/\/ruralourbano.com\/wp-content\/uploads\/2023\/09\/Capackzo-muestra-web-scaled.jpg\" class=\"attachment-original size-original\" alt=\"\" srcset=\"https:\/\/ruralourbano.com\/wp-content\/uploads\/2023\/09\/Capackzo-muestra-web-scaled.jpg 1920w, https:\/\/ruralourbano.com\/wp-content\/uploads\/2023\/09\/Capackzo-muestra-web-300x400.jpg 300w, https:\/\/ruralourbano.com\/wp-content\/uploads\/2023\/09\/Capackzo-muestra-web-600x800.jpg 600w, https:\/\/ruralourbano.com\/wp-content\/uploads\/2023\/09\/Capackzo-muestra-web-768x1024.jpg 768w, https:\/\/ruralourbano.com\/wp-content\/uploads\/2023\/09\/Capackzo-muestra-web-1152x1536.jpg 1152w, https:\/\/ruralourbano.com\/wp-content\/uploads\/2023\/09\/Capackzo-muestra-web-1536x2048.jpg 1536w, https:\/\/ruralourbano.com\/wp-content\/uploads\/2023\/09\/Capackzo-muestra-web-510x680.jpg 510w\" sizes=\"auto, (max-width: 1920px) 100vw, 1920px\" \/>\t\t\t\t\t\t\n\t\t\t\t\t<\/div>\n\t\t\t\t\t\t\t\t\n<style>\n#image_2115384869 {\n  width: 100%;\n}\n<\/style>\n\t<\/div>\n\t\n\t<div id=\"gap-815565516\" class=\"gap-element clearfix\" style=\"display:block; height:auto;\">\n\t\t\n<style>\n#gap-815565516 {\n  padding-top: 45px;\n}\n<\/style>\n\t<\/div>\n\t\n<div class=\"row\"  id=\"row-1131782187\">\n\n\t<div id=\"col-580476896\" class=\"col small-12 large-12\"  >\n\t\t\t\t<div class=\"col-inner\"  >\n\t\t\t\n\t\t\t\n<h2 class=\"soleil\" style=\"color: #718139; text-align: center;\"><a href=\"https:\/\/ruralourbano.com\/gl\/cat\/empresas-gl\/\"><strong>EMPRESAS<\/strong><\/a><\/h2>\n<h1><\/h1>\n<h1 style=\"text-align: center;\"><span style=\"font-size: 150%;\">Sorprende aos teus colaboradores, clientes ou empleados. <\/span><\/h1>\n<h1 style=\"text-align: center;\"><span style=\"font-size: 150%;\"><span style=\"color: #808000;\"><strong>Regala orixinalidade e exclusividade.<\/strong><\/span> <\/span><\/h1>\n<h1 style=\"text-align: center;\"><span style=\"font-size: 150%;\">Obsequia ao teu equipo ao m\u00e1is puro estilo <\/span><span style=\"font-size: 150%;\">Rural o Urbano.<\/span><\/h1>\n\t\t<\/div>\n\t\t\t\t\t<\/div>\n\n\t\n<\/div>\n<div class=\"row\"  id=\"row-570321932\">\n\n\t<div id=\"col-1133335228\" class=\"col small-12 large-12\"  >\n\t\t\t\t<div class=\"col-inner\"  >\n\t\t\t\n\t\t\t\n  <div class=\"banner-grid-wrapper\">\n  <div id=\"banner-grid-1412446506\" class=\"banner-grid row row-grid row-small\" data-packery-options=\"\">\n                      \n<div class=\"col grid-col large-6 grid-col-1\" ><div class=\"col-inner\">\n\t<div class=\"img has-hover x md-x lg-x y md-y lg-y\" id=\"image_1258996070\">\n\t\t\t\t\t\t\t\t<div class=\"img-inner dark\" >\n\t\t\t<img loading=\"lazy\" decoding=\"async\" width=\"600\" height=\"800\" src=\"https:\/\/ruralourbano.com\/wp-content\/uploads\/2023\/10\/Capackzo-maridaje-rosado-premium-gourmet-600x800.jpeg\" class=\"attachment-large size-large\" alt=\"\" srcset=\"https:\/\/ruralourbano.com\/wp-content\/uploads\/2023\/10\/Capackzo-maridaje-rosado-premium-gourmet-600x800.jpeg 600w, https:\/\/ruralourbano.com\/wp-content\/uploads\/2023\/10\/Capackzo-maridaje-rosado-premium-gourmet-300x400.jpeg 300w, https:\/\/ruralourbano.com\/wp-content\/uploads\/2023\/10\/Capackzo-maridaje-rosado-premium-gourmet-768x1024.jpeg 768w, https:\/\/ruralourbano.com\/wp-content\/uploads\/2023\/10\/Capackzo-maridaje-rosado-premium-gourmet-1152x1536.jpeg 1152w, https:\/\/ruralourbano.com\/wp-content\/uploads\/2023\/10\/Capackzo-maridaje-rosado-premium-gourmet-510x680.jpeg 510w, https:\/\/ruralourbano.com\/wp-content\/uploads\/2023\/10\/Capackzo-maridaje-rosado-premium-gourmet.jpeg 1432w\" sizes=\"auto, (max-width: 600px) 100vw, 600px\" \/>\t\t\t\t\t\t\n\t\t\t\t\t<\/div>\n\t\t\t\t\t\t\t\t\n<style>\n#image_1258996070 {\n  width: 100%;\n}\n<\/style>\n\t<\/div>\n\t\n<\/div><\/div>\n<div class=\"col grid-col large-3 grid-col-1\" ><div class=\"col-inner\">\n\t<div class=\"img has-hover x md-x lg-x y md-y lg-y\" id=\"image_2049512566\">\n\t\t\t\t\t\t\t\t<div class=\"img-inner dark\" >\n\t\t\t<img loading=\"lazy\" decoding=\"async\" width=\"600\" height=\"800\" src=\"https:\/\/ruralourbano.com\/wp-content\/uploads\/2023\/04\/Xianas-originales4-600x800.jpg\" class=\"attachment-large size-large\" alt=\"\" srcset=\"https:\/\/ruralourbano.com\/wp-content\/uploads\/2023\/04\/Xianas-originales4-600x800.jpg 600w, https:\/\/ruralourbano.com\/wp-content\/uploads\/2023\/04\/Xianas-originales4-300x400.jpg 300w, https:\/\/ruralourbano.com\/wp-content\/uploads\/2023\/04\/Xianas-originales4-768x1024.jpg 768w, https:\/\/ruralourbano.com\/wp-content\/uploads\/2023\/04\/Xianas-originales4-1152x1536.jpg 1152w, https:\/\/ruralourbano.com\/wp-content\/uploads\/2023\/04\/Xianas-originales4-1536x2048.jpg 1536w, https:\/\/ruralourbano.com\/wp-content\/uploads\/2023\/04\/Xianas-originales4-510x680.jpg 510w, https:\/\/ruralourbano.com\/wp-content\/uploads\/2023\/04\/Xianas-originales4-scaled.jpg 1920w\" sizes=\"auto, (max-width: 600px) 100vw, 600px\" \/>\t\t\t\t\t\t\n\t\t\t\t\t<\/div>\n\t\t\t\t\t\t\t\t\n<style>\n#image_2049512566 {\n  width: 100%;\n}\n<\/style>\n\t<\/div>\n\t\n<\/div><\/div>\n<div class=\"col grid-col large-3 grid-col-1-2\" ><div class=\"col-inner\">\n\t<div class=\"img has-hover x md-x lg-x y md-y lg-y\" id=\"image_682938422\">\n\t\t\t\t\t\t\t\t<div class=\"img-inner dark\" >\n\t\t\t<img loading=\"lazy\" decoding=\"async\" width=\"600\" height=\"800\" src=\"https:\/\/ruralourbano.com\/wp-content\/uploads\/2023\/09\/Capackzo-Mencia-vintage-600x800.jpg\" class=\"attachment-large size-large\" alt=\"\" srcset=\"https:\/\/ruralourbano.com\/wp-content\/uploads\/2023\/09\/Capackzo-Mencia-vintage-600x800.jpg 600w, https:\/\/ruralourbano.com\/wp-content\/uploads\/2023\/09\/Capackzo-Mencia-vintage-300x400.jpg 300w, https:\/\/ruralourbano.com\/wp-content\/uploads\/2023\/09\/Capackzo-Mencia-vintage-768x1024.jpg 768w, https:\/\/ruralourbano.com\/wp-content\/uploads\/2023\/09\/Capackzo-Mencia-vintage-1152x1536.jpg 1152w, https:\/\/ruralourbano.com\/wp-content\/uploads\/2023\/09\/Capackzo-Mencia-vintage-1536x2048.jpg 1536w, https:\/\/ruralourbano.com\/wp-content\/uploads\/2023\/09\/Capackzo-Mencia-vintage-510x680.jpg 510w, https:\/\/ruralourbano.com\/wp-content\/uploads\/2023\/09\/Capackzo-Mencia-vintage.jpg 1575w\" sizes=\"auto, (max-width: 600px) 100vw, 600px\" \/>\t\t\t\t\t\t\n\t\t\t\t\t<\/div>\n\t\t\t\t\t\t\t\t\n<style>\n#image_682938422 {\n  width: 100%;\n}\n<\/style>\n\t<\/div>\n\t\n<\/div><\/div>\n<div class=\"col grid-col large-3 grid-col-1-2\" ><div class=\"col-inner\">\n\t<div class=\"img has-hover x md-x lg-x y md-y lg-y\" id=\"image_1095923638\">\n\t\t\t\t\t\t\t\t<div class=\"img-inner dark\" >\n\t\t\t\t\t\t\t\t\t\n\t\t\t\t\t<\/div>\n\t\t\t\t\t\t\t\t\n<style>\n#image_1095923638 {\n  width: 100%;\n}\n<\/style>\n\t<\/div>\n\t\n<\/div><\/div>\n            <\/div>\n    <style>\n    #banner-grid-1412446506 .grid-col-1{height: 600px}\n    #banner-grid-1412446506 .grid-col-1-2{height: 300px}\n    #banner-grid-1412446506 .grid-col-1-3{height:200px}\n    #banner-grid-1412446506 .grid-col-2-3{height: 400px}\n    #banner-grid-1412446506 .grid-col-1-4{height: 150px}\n    #banner-grid-1412446506 .grid-col-3-4{height: 450px}\n\n\n    \n    \n\n  <\/style>\n    <\/div>\n  \n\t\t<\/div>\n\t\t\t\t\t<\/div>\n\n\t\n<\/div>\n<div class=\"row\"  id=\"row-1481370690\">\n\n\t<div id=\"col-344898230\" class=\"col small-12 large-12\"  >\n\t\t\t\t<div class=\"col-inner text-center\"  >\n\t\t\t\n\t\t\t\n<h1 style=\"text-align: center;\"><span style=\"font-size: 150%;\">Os nosos <a href=\"https:\/\/ruralourbano.com\/gl\/cat\/capackzos-rural-o-urbano\/\"><span style=\"color: #808000;\"><strong>CAPACKZOS<\/strong><\/span><\/a> son PACKS de produto envasados en CAPAZOS de palma rematados con bonitos lazos de tea.<\/span><\/h1>\n<h1 style=\"text-align: center;\"><span style=\"font-size: 150%; color: #000000;\"><span style=\"color: #000000;\">Elixe o tama\u00f1o e\/ou a combinaci\u00f3n de produtos que m\u00e1is se axuste ao teu plan de empresa.<\/span><\/span><\/h1>\n<h1 style=\"text-align: center;\"><span style=\"font-size: 150%;\"><span style=\"color: #808000;\"><strong>Celebra os teus logros ou premia aos teus mellores aliados transmit\u00edndolles a nosa proposta de valor.<\/strong><\/span><\/span><\/h1>\n<h1 style=\"text-align: center;\"><strong><span style=\"font-size: 150%; color: #000000;\"><span style=\"color: #000000;\">Adaptar\u00e9monos \u00e1s t\u00faas necesidades.<\/span><\/span><\/strong><\/h1>\n\t<div id=\"gap-1020201651\" class=\"gap-element clearfix\" style=\"display:block; height:auto;\">\n\t\t\n<style>\n#gap-1020201651 {\n  padding-top: 30px;\n}\n<\/style>\n\t<\/div>\n\t\n<a class=\"button primary is-larger lowercase\"  >\n    <span>As nosas suxerencias<\/span>\n  <\/a>\n\n\t\t<\/div>\n\t\t\t\t\t<\/div>\n\n\t\n<\/div>\n<div class=\"row\"  id=\"row-228356860\">\n\n\t<div id=\"col-360565812\" class=\"col medium-4 small-12 large-4\"  >\n\t\t\t\t<div class=\"col-inner\"  >\n\t\t\t\n\t\t\t\n<h1 style=\"text-align: center;\"><span style=\"color: #282828; font-size: 110%;\"><strong>Calidade e<\/strong><\/span><span style=\"color: #282828; font-size: 110%;\"><strong>\u00a0excelencia.<\/strong><\/span><\/h1>\n\t\t<\/div>\n\t\t\t\t\t<\/div>\n\n\t\n\n\t<div id=\"col-1844106947\" class=\"col medium-4 small-12 large-4\"  >\n\t\t\t\t<div class=\"col-inner\"  >\n\t\t\t\n\t\t\t\n<h1 style=\"text-align: center;\"><span style=\"color: #282828; font-size: 110%;\"><strong>% Descontos por <\/strong><\/span><span style=\"color: #282828; font-size: 110%;\"><strong>volume.<\/strong><\/span><\/h1>\n\t\t<\/div>\n\t\t\t\t\t<\/div>\n\n\t\n\n\t<div id=\"col-1873262072\" class=\"col medium-4 small-12 large-4\"  >\n\t\t\t\t<div class=\"col-inner\"  >\n\t\t\t\n\t\t\t\n<h1 style=\"text-align: center;\"><span style=\"color: #282828; font-size: 110%;\"><strong>Flexibilidade nas <\/strong><\/span><span style=\"color: #282828; font-size: 110%;\"><strong>entregas.<\/strong><\/span><\/h1>\n\t\t<\/div>\n\t\t\t\t\t<\/div>\n\n\t\n<\/div>\n<div class=\"row\"  id=\"row-1687742453\">\n\n\t<div id=\"col-1298587466\" class=\"col small-12 large-12\"  >\n\t\t\t\t<div class=\"col-inner\"  >\n\t\t\t\n\t\t\t\n<h1 style=\"text-align: center;\"><strong>Condicions xerais para empresas:<\/strong><\/h1>\n<ul>\n<li><strong>Cando Rural o Urbano reciba un pedido corporativo por parte dunha empresa solicitante que supere as 15 unidades de produto<\/strong> (sexa cal for o produto solicitado), <strong>Rural o Urbano<\/strong> dispo\u00f1er\u00e1 dunha marxe de 2 semanas para poder organizar e coordinar o pedido correspondente dun modo totalmente satisfactorio para a empresa. <strong>Se non fose posible adquirir as cantidades de produto necesarias<\/strong> desexadas por parte da empresa solicitante, Rural ou Urbano comunicar\u00e1 esta informaci\u00f3n canto antes para as\u00ed non avanzar o pedido corporativo en cuesti\u00f3n.<\/li>\n<li><strong>Durante as campa\u00f1as ou acci\u00f3ns especiais talles como NADAL, PASCUA ou festividades concretas<\/strong> nas que o pedido corporativo solicitado por parte da empresa supere as 15 unidades de produto (sexa cal for o produto solicitado), a empresa solicitante deber\u00e1 po\u00f1erse en contacto con <strong>Rural o Urbano<\/strong> <strong>con m\u00ednimo 1 mes de antelaci\u00f3n<\/strong> para poder organizar e coordinar o pedido correspondente dun modo totalmente satisfactorio para a empresa.<\/li>\n<li>Cando unha empresa solicite un pedido corporativo a <strong>Rural o Urbano<\/strong> emitir\u00e1selle o orzamento correspondente. O orzamento enviado por <strong>Rural o Urbano<\/strong> deber\u00e1 ser aceptado nas 24h-48h seguintes para as\u00ed proceder \u00e1 xesti\u00f3n, preparaci\u00f3n e env\u00edo do pedido. De non ser as\u00ed o orzamento non ter\u00e1 validez e deberase emitir un novo se fose o caso.<\/li>\n<li>Cando a empresa solicitante acepta un orzamento de solicitude de pedido enviado por <strong>Rural o Urbano<\/strong>, a empresa solicitante deber\u00e1 anticipar o pago do 30% do total do pedido solicitado. O 70% restante poder\u00e1 ser pagado no proceso final de entrega do pedido.<\/li>\n<li><strong>Rural o Urbano s\u00f3 realiza env\u00edos de pedidos corporativos a pen\u00ednsula.<\/strong> Non se realizan env\u00edos de pedidos corporativos \u00e1s Illas Canarias, Illas Baleares, Ceuta, Melilla, e Portugal.<\/li>\n<\/ul>\n\t\t<\/div>\n\t\t\t\t\t<\/div>\n\n\t\n<\/div>\n\t<div id=\"text-3688420629\" class=\"text\">\n\t\t\n\t\t\n<style>\n#text-3688420629 {\n  font-size: 1.45rem;\n  line-height: 1.5;\n  text-align: left;\n  color: #718139;\n}\n#text-3688420629 > * {\n  color: #718139;\n}\n<\/style>\n\t<\/div>\n\t\n","protected":false},"excerpt":{"rendered":"<p>Es unha empresa?<\/p>\n","protected":false},"author":1,"featured_media":0,"parent":0,"menu_order":0,"comment_status":"closed","ping_status":"closed","template":"","meta":{"inline_featured_image":false,"footnotes":""},"class_list":["post-8797","page","type-page","status-publish","hentry"],"_links":{"self":[{"href":"https:\/\/ruralourbano.com\/gl\/wp-json\/wp\/v2\/pages\/8797","targetHints":{"allow":["GET"]}}],"collection":[{"href":"https:\/\/ruralourbano.com\/gl\/wp-json\/wp\/v2\/pages"}],"about":[{"href":"https:\/\/ruralourbano.com\/gl\/wp-json\/wp\/v2\/types\/page"}],"author":[{"embeddable":true,"href":"https:\/\/ruralourbano.com\/gl\/wp-json\/wp\/v2\/users\/1"}],"replies":[{"embeddable":true,"href":"https:\/\/ruralourbano.com\/gl\/wp-json\/wp\/v2\/comments?post=8797"}],"version-history":[{"count":0,"href":"https:\/\/ruralourbano.com\/gl\/wp-json\/wp\/v2\/pages\/8797\/revisions"}],"wp:attachment":[{"href":"https:\/\/ruralourbano.com\/gl\/wp-json\/wp\/v2\/media?parent=8797"}],"curies":[{"name":"wp","href":"https:\/\/api.w.org\/{rel}","templated":true}]}}