{"id":10008,"date":"2024-02-21T11:26:14","date_gmt":"2024-02-21T10:26:14","guid":{"rendered":"https:\/\/164.92.128.162\/?post_type=product&#038;p=10008"},"modified":"2025-02-26T00:27:33","modified_gmt":"2025-02-25T23:27:33","slug":"capazo-de-palma-pequeno-con-cor-e-asas-de-coiro","status":"publish","type":"product","link":"https:\/\/ruralourbano.com\/gl\/producto\/capazo-de-palma-pequeno-con-cor-e-asas-de-coiro\/","title":{"rendered":"Capazo de palma pequeno con cor e asas de coiro"},"content":{"rendered":"<p><strong>Descrici\u00f3n:<\/strong><\/p>\n<ul>\n<li><strong>Capazo de palma pequeno con cor e asas de coiro<\/strong><\/li>\n<li>Medidas: ancho 26cm x alto 17cm.<\/li>\n<li>As medidas poden variar lixeiramente posto que cada <strong>capazo de palma<\/strong> \u00e9 feito a man.<\/li>\n<li>O complemento ideal para calquera ocasi\u00f3n.<\/li>\n<li>Este modelo de<strong> capazo de palma pequeno con cor e asas de coiro <\/strong>\u00e9 ideal para os m\u00e1is pequenos da casa.<\/li>\n<li>Este modelo de <strong>capazo de palma pequeno con cor e asas de coiro<\/strong>\u00a0\u00e9 un elemento id\u00f3neo para eventos e celebraci\u00f3ns.<\/li>\n<\/ul>\n<p><strong>Coidados:<\/strong><\/p>\n<ul>\n<li>Cando non o uses, g\u00e1rdao nun espazo no que nada o deforme.<\/li>\n<li>Recomendamos gardar o <strong>capazo de palma pequeno con cor e asas de coiro<\/strong>\u00a0nunha bolsa guardapolvo.<\/li>\n<li>En caso de mancha, limpar cun pano h\u00famido canto antes.<\/li>\n<\/ul>\n","protected":false},"excerpt":{"rendered":"<p><strong>\u00dasao, \u00e9ncheo, l\u00faceo.<\/strong><\/p>\n<p>En <strong>Rural o Urbano<\/strong> somos amantes dos capazos e por eso reivindicamos o uso do capazo todo o ano! E \u00e9 que un <strong>capazo de palma<\/strong> pos\u00fae m\u00faltiples funcionalidades.<\/p>\n<p>O <strong>Capazo de palma pequeno con cor e asas de coiro<\/strong> ser\u00e1 un complemento divertido que achegar\u00e1 frescura e orixinalidade a calquera look m\u00e1is informal.. Xa sexa para un d\u00eda de compras, unha escapada \u00e1 praia ou un paseo pola cidade con calquera dos teus mellores looks. O seu dese\u00f1o minimalista ad\u00e1ptase a calquera ocasi\u00f3n, mentres que a s\u00faa construci\u00f3n duradeira garante resistencia e estilo.<\/p>\n<p>Beleza e simplicidade cun toque orixinalmente campestre.<\/p>\n<p><strong>Elemento ideal para celebraci\u00f3ns, eventos e decoraci\u00f3n floral.<\/strong><\/p>\n<p><strong>Medidas aproximadas: ancho cm 26x alto 17cm.<\/strong><\/p>\n<p>Bota unha ollada ao resto de produtos de\u00a0<a href=\"https:\/\/ruralourbano.com\/gl\/cat\/lifestyle\/\"><strong>Rural o Urbano lifestyle<\/strong><\/a>.<\/p>\n<p><strong>Env\u00edos s\u00f3 a pen\u00ednsula | Merca produto gourmet galego seleccionado e lifestyle exclusivo<\/strong><\/p>\n","protected":false},"featured_media":10011,"comment_status":"open","ping_status":"closed","template":"","meta":{"inline_featured_image":false},"product_brand":[],"product_cat":[458,158],"product_tag":[965,785,967,648],"class_list":{"0":"post-10008","1":"product","2":"type-product","3":"status-publish","4":"has-post-thumbnail","6":"product_cat-eventos","7":"product_cat-lifestyle","8":"product_tag-capazo-gl","9":"product_tag-capazo-de-palma-gl","10":"product_tag-capazo-pequeno-gl","11":"product_tag-eventos","13":"first","14":"instock","15":"taxable","16":"shipping-taxable","17":"purchasable","18":"product-type-simple"},"_links":{"self":[{"href":"https:\/\/ruralourbano.com\/gl\/wp-json\/wp\/v2\/product\/10008","targetHints":{"allow":["GET"]}}],"collection":[{"href":"https:\/\/ruralourbano.com\/gl\/wp-json\/wp\/v2\/product"}],"about":[{"href":"https:\/\/ruralourbano.com\/gl\/wp-json\/wp\/v2\/types\/product"}],"replies":[{"embeddable":true,"href":"https:\/\/ruralourbano.com\/gl\/wp-json\/wp\/v2\/comments?post=10008"}],"wp:featuredmedia":[{"embeddable":true,"href":"https:\/\/ruralourbano.com\/gl\/wp-json\/wp\/v2\/media\/10011"}],"wp:attachment":[{"href":"https:\/\/ruralourbano.com\/gl\/wp-json\/wp\/v2\/media?parent=10008"}],"wp:term":[{"taxonomy":"product_brand","embeddable":true,"href":"https:\/\/ruralourbano.com\/gl\/wp-json\/wp\/v2\/product_brand?post=10008"},{"taxonomy":"product_cat","embeddable":true,"href":"https:\/\/ruralourbano.com\/gl\/wp-json\/wp\/v2\/product_cat?post=10008"},{"taxonomy":"product_tag","embeddable":true,"href":"https:\/\/ruralourbano.com\/gl\/wp-json\/wp\/v2\/product_tag?post=10008"}],"curies":[{"name":"wp","href":"https:\/\/api.w.org\/{rel}","templated":true}]}}