{"id":10172,"date":"2024-03-03T18:30:10","date_gmt":"2024-03-03T17:30:10","guid":{"rendered":"https:\/\/164.92.128.162\/?post_type=product&#038;p=10172"},"modified":"2025-02-26T00:29:36","modified_gmt":"2025-02-25T23:29:36","slug":"pack-hola-mundo-by-meteora-handmade-para-rural-o-urbano","status":"publish","type":"product","link":"https:\/\/ruralourbano.com\/gl\/producto\/pack-hola-mundo-by-meteora-handmade-para-rural-o-urbano\/","title":{"rendered":"Pack Hola mundo by Meteora Handmade para Rural o Urbano"},"content":{"rendered":"<div class=\"textboxes\">\n<div class=\"col_b\">\n<div class=\"textbox\">\n<p><strong>Descrici\u00f3n:<\/strong><\/p>\n<ul>\n<li class=\"textarea unknown\"><strong>Pack Hola mundo by Meteora Handmade para Rural o Urbano<\/strong> de tea 100% algod\u00f3n org\u00e1nico con estampado vichy.<\/li>\n<li class=\"textarea unknown\">Tr\u00e1tase do detalle perfecto para dar a benvida ao beb\u00e9 dunha forma orixinal, conxuntada e 100% \u00abhandmade\u00bb.<\/li>\n<li>Composto de:\n<ul>\n<li><strong>1 babero<\/strong>: confeccionado en tea vichy de algod\u00f3n 100% org\u00e1nico e rizo de toalla (que \u00e9 m\u00e1is absorbente que outros tecidos). P\u00e9chase cun bot\u00f3n a presi\u00f3n ou snap. Lavable en m\u00e1quina a un m\u00e1ximo de 30\u00ba. Pode pasarse o ferro a unha temperatura adecuada para o algod\u00f3n. Non utilices lixivias nin produtos agresivos que poidan danar os tecidos.<\/li>\n<li><strong>1 chupetero<\/strong>: a conxunto, coa mesma tea vichy de algod\u00f3n 100% org\u00e1nico. Eng\u00e1nchase \u00e1 ropita do beb\u00e9 cunha pinza. O chupete sux\u00e9itase facilmente polo outro extremo, onde est\u00e1 o snap. Recomendable lavar a man, xa que a pinza non se pode quitar. Pode pasarse o ferro a unha temperatura adecuada para o algod\u00f3n. Non utilizar lixivias nin produtos agresivos que poidan danar os tecidos.<\/li>\n<li><strong>1 juguete mordedor<\/strong>: a conxunto na mesma tea vichy de algod\u00f3n 100% org\u00e1nico e rizo de toalla. Leva un aro de madeira de haxa sen tratar. COIDADOS: Non ferver nin esterilizar. Lavar con auga fr\u00eda e xab\u00f3n neutro e deixar secar a temperatura ambiente. ADVERTENCIA: Revisar antes de cada uso. Recom\u00e9ndase supervisi\u00f3n dun adulto durante o xogo.<\/li>\n<\/ul>\n<\/li>\n<\/ul>\n<p><strong>Medidas: <\/strong><\/p>\n<ul>\n<li><strong>Babero:<\/strong> 27cm largo x 27cm ancho.<\/li>\n<li><strong>Chupetero:<\/strong> 25cm largo.<\/li>\n<li><strong>Mordedor:<\/strong> 17cm largo.<\/li>\n<li>As medidas poden variar lixeiramente ao tratarse de produtos feitos a man.<\/li>\n<\/ul>\n<p><strong>Consellos de lavado: <\/strong><\/p>\n<ul>\n<li>Ler detalle para lavado de cada elemento na parte superior da descrici\u00f3n do artigo.<\/li>\n<li>Non mesturar con pezas de cor durante os lavados.<\/li>\n<\/ul>\n<\/div>\n<\/div>\n<\/div>\n","protected":false},"excerpt":{"rendered":"<p><a href=\"https:\/\/meteorahandmade.com\/\"><strong>Meteora Handmade<\/strong><\/a>\u00a0\u00e9 unha marca lucense de\u00a0<strong>costura creativa<\/strong>\u00a0que nace en 2022 en\u00a0<strong>Lugo<\/strong>.<\/p>\n<p>O<strong> Pack Hola Mundo by Meteora Handmade para Rural o Urbano<\/strong> est\u00e1 confeccionado a man en tea vichy de algod\u00f3n 100% org\u00e1nico de alta calidade.<\/p>\n<p>Composto por: <strong>1 babero, 1 chupetero e 1 mordedor.<\/strong><\/p>\n<p><strong>O estilo, a filosof\u00eda e o \u201csavoir faire\u201d de Meteora Handmade encaixan \u00e1 perfecci\u00f3n co car\u00e1cter e o lifestyle campestre de vangarda de Rural o Urbano.<\/strong><\/p>\n<p>Desexamos transmitir o noso orixinal e exclusivo estilo de vida aos recentemente chegados a este mundo!<\/p>\n<p>Bota unha ollada ao resto do noso <a href=\"https:\/\/ruralourbano.com\/gl\/cat\/lifestyle\/\"><strong>Rural o Urbano lifestyle<\/strong><\/a>.<\/p>\n<p><strong>Env\u00edos s\u00f3 a pen\u00ednsula | Merca produto gourmet galego seleccionado e lifestyle exclusivo<\/strong><\/p>\n","protected":false},"featured_media":10204,"comment_status":"open","ping_status":"closed","template":"","meta":{"inline_featured_image":false},"product_brand":[],"product_cat":[158],"product_tag":[616,773,614,971],"class_list":{"0":"post-10172","1":"product","2":"type-product","3":"status-publish","4":"has-post-thumbnail","6":"product_cat-lifestyle","7":"product_tag-costura-creativa-gl","8":"product_tag-lugo-gl","9":"product_tag-meteora-handmade-gl","10":"product_tag-meteora-handmade-para-rural-o-urbano-gl","12":"first","13":"instock","14":"taxable","15":"shipping-taxable","16":"purchasable","17":"product-type-simple"},"_links":{"self":[{"href":"https:\/\/ruralourbano.com\/gl\/wp-json\/wp\/v2\/product\/10172","targetHints":{"allow":["GET"]}}],"collection":[{"href":"https:\/\/ruralourbano.com\/gl\/wp-json\/wp\/v2\/product"}],"about":[{"href":"https:\/\/ruralourbano.com\/gl\/wp-json\/wp\/v2\/types\/product"}],"replies":[{"embeddable":true,"href":"https:\/\/ruralourbano.com\/gl\/wp-json\/wp\/v2\/comments?post=10172"}],"wp:featuredmedia":[{"embeddable":true,"href":"https:\/\/ruralourbano.com\/gl\/wp-json\/wp\/v2\/media\/10204"}],"wp:attachment":[{"href":"https:\/\/ruralourbano.com\/gl\/wp-json\/wp\/v2\/media?parent=10172"}],"wp:term":[{"taxonomy":"product_brand","embeddable":true,"href":"https:\/\/ruralourbano.com\/gl\/wp-json\/wp\/v2\/product_brand?post=10172"},{"taxonomy":"product_cat","embeddable":true,"href":"https:\/\/ruralourbano.com\/gl\/wp-json\/wp\/v2\/product_cat?post=10172"},{"taxonomy":"product_tag","embeddable":true,"href":"https:\/\/ruralourbano.com\/gl\/wp-json\/wp\/v2\/product_tag?post=10172"}],"curies":[{"name":"wp","href":"https:\/\/api.w.org\/{rel}","templated":true}]}}