{"id":10179,"date":"2024-03-03T20:25:07","date_gmt":"2024-03-03T19:25:07","guid":{"rendered":"https:\/\/164.92.128.162\/?post_type=product&#038;p=10179"},"modified":"2026-04-04T17:11:09","modified_gmt":"2026-04-04T15:11:09","slug":"cerveza-artesana-aloumina-salgadina","status":"publish","type":"product","link":"https:\/\/ruralourbano.com\/gl\/producto\/cerveza-artesana-aloumina-salgadina\/","title":{"rendered":"Cerveza artesana Aloumi\u00f1a Salgadi\u00f1a"},"content":{"rendered":"<p><strong>Descrici\u00f3n da Cerveza artesana Aloumi\u00f1a Salgadi\u00f1a:<\/strong><\/p>\n<ul>\n<li><strong>Cervexa artes\u00e1<\/strong> loura de estilo belga.<\/li>\n<li>Ideal para beber con arroces, peixe, marisco ou sushi.<\/li>\n<\/ul>\n<p><strong>Elaboraci\u00f3n:<\/strong><\/p>\n<ul>\n<li>Feita con auga de mar, lim\u00f3n e cilandro.<\/li>\n<\/ul>\n<p><strong>Suxesti\u00f3ns de combinaci\u00f3n:<\/strong><\/p>\n<ul>\n<li><a href=\"https:\/\/ruralourbano.com\/gl\/producto\/lomos-de-bonito-del-norte-currimar-140g\/\"><strong>Lomos de bonito del norte Curriimar 140g<\/strong><\/a><\/li>\n<li><a href=\"https:\/\/ruralourbano.com\/gl\/producto\/patatotas-bolsa-mini-44g\/\"><strong>Patatotas bolsa mini 44g<\/strong><\/a><\/li>\n<\/ul>\n","protected":false},"excerpt":{"rendered":"<p>A <strong>Cerveza artesana Aloumi\u00f1a Salgadi\u00f1a<\/strong>\u00a0\u00e9 unha <strong>cervexa artes\u00e1<\/strong> elaborada por <a href=\"https:\/\/ruralourbano.com\/gl\/productores\/cerveza-gl\/cervexa-artesa-aloumina\/\"><strong>Aloumi\u00f1a<\/strong><\/a> no <strong>barrio da Tiner\u00eda<\/strong> da cidade de <strong>Lugo<\/strong>.<\/p>\n<p><strong>Cervexa artes\u00e1 feita en colaboraci\u00f3n co restaurante \u201cA Cofrad\u00eda de Rinlo\u201d<\/strong> (Ribadeo, <strong>Lugo<\/strong>) para maridar co seu popular arroz caldoso.<\/p>\n<p>Ideal para beber con arroces, peixe, marisco ou sushi.<\/p>\n<p><strong>Cervexa artes\u00e1 Gose<\/strong> elaborada con auga de mar, lim\u00f3n e cilandro.<\/p>\n<p>O principal obxectivo de <a href=\"https:\/\/ruralourbano.com\/gl\/productores\/cerveza-gl\/cervexa-artesa-aloumina\/\"><strong>Aloumi\u00f1a<\/strong><\/a>\u00a0\u00e9 elaborar cervexas diferentes. Reinterpretando os estilos cl\u00e1sicos que tanto gustan aos amantes das cervexas artes\u00e1s, achegando un matiz persoal a cada unha das s\u00faas referencias.<\/p>\n<p><strong>Gose \/ 17 IBU \/ 33cl.<\/strong><\/p>\n<p><strong>Grao Alcoh\u00f3lico 5.6% Vol.<\/strong><\/p>\n<p><strong>Prata Barcelona Beer Festival (BBF) 2017 &amp; Bronce Barcelona Beer Festival (BBF) 2019.<\/strong><\/p>\n<p><strong>Produto gastron\u00f3mico gourmet de Lugo.<\/strong><\/p>\n<p>Quizais che guste descubrir o <a href=\"https:\/\/ruralourbano.com\/gl\/producto\/cervexa-artesa-aloumina-salgadina\/\"><strong>Mini Capackzo Azul Gourmet<\/strong><\/a>.<\/p>\n<p><strong>Env\u00edos s\u00f3 a pen\u00ednsula | Merca produto gourmet galego seleccionado e lifestyle exclusivo<\/strong><\/p>\n","protected":false},"featured_media":10185,"comment_status":"open","ping_status":"closed","template":"","meta":{"inline_featured_image":false},"product_brand":[],"product_cat":[200],"product_tag":[1013,984,632,773,1105],"class_list":{"0":"post-10179","1":"product","2":"type-product","3":"status-publish","4":"has-post-thumbnail","6":"product_cat-adega","7":"product_tag-cerveza-artesana-gl","8":"product_tag-cofradia-de-rinlo-gl","9":"product_tag-gourmet-gl","10":"product_tag-lugo-gl","11":"product_tag-producto-gourmet-gallego-gl","13":"first","14":"instock","15":"taxable","16":"shipping-taxable","17":"purchasable","18":"product-type-simple"},"_links":{"self":[{"href":"https:\/\/ruralourbano.com\/gl\/wp-json\/wp\/v2\/product\/10179","targetHints":{"allow":["GET"]}}],"collection":[{"href":"https:\/\/ruralourbano.com\/gl\/wp-json\/wp\/v2\/product"}],"about":[{"href":"https:\/\/ruralourbano.com\/gl\/wp-json\/wp\/v2\/types\/product"}],"replies":[{"embeddable":true,"href":"https:\/\/ruralourbano.com\/gl\/wp-json\/wp\/v2\/comments?post=10179"}],"wp:featuredmedia":[{"embeddable":true,"href":"https:\/\/ruralourbano.com\/gl\/wp-json\/wp\/v2\/media\/10185"}],"wp:attachment":[{"href":"https:\/\/ruralourbano.com\/gl\/wp-json\/wp\/v2\/media?parent=10179"}],"wp:term":[{"taxonomy":"product_brand","embeddable":true,"href":"https:\/\/ruralourbano.com\/gl\/wp-json\/wp\/v2\/product_brand?post=10179"},{"taxonomy":"product_cat","embeddable":true,"href":"https:\/\/ruralourbano.com\/gl\/wp-json\/wp\/v2\/product_cat?post=10179"},{"taxonomy":"product_tag","embeddable":true,"href":"https:\/\/ruralourbano.com\/gl\/wp-json\/wp\/v2\/product_tag?post=10179"}],"curies":[{"name":"wp","href":"https:\/\/api.w.org\/{rel}","templated":true}]}}