{"id":10212,"date":"2024-03-20T10:24:28","date_gmt":"2024-03-20T09:24:28","guid":{"rendered":"https:\/\/164.92.128.162\/?post_type=product&#038;p=10212"},"modified":"2026-01-26T20:48:32","modified_gmt":"2026-01-26T19:48:32","slug":"capackzo-dulce-alma-de-cafe-gourmet","status":"publish","type":"product","link":"https:\/\/ruralourbano.com\/gl\/producto\/capackzo-dulce-alma-de-cafe-gourmet\/","title":{"rendered":"Capackzo Dulce Alma de Caf\u00e9 Gourmet"},"content":{"rendered":"<p><strong>Descrici\u00f3n:<\/strong><\/p>\n<p>O <strong>Capackzo Dulce Alma de Caf\u00e9 Gourmet<\/strong> \u00e9 un <strong>pack gourmet <\/strong>envasado nun capazo de palma formado por:<\/p>\n<ul>\n<li><a href=\"https:\/\/ruralourbano.com\/gl\/producto\/crema-de-cafe-el-riba\/\"><strong>1 Crema de caf\u00e9 El Riba<\/strong><\/a><\/li>\n<li><a href=\"https:\/\/ruralourbano.com\/gl\/producto\/licor-de-cafe-el-riba\/\"><strong>1 Licor de Caf\u00e9 El Riba<\/strong><\/a><\/li>\n<li><a href=\"https:\/\/ruralourbano.com\/gl\/producto\/galletas-xianas-de-cafe\/\"><strong>1 Galletas Xianas caf\u00e9<\/strong><\/a><\/li>\n<li><a href=\"https:\/\/ruralourbano.com\/gl\/producto\/capazo-de-palma\/\"><strong>1 Capazo de palma<\/strong><\/a><\/li>\n<\/ul>\n<p><strong>Informaci\u00f3n importante:<\/strong><\/p>\n<ul>\n<li>Servir a <strong>crema de caf\u00e9<\/strong> e o<strong> licor de caf\u00e9<\/strong> entre 2 \u00b0C e 6 \u00b0C.<\/li>\n<li>Ideal servir con 2-3 pedras de xeo.<\/li>\n<li>Almacenar as galletas <strong>Xianas de caf\u00e9<\/strong> nun lugar fresco e seco.<\/li>\n<\/ul>\n","protected":false},"excerpt":{"rendered":"<p>O noso <strong>Capackzo Dulce Alma de Caf\u00e9 Gourmet<\/strong> \u00e9 un <strong>pack gourmet <\/strong>de <strong>Lugo<\/strong>.<\/p>\n<p>O <strong>Capackzo Dulce Alma de Caf\u00e9 Gourmet<\/strong> combina \u00e1 perfecci\u00f3n a intensidade do <strong>licor caf\u00e9 artesanal<\/strong> coa suavidade da<strong> crema de caf\u00e9<\/strong> e o toque crujiente das <strong>galletas Xianas de caf\u00e9<\/strong>, creando unha harmon\u00eda perfecta de sabores gourmet.<\/p>\n<p>Ideal para gozar despois dunha comida, en sobremesas especiais ou para regalar a algu\u00e9n que aprecia os sabores aut\u00e9nticos de <strong>Lugo<\/strong>.<\/p>\n<p>Encarga o teu\u00a0<strong>Capackzo Dulce Alma de Caf\u00e9 Gourmet <\/strong>se est\u00e1s a realizar o\u00a0<strong>Cami\u00f1o de Santiago<\/strong>.<\/p>\n<p>O <strong>Capackzo Dulce Alma de Caf\u00e9 Gourmet<\/strong> \u00e9 unha orixinal proposta de\u00a0<strong>gastronom\u00eda do Camino de Santiago Franc\u00e9s<\/strong>. Se es peregrino entreg\u00e1moscho en man en calquera localizaci\u00f3n da etapa entre Sarria e Portomarin para que o poidas gozar a modo de\u00a0<strong>picnic<\/strong>.<\/p>\n<p>Co <strong>Capackzo Dulce Alma de Caf\u00e9 Gourmet <\/strong>vas recibir:<\/p>\n<ul>\n<li><a href=\"https:\/\/ruralourbano.com\/gl\/producto\/crema-de-cafe-el-riba\/\"><strong>1 Crema de caf\u00e9 El Riba<\/strong><\/a><\/li>\n<li><a href=\"https:\/\/ruralourbano.com\/gl\/producto\/licor-de-cafe-el-riba\/\"><strong>1 Licor de Caf\u00e9 El Riba<\/strong><\/a><\/li>\n<li><a href=\"https:\/\/ruralourbano.com\/gl\/producto\/galletas-xianas-de-cafe\/\"><strong>1 Galletas Xianas caf\u00e9<\/strong><\/a><\/li>\n<li><a href=\"https:\/\/ruralourbano.com\/gl\/producto\/capazo-de-palma\/\"><strong>1 Capazo de palma<\/strong><\/a><\/li>\n<\/ul>\n<p>Os nosos <a href=\"https:\/\/ruralourbano.com\/gl\/cat\/capackzos-rural-o-urbano\/\"><strong>Capackzos Rural o Urbano<\/strong><\/a> son a opci\u00f3n ideal se desexas realizar un agasallo de agradecemento ou ben obsequiar cun pequeno presente a algu\u00e9n que aprecias dun modo exclusivo e orixinal.<\/p>\n<p><strong>Env\u00edos s\u00f3 a pen\u00ednsula | Merca produto gourmet galego seleccionado e lifestyle exclusivo<\/strong><\/p>\n","protected":false},"featured_media":11543,"comment_status":"open","ping_status":"closed","template":"","meta":{"inline_featured_image":false},"product_brand":[],"product_cat":[200,168,160,743],"product_tag":[857,1071,1037,773,664,820,1105,429],"class_list":{"0":"post-10212","1":"product","2":"type-product","3":"status-publish","4":"has-post-thumbnail","6":"product_cat-adega","7":"product_cat-capackzos-rural-o-urbano","8":"product_cat-doce","9":"product_cat-empresa-gl","10":"product_tag-cafe-gl","11":"product_tag-camino-de-santiago-gl","12":"product_tag-camino-de-santiago-frances-gl","13":"product_tag-lugo-gl","14":"product_tag-pack-gourmet-gl","15":"product_tag-picnic-gl","16":"product_tag-producto-gourmet-gallego-gl","17":"product_tag-xianas-gl","19":"first","20":"instock","21":"taxable","22":"shipping-taxable","23":"purchasable","24":"product-type-simple"},"_links":{"self":[{"href":"https:\/\/ruralourbano.com\/gl\/wp-json\/wp\/v2\/product\/10212","targetHints":{"allow":["GET"]}}],"collection":[{"href":"https:\/\/ruralourbano.com\/gl\/wp-json\/wp\/v2\/product"}],"about":[{"href":"https:\/\/ruralourbano.com\/gl\/wp-json\/wp\/v2\/types\/product"}],"replies":[{"embeddable":true,"href":"https:\/\/ruralourbano.com\/gl\/wp-json\/wp\/v2\/comments?post=10212"}],"wp:featuredmedia":[{"embeddable":true,"href":"https:\/\/ruralourbano.com\/gl\/wp-json\/wp\/v2\/media\/11543"}],"wp:attachment":[{"href":"https:\/\/ruralourbano.com\/gl\/wp-json\/wp\/v2\/media?parent=10212"}],"wp:term":[{"taxonomy":"product_brand","embeddable":true,"href":"https:\/\/ruralourbano.com\/gl\/wp-json\/wp\/v2\/product_brand?post=10212"},{"taxonomy":"product_cat","embeddable":true,"href":"https:\/\/ruralourbano.com\/gl\/wp-json\/wp\/v2\/product_cat?post=10212"},{"taxonomy":"product_tag","embeddable":true,"href":"https:\/\/ruralourbano.com\/gl\/wp-json\/wp\/v2\/product_tag?post=10212"}],"curies":[{"name":"wp","href":"https:\/\/api.w.org\/{rel}","templated":true}]}}