{"id":10218,"date":"2024-03-20T11:15:18","date_gmt":"2024-03-20T10:15:18","guid":{"rendered":"https:\/\/164.92.128.162\/?post_type=product&#038;p=10218"},"modified":"2025-02-26T00:20:40","modified_gmt":"2025-02-25T23:20:40","slug":"mini-capackzo-azul-gourmet","status":"publish","type":"product","link":"https:\/\/ruralourbano.com\/gl\/producto\/mini-capackzo-azul-gourmet\/","title":{"rendered":"Mini Capackzo Azul Gourmet"},"content":{"rendered":"<p><strong>Descrici\u00f3n:<\/strong><\/p>\n<p>O <strong>Mini Capackzo Azul Gourmet<\/strong> \u00e9 un pack de<strong> produto gourmet<\/strong> envasado nun capazo de palma formado por:<\/p>\n<ul>\n<li><strong><a href=\"https:\/\/ruralourbano.com\/gl\/producto\/lomos-de-bonito-del-norte-currimar-140g\/\">1 Lomos de bonito del norte Currimar 140g<\/a><\/strong><\/li>\n<li><strong><a href=\"https:\/\/ruralourbano.com\/gl\/producto\/cerveza-artesana-aloumina-salgadina\/\">2 Cerveza artesana Aloumi\u00f1a Salgadi\u00f1a<\/a><\/strong><\/li>\n<li><a href=\"https:\/\/ruralourbano.com\/gl\/producto\/capazo-de-palma-mini\/\"><strong>1 Capazo de palma mini<\/strong><\/a><\/li>\n<\/ul>\n<p><strong>Informaci\u00f3n importante:<\/strong><\/p>\n<ul>\n<li>A <strong>Cervexa artes\u00e1 Aloumi\u00f1a Salgadi\u00f1a<\/strong> \u00e9 unha cervexa artes\u00e1 elaborada por Aloumi\u00f1a no barrio da Tiner\u00eda da cidade de <strong>Lugo<\/strong>.<\/li>\n<li><strong>Cervexa artes\u00e1 feita en exclusiva para o restaurante \u201cA Confrar\u00eda de Rinlo\u201d<\/strong> (Ribadeo, <strong>Lugo<\/strong>) para combinar co seu popular arroz caldoso.<\/li>\n<li><strong>Prata Barcelona Beer Festival (BBF) 2017 &amp; Bronce Barcelona Beer Festival (BBF) 2019.<\/strong><\/li>\n<\/ul>\n","protected":false},"excerpt":{"rendered":"<p>O noso <strong>Mini Capackzo Azul Gourmet<\/strong> \u00e9 un<strong> pack gourme<\/strong>t de <strong>Lugo<\/strong>.<\/p>\n<p>O <strong>Mini Capackzo Azul Gourmet<\/strong> \u00e9 unha orixinal e sinxela combinaci\u00f3n de produto gourmet da <strong>Mari\u00f1a lucense<\/strong> (costa de <strong>Lugo<\/strong>).<\/p>\n<p>O protagonista visual \u00e9 aqu\u00ed a cor azul caracter\u00edstica do territorio norte da costa de <strong>Lugo<\/strong>.<\/p>\n<p>Encarga o teu\u00a0<strong>Mini Capackzo Azul Gourmet<\/strong>\u00a0se est\u00e1s a realizar o\u00a0<strong>Cami\u00f1o de Santiago<\/strong>.<\/p>\n<p>O\u00a0<strong>Mini Capackzo Azul Gourmet<\/strong>\u00a0\u00e9 unha orixinal proposta de\u00a0<strong>gastronom\u00eda do Cami\u00f1o de Santiago Franc\u00e9s<\/strong>. Se es peregrino entreg\u00e1moscho en man en calquera localizaci\u00f3n da etapa entre Sarria e Portomarin para que o poidas gozar a modo de\u00a0<strong>picnic<\/strong>.<\/p>\n<p>Co <strong>Mini Capackzo Azul Gourmet<\/strong> recibir\u00e1s:<\/p>\n<ul>\n<li><strong><a href=\"https:\/\/ruralourbano.com\/gl\/producto\/lomos-de-bonito-del-norte-currimar-140g\/\">1 Lomos de bonito del norte Currimar 140g<\/a><\/strong><\/li>\n<li><strong><a href=\"https:\/\/ruralourbano.com\/gl\/producto\/cerveza-artesana-aloumina-salgadina\/\">2 Cerveza artesana Aloumi\u00f1a Salgadi\u00f1a<\/a><\/strong><\/li>\n<li><a href=\"https:\/\/ruralourbano.com\/gl\/producto\/capazo-de-palma-mini\/\"><strong>1 Capazo de palma mini<\/strong><\/a><\/li>\n<\/ul>\n<p>Os nosos mini <a href=\"https:\/\/ruralourbano.com\/gl\/cat\/capackzos-rural-o-urbano\/\"><strong>Capackzos Rural o Urbano<\/strong><\/a> son a opci\u00f3n ideal se desexas realizar un agasallo de agradecemento ou ben obsequiar cun pequeno presente a algu\u00e9n que aprecias dun modo exclusivo e orixinal.<\/p>\n<p><strong>Env\u00edos s\u00f3 a pen\u00ednsula | Merca produto gourmet galego seleccionado e lifestyle exclusivo<\/strong><\/p>\n","protected":false},"featured_media":10221,"comment_status":"open","ping_status":"closed","template":"","meta":{"inline_featured_image":false},"product_brand":[],"product_cat":[200,168,743,201],"product_tag":[983,1037,1013,984,632,773,820,1105],"class_list":{"0":"post-10218","1":"product","2":"type-product","3":"status-publish","4":"has-post-thumbnail","6":"product_cat-adega","7":"product_cat-capackzos-rural-o-urbano","8":"product_cat-empresa-gl","9":"product_cat-tentempies","10":"product_tag-a-marina-lucense-gl","11":"product_tag-camino-de-santiago-frances-gl","12":"product_tag-cerveza-artesana-gl","13":"product_tag-cofradia-de-rinlo-gl","14":"product_tag-gourmet-gl","15":"product_tag-lugo-gl","16":"product_tag-picnic-gl","17":"product_tag-producto-gourmet-gallego-gl","19":"first","20":"instock","21":"taxable","22":"shipping-taxable","23":"purchasable","24":"product-type-simple"},"_links":{"self":[{"href":"https:\/\/ruralourbano.com\/gl\/wp-json\/wp\/v2\/product\/10218","targetHints":{"allow":["GET"]}}],"collection":[{"href":"https:\/\/ruralourbano.com\/gl\/wp-json\/wp\/v2\/product"}],"about":[{"href":"https:\/\/ruralourbano.com\/gl\/wp-json\/wp\/v2\/types\/product"}],"replies":[{"embeddable":true,"href":"https:\/\/ruralourbano.com\/gl\/wp-json\/wp\/v2\/comments?post=10218"}],"wp:featuredmedia":[{"embeddable":true,"href":"https:\/\/ruralourbano.com\/gl\/wp-json\/wp\/v2\/media\/10221"}],"wp:attachment":[{"href":"https:\/\/ruralourbano.com\/gl\/wp-json\/wp\/v2\/media?parent=10218"}],"wp:term":[{"taxonomy":"product_brand","embeddable":true,"href":"https:\/\/ruralourbano.com\/gl\/wp-json\/wp\/v2\/product_brand?post=10218"},{"taxonomy":"product_cat","embeddable":true,"href":"https:\/\/ruralourbano.com\/gl\/wp-json\/wp\/v2\/product_cat?post=10218"},{"taxonomy":"product_tag","embeddable":true,"href":"https:\/\/ruralourbano.com\/gl\/wp-json\/wp\/v2\/product_tag?post=10218"}],"curies":[{"name":"wp","href":"https:\/\/api.w.org\/{rel}","templated":true}]}}