{"id":10302,"date":"2024-04-10T14:37:43","date_gmt":"2024-04-10T12:37:43","guid":{"rendered":"https:\/\/165.22.68.75\/?post_type=product&#038;p=10302"},"modified":"2025-02-26T00:15:34","modified_gmt":"2025-02-25T23:15:34","slug":"mini-capackzo-sol-y-sal-gourmet","status":"publish","type":"product","link":"https:\/\/ruralourbano.com\/gl\/producto\/mini-capackzo-sol-y-sal-gourmet\/","title":{"rendered":"Mini Capackzo Sol y Sal Gourmet"},"content":{"rendered":"<p><strong>Descrici\u00f3n:<\/strong><\/p>\n<p>O <strong>Mini Capackzo Sol y Sal Gourmet<\/strong> \u00e9 un pack de <strong>produto gourmet<\/strong> envasado nun capazo de palma formado por:<\/p>\n<ul>\n<li><strong><a href=\"https:\/\/ruralourbano.com\/gl\/producto\/lombos-de-bonito-do-norte-currimar-140g\/\">1 Lombos de bonito do norte Currimar 140g<\/a><\/strong><\/li>\n<li><a href=\"https:\/\/ruralourbano.com\/gl\/producto\/polbo-en-aceite-de-oliva-virxe-extra-currimar-100g\/\"><strong>1 Polbo en aceite de oliva virxe extra Currimar 100g<\/strong><\/a><\/li>\n<li><strong><a href=\"https:\/\/ruralourbano.com\/gl\/producto\/cerveza-artesana-aloumina-loura\/\">2 Cervexa artes\u00e1 Aloumi\u00f1a Loura<\/a><\/strong><\/li>\n<li><a href=\"https:\/\/ruralourbano.com\/gl\/producto\/capazo-de-palma-mini\/\"><strong>1 Capazo de palma mini<\/strong><\/a><\/li>\n<\/ul>\n<p><strong>Informaci\u00f3n importante:<\/strong><\/p>\n<ul>\n<li>A <strong>Cervexa artes\u00e1 Aloumi\u00f1a Loura<\/strong>\u00a0\u00e9 unha cervexa artes\u00e1 elaborada por Aloumi\u00f1a no barrio da Tiner\u00eda da cidade de Lugo.<\/li>\n<li><strong>Bronce Barcelona Beer Challenge 2017.<\/strong><\/li>\n<\/ul>\n","protected":false},"excerpt":{"rendered":"<p>O noso <strong>Mini Capackzo Sol y Sal Gourmet<\/strong> \u00e9 un <strong>pack gourmet<\/strong>\u00a0de <strong>Lugo<\/strong>.<\/p>\n<p>O <strong>Mini Capackzo Sol y Sal Gourmet<\/strong> \u00e9 unha orixinal e sinxela combinaci\u00f3n de conservas gourmet <strong>Currimar<\/strong> da <strong>Mari\u00f1a lucense<\/strong> (costa de <strong>Lugo<\/strong>) e un par de cervexas Belgian Blonde Ale elaboradas no coraz\u00f3n da cidade de Lugo por <a href=\"https:\/\/ruralourbano.com\/gl\/productores\/cerveza-gl\/cervexa-artesa-aloumina\/\"><strong>Aloumi\u00f1a<\/strong><\/a>.<\/p>\n<p>Saborea un polbo e un bonito do norte de excelente calidade e acomp\u00e1\u00f1aos cun bo grolo de cervexa loura artes\u00e1 con car\u00e1cter propio.<\/p>\n<p>Encarga o teu <strong>Mini Capackzo Sol y Sal Gourmet<\/strong> se est\u00e1s a realizar o <strong>Cami\u00f1o de Santiago<\/strong>.<\/p>\n<p>O <strong>Mini Capackzo Sol y Sal Gourmet<\/strong> \u00e9 unha orixinal proposta de <strong>gastronom\u00eda do Camino de Santiago Franc\u00e9s<\/strong>. Se es peregrino entreg\u00e1moscho en man en calquera localizaci\u00f3n da etapa entre Sarria e Portomarin para que o poidas gozar a modo de <strong>picnic<\/strong>.<\/p>\n<p>Co <strong>Mini Capackzo Sol y Sal Gourmet<\/strong> recibir\u00e1s:<\/p>\n<ul>\n<li><strong><a href=\"https:\/\/ruralourbano.com\/gl\/producto\/lomos-de-bonito-del-norte-currimar-140g\/\">1 Lomos de bonito del norte Currimar 140g<\/a><\/strong><\/li>\n<li><a href=\"https:\/\/ruralourbano.com\/gl\/producto\/pulpo-en-aceite-de-oliva-virgen-extra-currimar-100g\/\"><strong>1 Pulpo en aceite de oliva virgen extra Currimar 100g<\/strong><\/a><\/li>\n<li><strong><a href=\"https:\/\/ruralourbano.com\/gl\/producto\/cerveza-artesana-aloumina-loura\/\">2 Cerveza artesana Aloumi\u00f1a Loura<\/a><\/strong><\/li>\n<li><a href=\"https:\/\/ruralourbano.com\/gl\/producto\/capazo-de-palma-mini\/\"><strong>1 Capazo de palma mini<\/strong><\/a><\/li>\n<\/ul>\n<p>Os nosos mini <a href=\"https:\/\/ruralourbano.com\/gl\/cat\/capackzos-rural-o-urbano\/\"><strong>Capackzos Rural o Urbano<\/strong><\/a> son a opci\u00f3n ideal se desexas realizar un agasallo de agradecemento ou ben obsequiar cun pequeno presente a algu\u00e9n que aprecias dun modo exclusivo e orixinal.<\/p>\n<p><strong>Env\u00edos s\u00f3 a pen\u00ednsula | Merca produto gourmet galego seleccionado e lifestyle exclusivo<\/strong><\/p>\n","protected":false},"featured_media":10305,"comment_status":"open","ping_status":"closed","template":"","meta":{"inline_featured_image":false},"product_brand":[],"product_cat":[200,168,743,201,442],"product_tag":[983,1037,525,1013,632,773,820,1105],"class_list":{"0":"post-10302","1":"product","2":"type-product","3":"status-publish","4":"has-post-thumbnail","6":"product_cat-adega","7":"product_cat-capackzos-rural-o-urbano","8":"product_cat-empresa-gl","9":"product_cat-tentempies","10":"product_cat-top-ventas","11":"product_tag-a-marina-lucense-gl","12":"product_tag-camino-de-santiago-frances-gl","13":"product_tag-capackzos-rural-o-urbano-gl","14":"product_tag-cerveza-artesana-gl","15":"product_tag-gourmet-gl","16":"product_tag-lugo-gl","17":"product_tag-picnic-gl","18":"product_tag-producto-gourmet-gallego-gl","20":"first","21":"instock","22":"taxable","23":"shipping-taxable","24":"purchasable","25":"product-type-simple"},"_links":{"self":[{"href":"https:\/\/ruralourbano.com\/gl\/wp-json\/wp\/v2\/product\/10302","targetHints":{"allow":["GET"]}}],"collection":[{"href":"https:\/\/ruralourbano.com\/gl\/wp-json\/wp\/v2\/product"}],"about":[{"href":"https:\/\/ruralourbano.com\/gl\/wp-json\/wp\/v2\/types\/product"}],"replies":[{"embeddable":true,"href":"https:\/\/ruralourbano.com\/gl\/wp-json\/wp\/v2\/comments?post=10302"}],"wp:featuredmedia":[{"embeddable":true,"href":"https:\/\/ruralourbano.com\/gl\/wp-json\/wp\/v2\/media\/10305"}],"wp:attachment":[{"href":"https:\/\/ruralourbano.com\/gl\/wp-json\/wp\/v2\/media?parent=10302"}],"wp:term":[{"taxonomy":"product_brand","embeddable":true,"href":"https:\/\/ruralourbano.com\/gl\/wp-json\/wp\/v2\/product_brand?post=10302"},{"taxonomy":"product_cat","embeddable":true,"href":"https:\/\/ruralourbano.com\/gl\/wp-json\/wp\/v2\/product_cat?post=10302"},{"taxonomy":"product_tag","embeddable":true,"href":"https:\/\/ruralourbano.com\/gl\/wp-json\/wp\/v2\/product_tag?post=10302"}],"curies":[{"name":"wp","href":"https:\/\/api.w.org\/{rel}","templated":true}]}}