{"id":10612,"date":"2024-06-30T16:34:18","date_gmt":"2024-06-30T14:34:18","guid":{"rendered":"https:\/\/165.22.68.75\/?post_type=product&#038;p=10612"},"modified":"2025-02-26T00:13:23","modified_gmt":"2025-02-25T23:13:23","slug":"camiseta-rural-o-urbano","status":"publish","type":"product","link":"https:\/\/ruralourbano.com\/gl\/producto\/camiseta-rural-o-urbano\/","title":{"rendered":"Camiseta Rural o Urbano"},"content":{"rendered":"<p><strong>Descrici\u00f3n: <\/strong><\/p>\n<ul>\n<li><strong>Camiseta unisex estilo casual.<\/strong><\/li>\n<\/ul>\n<p><strong>Tallas unisex dispo\u00f1ibles:<\/strong><\/p>\n<ul>\n<li><strong>S &#8211; M &#8211; L<\/strong><\/li>\n<li>Ancho ombreiros talla S: 45cm<\/li>\n<li>Ancho ombreiros talla M: 51cm<\/li>\n<li>Ancho ombreiros talla L: 53cm<\/li>\n<\/ul>\n<p><strong>Cor: <\/strong><\/p>\n<ul>\n<li>Branco.<\/li>\n<li>Eslogan en cor verde escuro<\/li>\n<\/ul>\n<p><strong>Composici\u00f3n: <\/strong><\/p>\n<ul>\n<li>100% algod\u00f3n.<\/li>\n<\/ul>\n<p><strong>Coidados: <\/strong><\/p>\n<ul>\n<li>Lavar a m\u00e1quina m\u00e1ximo 40\u00b0C.<\/li>\n<li>\u00c9 moi posible que a peza encolla no primeiro lavado.<\/li>\n<li>Non usar lixivia.<\/li>\n<li>Non lavar en seco.<\/li>\n<li>Recomendamos lavar onda cores similares.<\/li>\n<li>Recomendamos non usar secadora.<\/li>\n<\/ul>\n","protected":false},"excerpt":{"rendered":"<p>A nosa <strong>Camiseta Rural o Urbano<\/strong> \u00e9 unha prenda <strong>estilo casua<\/strong>l perfecta para complementar un look c\u00f3modo, sinxelo e elegante!<\/p>\n<p>Unha peza para ter sempre a man. \u00dasaa nas t\u00faas escapadas, a diario ou no ximnasio durante as t\u00faas sesi\u00f3ns deportivas.<\/p>\n<p><strong>Camiseta unisex.<\/strong><\/p>\n<p><strong>100% algod\u00f3n.<\/strong><\/p>\n<p>Bota unha ollada ao resto de produtos de <a href=\"https:\/\/ruralourbano.com\/gl\/cat\/lifestyle\/\"><strong>Rural o Urbano lifestyle<\/strong><\/a>.<\/p>\n<p><strong>Env\u00edos s\u00f3 a pen\u00ednsula | Merca produto gourmet galego seleccionado e lifestyle exclusivo<\/strong><\/p>\n","protected":false},"featured_media":10630,"comment_status":"open","ping_status":"closed","template":"","meta":{"inline_featured_image":false},"product_brand":[],"product_cat":[158],"product_tag":[1043,1044,532],"class_list":{"0":"post-10612","1":"product","2":"type-product","3":"status-publish","4":"has-post-thumbnail","6":"product_cat-lifestyle","7":"product_tag-camiseta-unisex","8":"product_tag-estilo-casual-gl","9":"product_tag-rural-o-urbano-lifestyle-gl","11":"first","12":"outofstock","13":"taxable","14":"shipping-taxable","15":"purchasable","16":"product-type-variable"},"_links":{"self":[{"href":"https:\/\/ruralourbano.com\/gl\/wp-json\/wp\/v2\/product\/10612","targetHints":{"allow":["GET"]}}],"collection":[{"href":"https:\/\/ruralourbano.com\/gl\/wp-json\/wp\/v2\/product"}],"about":[{"href":"https:\/\/ruralourbano.com\/gl\/wp-json\/wp\/v2\/types\/product"}],"replies":[{"embeddable":true,"href":"https:\/\/ruralourbano.com\/gl\/wp-json\/wp\/v2\/comments?post=10612"}],"wp:featuredmedia":[{"embeddable":true,"href":"https:\/\/ruralourbano.com\/gl\/wp-json\/wp\/v2\/media\/10630"}],"wp:attachment":[{"href":"https:\/\/ruralourbano.com\/gl\/wp-json\/wp\/v2\/media?parent=10612"}],"wp:term":[{"taxonomy":"product_brand","embeddable":true,"href":"https:\/\/ruralourbano.com\/gl\/wp-json\/wp\/v2\/product_brand?post=10612"},{"taxonomy":"product_cat","embeddable":true,"href":"https:\/\/ruralourbano.com\/gl\/wp-json\/wp\/v2\/product_cat?post=10612"},{"taxonomy":"product_tag","embeddable":true,"href":"https:\/\/ruralourbano.com\/gl\/wp-json\/wp\/v2\/product_tag?post=10612"}],"curies":[{"name":"wp","href":"https:\/\/api.w.org\/{rel}","templated":true}]}}