{"id":10718,"date":"2024-09-04T11:29:48","date_gmt":"2024-09-04T09:29:50","guid":{"rendered":"https:\/\/165.22.68.75\/?post_type=product&#038;p=10718"},"modified":"2025-04-11T19:41:35","modified_gmt":"2025-04-11T17:41:35","slug":"suadoiro-clasico-rural-o-urbano-nenos-cor-gris","status":"publish","type":"product","link":"https:\/\/ruralourbano.com\/gl\/producto\/suadoiro-clasico-rural-o-urbano-nenos-cor-gris\/","title":{"rendered":"Suadoiro cl\u00e1sico Rural o Urbano nenos cor gris"},"content":{"rendered":"<p><strong>Descrici\u00f3n: <\/strong><\/p>\n<ul>\n<li><strong>Suadoiro cl\u00e1sico Rural o Urbano nenos cor gris<\/strong>\u00a0\u00e9 unisex.<\/li>\n<li>Suadoiro en cor gris con carapucha e peto estilo canguro.<\/li>\n<li>Suadoiro con serigraf\u00eda: eslogan castel\u00e1n <strong>&#8220;Ser rural es actual&#8221;<\/strong>\u00a0e coraz\u00f3n logo <strong>Rural o Urbano<\/strong> en cor verde.<\/li>\n<li>Interior felpado, c\u00e1lido e abrigado.<\/li>\n<li>Dese\u00f1o casual e elegante para nenos.<\/li>\n<li>Sen cord\u00f3n no pescozo.<\/li>\n<li>Moi confortable e ideal para os d\u00edas m\u00e1is frios do ano.<\/li>\n<li><strong>Talla 9-10 anos.<\/strong><\/li>\n<\/ul>\n<p><strong>Medidas:<\/strong><\/p>\n<ul>\n<li><strong>Ancho ombreiros: 40cm<\/strong><\/li>\n<li><strong>Ancho vertical: 50cm<\/strong><\/li>\n<\/ul>\n<p><strong>Cor: <\/strong><\/p>\n<ul>\n<li>Gris<\/li>\n<li>Eslogan e logo en cor verde.<\/li>\n<\/ul>\n<p><strong>Composici\u00f3n: <\/strong><\/p>\n<ul>\n<li>50% algod\u00f3n. 50% Poliester<\/li>\n<\/ul>\n<p><strong>Coidados: <\/strong><\/p>\n<ul>\n<li>Lavar a m\u00e1quina m\u00e1ximo 40\u00baC<\/li>\n<li>Non usar lixivia<\/li>\n<li>Non usar secadora<\/li>\n<li>Recomendamos non pasar o ferro<\/li>\n<li>Non lavar en seco<\/li>\n<li>Lavar xunto a cores similares<\/li>\n<li>Recomendamos lavar do rev\u00e9s<\/li>\n<\/ul>\n","protected":false},"excerpt":{"rendered":"<p>A <strong>Sudadera cl\u00e1sica Rural o Urbano ni\u00f1os color gris sport<\/strong> \u00e9 unha peza b\u00e1sica atemporal!<\/p>\n<p>O noso <strong>suadoiro cl\u00e1sico infantil en cor gris sport<\/strong> \u00e9 unha peza vers\u00e1til que as t\u00faas peques adorar\u00e1n. \u00c9 o imprescindible perfecto para o armario dos nenos. Combina o <strong>estilo urbano cun aire rural<\/strong> nun dese\u00f1o que nunca pasa de moda.<\/p>\n<p><strong>Por que elixir o noso suadoiro cl\u00e1sico infantil?<\/strong><\/p>\n<ul>\n<li><strong>Uso todo o ano:<\/strong> ideal para capas lixeiras na primavera\/outono ou baixo abrigos no inverno.<\/li>\n<li><strong>Comodidade m\u00e1xima:<\/strong> tecido suave que permite liberdade de movemento.<\/li>\n<li><strong>Pr\u00e1ctico dese\u00f1o:<\/strong>\n<ul>\n<li><strong>Carapucha:<\/strong> r\u00e1pida protecci\u00f3n para o fr\u00edo, vento ou choiva.<\/li>\n<li><strong>Peto \u00abcanguro\u00bb frontal:<\/strong> para gardar tesouros ou quentar as manitas.<\/li>\n<li><strong>Resistente:<\/strong> aguanta o ritmo de xogos, deporte e aventuras familiares.<\/li>\n<\/ul>\n<\/li>\n<\/ul>\n<p><strong>PERFECTA PARA:<\/strong> <strong>d\u00edas de cole<\/strong> (abrigo ideal para o recreo), <strong>pr\u00e1ctica deportiva<\/strong> (f\u00fatbol, atletismo, tenis, etc),<strong> excursi\u00f3ns<\/strong> na natureza ou paseos urbanos, <strong>agasallo pr\u00e1ctico<\/strong> que sempre acerta.<\/p>\n<p><strong>\u00daNICAMENTE talla 9-10 anos con medidas:<\/strong><\/p>\n<ul>\n<li><strong>Ancho ombreiros: 40cm<\/strong><\/li>\n<li><strong style=\"color: #555555;\">Longo vertical: 50cm<\/strong><\/li>\n<\/ul>\n<p>Bota unha ollada ao resto de produtos de <a href=\"https:\/\/ruralourbano.com\/gl\/cat\/lifestyle\/\"><strong>Rural o Urbano lifestyle<\/strong><\/a>.<\/p>\n<p><strong>Env\u00edos s\u00f3 a pen\u00ednsula | Merca produto gourmet galego seleccionado e lifestyle exclusivo<\/strong><\/p>\n","protected":false},"featured_media":11380,"comment_status":"open","ping_status":"closed","template":"","meta":{"inline_featured_image":false},"product_brand":[],"product_cat":[158],"product_tag":[1120,532,953],"class_list":{"0":"post-10718","1":"product","2":"type-product","3":"status-publish","4":"has-post-thumbnail","6":"product_cat-lifestyle","7":"product_tag-lifestyle-exclusivo-gl","8":"product_tag-rural-o-urbano-lifestyle-gl","9":"product_tag-ser-rural-es-actual-gl","11":"first","12":"instock","13":"taxable","14":"shipping-taxable","15":"purchasable","16":"product-type-simple"},"_links":{"self":[{"href":"https:\/\/ruralourbano.com\/gl\/wp-json\/wp\/v2\/product\/10718","targetHints":{"allow":["GET"]}}],"collection":[{"href":"https:\/\/ruralourbano.com\/gl\/wp-json\/wp\/v2\/product"}],"about":[{"href":"https:\/\/ruralourbano.com\/gl\/wp-json\/wp\/v2\/types\/product"}],"replies":[{"embeddable":true,"href":"https:\/\/ruralourbano.com\/gl\/wp-json\/wp\/v2\/comments?post=10718"}],"wp:featuredmedia":[{"embeddable":true,"href":"https:\/\/ruralourbano.com\/gl\/wp-json\/wp\/v2\/media\/11380"}],"wp:attachment":[{"href":"https:\/\/ruralourbano.com\/gl\/wp-json\/wp\/v2\/media?parent=10718"}],"wp:term":[{"taxonomy":"product_brand","embeddable":true,"href":"https:\/\/ruralourbano.com\/gl\/wp-json\/wp\/v2\/product_brand?post=10718"},{"taxonomy":"product_cat","embeddable":true,"href":"https:\/\/ruralourbano.com\/gl\/wp-json\/wp\/v2\/product_cat?post=10718"},{"taxonomy":"product_tag","embeddable":true,"href":"https:\/\/ruralourbano.com\/gl\/wp-json\/wp\/v2\/product_tag?post=10718"}],"curies":[{"name":"wp","href":"https:\/\/api.w.org\/{rel}","templated":true}]}}