{"id":10732,"date":"2024-09-04T11:49:06","date_gmt":"2024-09-04T09:49:06","guid":{"rendered":"https:\/\/165.22.68.75\/?post_type=product&#038;p=10732"},"modified":"2025-09-22T22:15:13","modified_gmt":"2025-09-22T20:15:13","slug":"vermouth-clasico-el-riba-version-mini","status":"publish","type":"product","link":"https:\/\/ruralourbano.com\/gl\/producto\/vermouth-clasico-el-riba-version-mini\/","title":{"rendered":"Vermouth Cl\u00e1sico El Riba versi\u00f3n mini"},"content":{"rendered":"<p>O <strong>Vermouth Cl\u00e1sico<\/strong> <strong><a href=\"https:\/\/ruralourbano.com\/gl\/productores\/vermouth-gl\/vermouth-el-riba\/\">El Riba<\/a><\/strong> nace da man de Emilio Mart\u00ednez, propietario do famoso local de restauraci\u00f3n lucense que leva o mesmo nome que esta bebida, <a href=\"https:\/\/ruralourbano.com\/gl\/productores\/vermouth-gl\/vermouth-el-riba\/\"><strong>El Riba<\/strong><\/a> (localizado en Praza do Campo, 12 en pleno centro hist\u00f3rico da cidade de <strong>Lugo<\/strong>).<\/p>\n<p><strong>Tipolox\u00eda:<\/strong><\/p>\n<ul>\n<li><strong>Vermouth vermello<\/strong>.<\/li>\n<\/ul>\n<p><strong>Composici\u00f3n:<\/strong><\/p>\n<ul>\n<li>F\u00f3rmula secreta.<\/li>\n<\/ul>\n<p><strong>Nota de cata:<\/strong><\/p>\n<ul>\n<li><strong>Vermouth vermello<\/strong> con cor \u00e1mbar con evoluci\u00f3n a tella, limpo e brillante. En boca proporciona un aroma fino no que destacan os seus toques florais, c\u00edtricos, a herbas arom\u00e1ticas e de canela que suavizan a percepci\u00f3n de madeira.<\/li>\n<\/ul>\n<p><strong>Suxesti\u00f3ns de combinaci\u00f3n:<\/strong><\/p>\n<ul>\n<li><a href=\"https:\/\/ruralourbano.com\/gl\/producto\/patatotas-bolsa-mini-44g\/\"><strong>Patatotas bolsa mini 44g<\/strong><\/a>.<\/li>\n<li>Os queixos de <a href=\"https:\/\/ruralourbano.com\/gl\/productores\/queixos\/ganderia-quintian\/\"><strong>Gander\u00eda Quinti\u00e1n<\/strong><\/a> que che ofremos co noso <a href=\"https:\/\/ruralourbano.com\/gl\/producto\/capackzo-quintian-gourmet\/\"><strong>Capackzo Quinti\u00e1n Gourmet<\/strong><\/a>.<\/li>\n<li>Ou quiz\u00e1s apeteceche descubrir o <a href=\"https:\/\/ruralourbano.com\/gl\/producto\/vermouth-blanco-el-riba\/\"><strong>Vermouth blanco El Riba<\/strong><\/a>.<\/li>\n<\/ul>\n<p><strong>Recomendaci\u00f3n:<\/strong><\/p>\n<ul>\n<li>Servir entre 6\u00baC e 10\u00baC.<\/li>\n<\/ul>\n","protected":false},"excerpt":{"rendered":"<p><strong>Vermouth Cl\u00e1sico El Riba, <em>\u201cEl vermouth que se bebe en Lugo\u201d<\/em>.<\/strong><\/p>\n<p><strong>Vermouth Cl\u00e1sico El Riba AGORA EN VERSI\u00d3N MIN<\/strong>I! O formato ideal para obsequiar aos teus invitados en eventos e\/ou celebraci\u00f3ns. <strong>Cont\u00e1ctanos se desexas cantidades especiais.<\/strong><\/p>\n<p>O <strong>vermouth vermello<\/strong> <a href=\"https:\/\/ruralourbano.com\/gl\/productores\/vermouth-gl\/vermouth-el-riba\/\"><strong>El Riba<\/strong><\/a>\u00a0 \u00e9 todo un cl\u00e1sico por excelencia na cidade de <strong>Lugo<\/strong>.<\/p>\n<p><strong>Vermouth vermello<\/strong> elaborado a partir das variedades de uva macabeo e air\u00e9n cunha cor marr\u00f3n intensa e brillante.<\/p>\n<p>O vi\u00f1o basee deste <strong>vermouth vermello<\/strong> someteuse a un proceso de envellecemento de 6 meses en barrica de carballo americano e macerado posteriormente cos bot\u00e1nicos da s\u00faa f\u00f3rmula secreta.<\/p>\n<p>En boca \u00e9 un<strong> vermouth cl\u00e1sico<\/strong> onde predomina o toque doce fusionado cunha suave fragrancia floral, c\u00edtrica, de herbas arom\u00e1ticas e sutil canela.<\/p>\n<p><strong>Botella de cristal reutilizable con cl\u00e1sico tap\u00f3n mec\u00e1nico<\/strong> (cl \/ ALC 15% 100 VOL).<\/p>\n<p><strong>Produto gastron\u00f3mico gourmet de Lugo.<\/strong><\/p>\n<p>Descobre o <a href=\"https:\/\/ruralourbano.com\/gl\/producto\/capackzo-vermouth-y-salud\/\"><strong>Capackzo Salud y Vermouth<\/strong><\/a><strong>.<\/strong><\/p>\n<p><strong>Env\u00edos s\u00f3 a pen\u00ednsula | Compra produto gourmet galego seleccionado e lifestyle exclusivo<\/strong><\/p>\n","protected":false},"featured_media":11403,"comment_status":"open","ping_status":"closed","template":"","meta":{"inline_featured_image":false},"product_brand":[],"product_cat":[200],"product_tag":[744,632,773,1105,854],"class_list":{"0":"post-10732","1":"product","2":"type-product","3":"status-publish","4":"has-post-thumbnail","6":"product_cat-adega","7":"product_tag-el-riba-gl","8":"product_tag-gourmet-gl","9":"product_tag-lugo-gl","10":"product_tag-producto-gourmet-gallego-gl","11":"product_tag-vermouth-clasico-gl","13":"first","14":"instock","15":"taxable","16":"shipping-taxable","17":"purchasable","18":"product-type-simple"},"_links":{"self":[{"href":"https:\/\/ruralourbano.com\/gl\/wp-json\/wp\/v2\/product\/10732","targetHints":{"allow":["GET"]}}],"collection":[{"href":"https:\/\/ruralourbano.com\/gl\/wp-json\/wp\/v2\/product"}],"about":[{"href":"https:\/\/ruralourbano.com\/gl\/wp-json\/wp\/v2\/types\/product"}],"replies":[{"embeddable":true,"href":"https:\/\/ruralourbano.com\/gl\/wp-json\/wp\/v2\/comments?post=10732"}],"wp:featuredmedia":[{"embeddable":true,"href":"https:\/\/ruralourbano.com\/gl\/wp-json\/wp\/v2\/media\/11403"}],"wp:attachment":[{"href":"https:\/\/ruralourbano.com\/gl\/wp-json\/wp\/v2\/media?parent=10732"}],"wp:term":[{"taxonomy":"product_brand","embeddable":true,"href":"https:\/\/ruralourbano.com\/gl\/wp-json\/wp\/v2\/product_brand?post=10732"},{"taxonomy":"product_cat","embeddable":true,"href":"https:\/\/ruralourbano.com\/gl\/wp-json\/wp\/v2\/product_cat?post=10732"},{"taxonomy":"product_tag","embeddable":true,"href":"https:\/\/ruralourbano.com\/gl\/wp-json\/wp\/v2\/product_tag?post=10732"}],"curies":[{"name":"wp","href":"https:\/\/api.w.org\/{rel}","templated":true}]}}