{"id":11399,"date":"2024-11-10T22:50:12","date_gmt":"2024-11-10T21:50:13","guid":{"rendered":"https:\/\/165.22.68.75\/?post_type=product&#038;p=11399"},"modified":"2025-02-26T00:06:29","modified_gmt":"2025-02-25T23:06:29","slug":"vino-tinto-regina-viarum-ecologico","status":"publish","type":"product","link":"https:\/\/ruralourbano.com\/gl\/producto\/vino-tinto-regina-viarum-ecologico\/","title":{"rendered":"Vino tinto Regina Viarum ecol\u00f3gico"},"content":{"rendered":"<p>Sobre as ladeiras ma\u0301s solleiras do ri\u0301o Sil, na beira lucense da <strong>Ribeira Sacra<\/strong>, a adega <strong>Regina Viarum<\/strong> conv\u00e9rtese nunha visita enolo\u0301gica imprescindible para entender e descubrir os segredos da elaboracio\u0301n dos vi\u00f1os da <strong>Ribeira Sacra<\/strong> e da co\u00f1ecida como <strong>viticultura heroica<\/strong>.<\/p>\n<p><strong>Descrici\u00f3n Vino tinto Regina Viarum ecol\u00f3xico:<\/strong><\/p>\n<ul>\n<li><strong>D.O Ribeira Sacra<\/strong><\/li>\n<li>Uva variedade menc\u00eda<\/li>\n<li>Grao alcoh\u00f3lico 13% Vol.<\/li>\n<li>Crianza: 6 meses en barrica de carballo franc\u00e9s (90%) e americano (10%)<\/li>\n<\/ul>\n<p><strong>Elaboraci\u00f3n:<\/strong><\/p>\n<ul>\n<li>Vi\u00f1o tinto, elaborado con uva menc\u00eda procedente de vi\u00f1as con <strong>certificado ecol\u00f3xico<\/strong>.<\/li>\n<\/ul>\n<p><strong>Nota de cata:<\/strong><\/p>\n<ul>\n<li>Paso en boca sedoso, con tanino ligeramente marcado y la acidez precisa para aportar frescura. Final c\u00e1lido y prolongado con recuerdos de fruta madura.<\/li>\n<\/ul>\n<p><strong>Premios:<\/strong><\/p>\n<ul>\n<li><strong>GU\u00cdA PE\u00d1IN 2020 88 PUNTOS<\/strong><\/li>\n<li><strong>COMPETICI\u00d3N INTERNACIONAL DE VINOS DE MONTA\u00d1A DE AOSTA (CERVIM) 2014<\/strong> Medalla de PLATA<\/li>\n<li><strong>PREMIOS ECOVINO AWARDS 2014<\/strong> Medalla de PLATA<\/li>\n<\/ul>\n<p><strong>Suxesti\u00f3ns de combinaci\u00f3n:<\/strong><\/p>\n<ul>\n<li>Combina este vi\u00f1o xunto aos queixos de <a href=\"https:\/\/ruralourbano.com\/gl\/productores\/queixos\/ganderia-quintian\/\"><strong>Gander\u00eda Quinti\u00e1n<\/strong><\/a> que te ofremos co noso <a href=\"https:\/\/ruralourbano.com\/gl\/producto\/capackzo-quintian-gourmet\/\"><strong>Capackzo Quinti\u00e1n Gourmet<\/strong><\/a>.<\/li>\n<\/ul>\n<p><span style=\"color: #333333;\">.<\/span><strong>Recomendaci\u00f3n:<\/strong><\/p>\n<ul>\n<li>Servir entre 12\u00baC e 14\u00baC.<\/li>\n<\/ul>\n","protected":false},"excerpt":{"rendered":"<p><strong>Vino tinto Regina Viarum ecol\u00f3gico<\/strong> \u00e9 un vi\u00f1o tinto elaborado na adega <strong>Regina Viarum<\/strong> localizada en Doade (Concello de Sober, <strong>Lugo<\/strong>).<\/p>\n<p>Hoxe <strong>Regina Viarum<\/strong> \u00e9 s\u00edmbolo do orgullo das cousas ben feitas, do valor de saber esperar a excelencia. <strong>Regina Viarum<\/strong> \u00e9 considerada unha das adegas m\u00e1is innovadoras de Galicia.<\/p>\n<p>A <strong>adega Regina Viarum<\/strong> ofrece experiencias de <strong>enoturismo<\/strong>, inclu\u00edndo visitas guiadas polas s\u00faas instalaci\u00f3ns e catas dos seus vi\u00f1os, permitindo aos visitantes mergullarse na cultura vitivin\u00edcola da <strong>Ribeira Sacra<\/strong> e gozar de vistas panor\u00e1micas impresionantes do can\u00f3n do r\u00edo Sil desde a s\u00faa terraza.<\/p>\n<p><strong>Vi\u00f1o tinto\u00a0D.O Ribeira Sacra.<\/strong><\/p>\n<p><strong>Variedade uva menc\u00eda.<\/strong><\/p>\n<p><strong>Botella borgo\u00f1a 75cl.<\/strong><\/p>\n<p><strong>Grao alcoh\u00f3lico 13% vol.<\/strong><\/p>\n<p><strong>Produto gastron\u00f3mico gourmet de Lugo.<\/strong><\/p>\n<p>Descobre o <a href=\"https:\/\/ruralourbano.com\/gl\/producto\/capackzo-irresistible-gourmet\/\"><strong>Capackzo Irresistible Gourmet<\/strong><\/a>.<\/p>\n<p><strong>Env\u00edos s\u00f3 a pen\u00ednsula | Merca produto gourmet galego seleccionado e lifestyle exclusivo<\/strong><\/p>\n","protected":false},"featured_media":11532,"comment_status":"open","ping_status":"closed","template":"","meta":{"inline_featured_image":false},"product_brand":[],"product_cat":[200,743],"product_tag":[816,632,773,1105,686],"class_list":{"0":"post-11399","1":"product","2":"type-product","3":"status-publish","4":"has-post-thumbnail","6":"product_cat-adega","7":"product_cat-empresa-gl","8":"product_tag-d-o-ribeira-sacra-gl","9":"product_tag-gourmet-gl","10":"product_tag-lugo-gl","11":"product_tag-producto-gourmet-gallego-gl","12":"product_tag-ribeira-sacra-gl","14":"first","15":"instock","16":"taxable","17":"shipping-taxable","18":"purchasable","19":"product-type-simple"},"_links":{"self":[{"href":"https:\/\/ruralourbano.com\/gl\/wp-json\/wp\/v2\/product\/11399","targetHints":{"allow":["GET"]}}],"collection":[{"href":"https:\/\/ruralourbano.com\/gl\/wp-json\/wp\/v2\/product"}],"about":[{"href":"https:\/\/ruralourbano.com\/gl\/wp-json\/wp\/v2\/types\/product"}],"replies":[{"embeddable":true,"href":"https:\/\/ruralourbano.com\/gl\/wp-json\/wp\/v2\/comments?post=11399"}],"wp:featuredmedia":[{"embeddable":true,"href":"https:\/\/ruralourbano.com\/gl\/wp-json\/wp\/v2\/media\/11532"}],"wp:attachment":[{"href":"https:\/\/ruralourbano.com\/gl\/wp-json\/wp\/v2\/media?parent=11399"}],"wp:term":[{"taxonomy":"product_brand","embeddable":true,"href":"https:\/\/ruralourbano.com\/gl\/wp-json\/wp\/v2\/product_brand?post=11399"},{"taxonomy":"product_cat","embeddable":true,"href":"https:\/\/ruralourbano.com\/gl\/wp-json\/wp\/v2\/product_cat?post=11399"},{"taxonomy":"product_tag","embeddable":true,"href":"https:\/\/ruralourbano.com\/gl\/wp-json\/wp\/v2\/product_tag?post=11399"}],"curies":[{"name":"wp","href":"https:\/\/api.w.org\/{rel}","templated":true}]}}