{"id":12527,"date":"2026-01-09T18:55:32","date_gmt":"2026-01-09T17:55:32","guid":{"rendered":"https:\/\/165.22.68.75\/?post_type=product&#038;p=12527"},"modified":"2026-04-04T17:56:20","modified_gmt":"2026-04-04T15:56:20","slug":"sudadera-lavanda-con-eslogan-ser-rural-e-actual","status":"publish","type":"product","link":"https:\/\/ruralourbano.com\/gl\/producto\/sudadera-lavanda-con-eslogan-ser-rural-e-actual\/","title":{"rendered":"Sudadera Lavanda con eslogan SER RURAL \u00c9 ACTUAL."},"content":{"rendered":"<p><strong>Descrici\u00f3n: <\/strong><\/p>\n<ul>\n<li><strong>Sudadera Lavanda con eslogan SER RURAL \u00c9 ACTUAL.<\/strong>\u00a0\u00e9 unisex.<\/li>\n<li>Suadoiro en <strong>cor lavanda<\/strong>.<\/li>\n<li>Suadoiro con serigraf\u00eda: eslogan galego <strong>&#8220;Ser rural \u00e9 actual.&#8221;<\/strong><\/li>\n<li>Interior felpado, c\u00e1lido e abrigado.<\/li>\n<li>Dese\u00f1o casual e elegante.<\/li>\n<li>Moi confortable e ideal para os d\u00edas m\u00e1is frios do ano.<\/li>\n<\/ul>\n<p><strong>Tallas unisex dispo\u00f1ibles:<\/strong><\/p>\n<ul>\n<li><strong>S &#8211; M &#8211; L<\/strong><\/li>\n<li>Ancho ombreiros talla S: 47cm<\/li>\n<li>Ancho ombreiros talla M: 49cm<\/li>\n<li>Ancho ombreiros talla L: 54cm<\/li>\n<\/ul>\n<p><strong>Cor: <\/strong><\/p>\n<ul>\n<li><strong>Lavanda<\/strong><\/li>\n<li>Eslogan e logo en cor verde escuro<\/li>\n<\/ul>\n<p><strong>Composici\u00f3n: <\/strong><\/p>\n<ul>\n<li>50% algod\u00f3n. 50% Poliester<\/li>\n<\/ul>\n<p><strong>Coidados: <\/strong><\/p>\n<ul>\n<li>Lavar a m\u00e1quina m\u00e1ximo 40\u00baC<\/li>\n<li>Non usar lixivia<\/li>\n<li>Non usar secadora<\/li>\n<li>Recomendamos non pasar o ferro<\/li>\n<li>Non lavar en seco<\/li>\n<li>Lavar xunto a cores similares<\/li>\n<li>Recomendamos lavar do rev\u00e9s<\/li>\n<\/ul>\n","protected":false},"excerpt":{"rendered":"<p><strong>Sudadera Lavanda<\/strong><strong> con eslogan SER RURAL \u00c9 ACTUAL.<\/strong>\u00a0\u00e9 unha peza b\u00e1sica ideal para calquera \u00e9poca do ano!<\/p>\n<p>Elegancia c\u00f3moda con alma rural.<\/p>\n<p>Grazas \u00e1 s\u00faa <strong>cor lavanda<\/strong>, suave e atemporal, este suadoiro achega un toque diferencial a calquera outfit diario. \u00c9 ideal para crear looks rurais ou urbanos relaxados, sen renunciar a unha est\u00e9tica coidada e con personalidade. Perfecta para o uso diario, paseos, viaxes ou momentos de lecer.<\/p>\n<p>Tena sempre a man. \u00dasaa nas t\u00faas escapadas, l\u00e9vaa no coche, pona para practicar deporte ou abr\u00edgate con ela baixo \u00e1s estrelas cando as temperaturas descendan.<\/p>\n<p>Bota unha ollada ao resto de produtos de <a href=\"https:\/\/ruralourbano.com\/gl\/cat\/lifestyle\/\"><strong>Rural o Urbano lifestyle<\/strong><\/a>.<\/p>\n<p><strong>Env\u00edos s\u00f3 a pen\u00ednsula | Compra produto gourmet galego seleccionado e lifestyle exclusivo<\/strong><\/p>\n","protected":false},"featured_media":12545,"comment_status":"open","ping_status":"closed","template":"","meta":{"inline_featured_image":false},"product_brand":[],"product_cat":[158,442],"product_tag":[1166,960,958],"class_list":{"0":"post-12527","1":"product","2":"type-product","3":"status-publish","4":"has-post-thumbnail","6":"product_cat-lifestyle","7":"product_cat-top-ventas","8":"product_tag-lavanda","9":"product_tag-sudadera-gl","10":"product_tag-sudadera-rural-o-urbano-gl","12":"first","13":"instock","14":"taxable","15":"shipping-taxable","16":"purchasable","17":"product-type-variable"},"jetpack_sharing_enabled":true,"_links":{"self":[{"href":"https:\/\/ruralourbano.com\/gl\/wp-json\/wp\/v2\/product\/12527","targetHints":{"allow":["GET"]}}],"collection":[{"href":"https:\/\/ruralourbano.com\/gl\/wp-json\/wp\/v2\/product"}],"about":[{"href":"https:\/\/ruralourbano.com\/gl\/wp-json\/wp\/v2\/types\/product"}],"replies":[{"embeddable":true,"href":"https:\/\/ruralourbano.com\/gl\/wp-json\/wp\/v2\/comments?post=12527"}],"wp:featuredmedia":[{"embeddable":true,"href":"https:\/\/ruralourbano.com\/gl\/wp-json\/wp\/v2\/media\/12545"}],"wp:attachment":[{"href":"https:\/\/ruralourbano.com\/gl\/wp-json\/wp\/v2\/media?parent=12527"}],"wp:term":[{"taxonomy":"product_brand","embeddable":true,"href":"https:\/\/ruralourbano.com\/gl\/wp-json\/wp\/v2\/product_brand?post=12527"},{"taxonomy":"product_cat","embeddable":true,"href":"https:\/\/ruralourbano.com\/gl\/wp-json\/wp\/v2\/product_cat?post=12527"},{"taxonomy":"product_tag","embeddable":true,"href":"https:\/\/ruralourbano.com\/gl\/wp-json\/wp\/v2\/product_tag?post=12527"}],"curies":[{"name":"wp","href":"https:\/\/api.w.org\/{rel}","templated":true}]}}