{"id":12560,"date":"2026-01-12T12:48:19","date_gmt":"2026-01-12T11:48:19","guid":{"rendered":"https:\/\/165.22.68.75\/?post_type=product&#038;p=12560"},"modified":"2026-01-12T17:01:16","modified_gmt":"2026-01-12T16:01:16","slug":"libro-infantil-maria-la-yegua-de-breogan-estefania-padulles","status":"publish","type":"product","link":"https:\/\/ruralourbano.com\/gl\/producto\/libro-infantil-maria-la-yegua-de-breogan-estefania-padulles\/","title":{"rendered":"Libro infantil LA YEGUA DE BREOG\u00c1N. Estefan\u00eda Padull\u00e9s"},"content":{"rendered":"<div class=\"textboxes\">\n<div class=\"col_b\">\n<div class=\"textbox\">\n<p><strong>Ficha t\u00e9cnica do libro infantil LA YEGUA DE BREOG\u00c1N:<\/strong><\/p>\n<ul>\n<li class=\"textarea unknown\">Encadernaci\u00f3n r\u00fastica. (Tapas duras)<\/li>\n<li><strong>H\u00e9rcules Ediciones<\/strong><\/li>\n<li>Ano de edici\u00f3n: 2025<\/li>\n<li>X\u00e9nero: infantil e xuvenil<\/li>\n<li>P\u00e1xinas: 40<\/li>\n<li>Impreso en Espa\u00f1a<\/li>\n<li>ISBN: 978-84-119754-91-2<\/li>\n<li>Medidas: alto 30cm x ancho 22cm<\/li>\n<li>Peso: 400g<\/li>\n<\/ul>\n<p><strong>Breve biograf\u00eda da autora e ilustradora do libro LA YEGUA DE BREOG\u00c1N:<\/strong><\/p>\n<p><strong>Estefan\u00eda Padull\u00e9s<\/strong> naceu nun pequeno pobo dos Pireneos (Catalu\u00f1a). Licenciada en Biolox\u00eda pola Universidade de Barcelona.<br \/>\nTras viaxar por distintos pa\u00edses para completar os meus estudos con animais, trasladouse a Almer\u00eda para traballar nun Centro de Recuperaci\u00f3n de Fauna Mari\u00f1a.<\/p>\n<p>Posteriormente foi Responsable do departamento de Educaci\u00f3n e axudante do departamento de Conservaci\u00f3n nun Zool\u00f3xico onde realizaba o dese\u00f1o e a ilustraci\u00f3n de campa\u00f1as para a protecci\u00f3n de especies ameazadas as\u00ed como o material educativo (libros ilustrados, carteis, p\u00f3steres).<\/p>\n<p>En paralelo \u00e1 s\u00faa formaci\u00f3n e especialidade en biolox\u00eda, a autora nunca deixou de pintar ou debuxar. Cando tivo a ocasi\u00f3n expuxo cadros e participou en varios libros de relatos curtos.<\/p>\n<p>Nos \u00faltimos anos, desde que <strong>Estefan\u00eda Padull\u00e9s<\/strong> trasladouse a vivir en pleno rural lucense, escribiu e ilustrou varios contos infant\u00eds todos editados por H\u00e9rcules Edicions.<\/p>\n<\/div>\n<\/div>\n<\/div>\n","protected":false},"excerpt":{"rendered":"<p>T\u00edtulo do libro infantil:<strong> LA YEGUA DE BREOG\u00c1N<\/strong><\/p>\n<p>Autora e ilustradora: <strong>Estefan\u00eda Padull\u00e9s<\/strong><\/p>\n<p><strong>H\u00e9rcules Ediciones<\/strong>\u00a0(A Coru\u00f1a)<\/p>\n<p><strong>Idioma: castel\u00e1n<\/strong><\/p>\n<p>Conta a lenda que foi o rei Breog\u00e1n quen uniu \u00e1s tribos celtas e asentounas ao redor da torre de Brigantia para fundar a naci\u00f3n galega. Pero seguramente non o\u00edches falar nunca da s\u00faa egua.<\/p>\n<p>Este libro infantil descubrirache a historia dese animal sacro que transformou a Breog\u00e1n en heroe, e que, a\u00ednda hoxe en d\u00eda, p\u00f3dese escoitar \u00e1s veces galopando entre os vellos bosques de Galicia.<\/p>\n<p>Se che interesa a <strong>versi\u00f3n galega<\/strong> deste libro fai click <a href=\"https:\/\/ruralourbano.com\/gl\/producto\/libro-infantil-a-euga-de-breogan-estefania-padulles\/\"><strong>aqu\u00ed<\/strong><\/a>.<\/p>\n","protected":false},"featured_media":12567,"comment_status":"open","ping_status":"closed","template":"","meta":{"inline_featured_image":false},"product_brand":[],"product_cat":[463,158],"product_tag":[531,1173,1172],"class_list":{"0":"post-12560","1":"product","2":"type-product","3":"status-publish","4":"has-post-thumbnail","6":"product_cat-libreria-gl","7":"product_cat-lifestyle","8":"product_tag-estefania-padulles-gl","9":"product_tag-hercules-ediciones","10":"product_tag-la-yegua-de-breogan","12":"first","13":"instock","14":"taxable","15":"shipping-taxable","16":"purchasable","17":"product-type-simple"},"_links":{"self":[{"href":"https:\/\/ruralourbano.com\/gl\/wp-json\/wp\/v2\/product\/12560","targetHints":{"allow":["GET"]}}],"collection":[{"href":"https:\/\/ruralourbano.com\/gl\/wp-json\/wp\/v2\/product"}],"about":[{"href":"https:\/\/ruralourbano.com\/gl\/wp-json\/wp\/v2\/types\/product"}],"replies":[{"embeddable":true,"href":"https:\/\/ruralourbano.com\/gl\/wp-json\/wp\/v2\/comments?post=12560"}],"wp:featuredmedia":[{"embeddable":true,"href":"https:\/\/ruralourbano.com\/gl\/wp-json\/wp\/v2\/media\/12567"}],"wp:attachment":[{"href":"https:\/\/ruralourbano.com\/gl\/wp-json\/wp\/v2\/media?parent=12560"}],"wp:term":[{"taxonomy":"product_brand","embeddable":true,"href":"https:\/\/ruralourbano.com\/gl\/wp-json\/wp\/v2\/product_brand?post=12560"},{"taxonomy":"product_cat","embeddable":true,"href":"https:\/\/ruralourbano.com\/gl\/wp-json\/wp\/v2\/product_cat?post=12560"},{"taxonomy":"product_tag","embeddable":true,"href":"https:\/\/ruralourbano.com\/gl\/wp-json\/wp\/v2\/product_tag?post=12560"}],"curies":[{"name":"wp","href":"https:\/\/api.w.org\/{rel}","templated":true}]}}