{"id":12634,"date":"2026-01-13T18:45:36","date_gmt":"2026-01-13T17:45:36","guid":{"rendered":"https:\/\/165.22.68.75\/?post_type=product&#038;p=12634"},"modified":"2026-01-13T20:42:12","modified_gmt":"2026-01-13T19:42:12","slug":"libro-sono-de-liberdade","status":"publish","type":"product","link":"https:\/\/ruralourbano.com\/gl\/producto\/libro-sono-de-liberdade\/","title":{"rendered":"Libro SO\u00d1O DE LIBERDADE"},"content":{"rendered":"<div class=\"textboxes\">\n<div class=\"col_b\">\n<div class=\"textbox\">\n<p><b>Ficha t\u00e9cnica do libro SO\u00d1O DE LIBERDADE:<\/b><\/p>\n<ul>\n<li class=\"textarea unknown\">Tapa branda<\/li>\n<li class=\"textarea unknown\">Autora: <strong>Marisa Castro Cerdeda<\/strong><\/li>\n<li class=\"textarea unknown\"><strong>H\u00e9rcules de Ediciones<\/strong><\/li>\n<li class=\"textarea unknown\">Ano de edici\u00f3n: 2025<\/li>\n<li class=\"textarea unknown\">X\u00e9nero: novela<\/li>\n<li class=\"textarea unknown\">P\u00e1xinas: 237<\/li>\n<li class=\"textarea unknown\">ISBN: 979-13-87987-11-4<\/li>\n<li class=\"textarea unknown\">Medidas: longo 24cm x ancho 16.5cm<\/li>\n<li class=\"textarea unknown\">Peso: 300g<\/li>\n<\/ul>\n<p><strong>Breve biograf\u00eda da autora do libro SO\u00d1O DE LIBERDADE:<\/strong><\/p>\n<p><strong>Marisa Castro Cerdeda<\/strong> naceu labradora na casa de Segade do Barrio d\u00e1 Ponte (Lugo) en 1955. Estudou Ciencias Biol\u00f3xicas na Universidade de Santiago de Compostela, na que se doutorou baixo a direcci\u00f3n do seu compa\u00f1eiro, o ilustre mic\u00f3logo galego Lu\u00eds Freire (1914-1997).<\/p>\n<p>Foi docente e investigadora na Universidade de Vigo durante 31 anos, na que cofund\u00f3 a startup MycoGalicia Plantae, relacionada co aproveitamento forestal sostible e a divulgaci\u00f3n micobot\u00e1nica.<\/p>\n<p>\u00c9 fundadora do \u00abGrupo Micol\u00f3xico Galego Lu\u00eds Freire\u00bb, da revista cient\u00edfica Mykes, en lingua galega.<\/p>\n<p>\u00c9 mic\u00f3loga, doutorada en ciencias biol\u00f3xicas cun traballo relacionado cos cogomelos, e durante m\u00e1is de 30 anos foi profesora na Universidade de Vigo, onde impartiu bot\u00e1nica e dirixiu case unha decena de teses doutorais. \u00c9 socia fundadora da empresa MycoGalicia Plantae, con membros do seu equipo de investigaci\u00f3n.<\/p>\n<p>A s\u00faa primeira profesi\u00f3n \u00e9 a de docente, a segunda, sen d\u00fabida, a de divulgadora cient\u00edfica.<\/p>\n<p>Marisa \u00e9 ecoloxista, amante da natureza e defensora da liberdade feminina, especialmente na figura da muller rural galega.<\/p>\n<\/div>\n<\/div>\n<\/div>\n","protected":false},"excerpt":{"rendered":"<p>T\u00edtulo do libro: <strong>SO\u00d1O DE LIBERDADE<\/strong><\/p>\n<p>Autora: <strong>Marisa Castro Cerceda<\/strong><\/p>\n<p><strong>H\u00e9rcules de Ediciones (A Coru\u00f1a).<\/strong><\/p>\n<p><strong>Idioma: galego<\/strong><\/p>\n<p>En <strong>SO\u00d1O DE LIBERDADE<\/strong>, a xornalista Roc\u00edo Cid, \u00e1 que co\u00f1ecemos como bi\u00f3grafa de Rosal\u00eda Carcedo na novela A saga das curandeiras, rel\u00e1tanos a vida dunha hipot\u00e9tica muller, nacida no rural galego, Sabela Couto Roriz (1949). A novela \u00e9 un percorrido pola s\u00faa vida, desde o seu nacemento na \u00e9poca das cartillas de racionamento ata a chegada da democracia, xa na s\u00faa mocidade. Narra a batalla que a protagonista tivo que manter para sa\u00edr do c\u00edrculo de submisi\u00f3n no que viv\u00edan a s\u00faa nai e a s\u00faa avoa; batalla que ga\u00f1ou mediante o estudo e a rebeld\u00eda, que a levaron a poder traballar f\u00f3ra do fogar, a casar coa persoa que amaba e a ser independente.<\/p>\n<p>Este itinerario de vida serve para ofrecer unha panor\u00e1mica sobre as faenas agr\u00edcolas e gandeiras nas que Sabela viuse obrigada a participar sendo nena e adolescente, sobre a autoridade paterna, a precariedade da vida dunha nena do rural na cidade, as diferenzas de clases sociais, o papel da muller ou as dificultades para vivir un primeiro amor, sempre baixo o xugo da mirada paterna e do que dir\u00e1n.<\/p>\n<p><strong>SO\u00d1O DE LIBERDADE<\/strong> \u00e9, en definitiva, a historia dunha muller libre adiantada ao seu tempo, dunha muller que traballou para deixar atr\u00e1s as limitaci\u00f3ns e as dificultades da s\u00faa educaci\u00f3n, e que so\u00f1ou cunha vida mellor.<\/p>\n<p>Se che interesa a<strong> versi\u00f3n en castel\u00e1n<\/strong> de este libro fai click <a href=\"https:\/\/ruralourbano.com\/gl\/producto\/libro-sueno-de-libertad\/\"><strong>aqu\u00ed<\/strong><\/a>.<\/p>\n<p>Saborea a t\u00faa lectura cos deliciosos\u00a0<a href=\"https:\/\/ruralourbano.com\/gl\/producto\/alouminos-xianas-160g\/\"><strong>Aloumi\u00f1os<\/strong><\/a> de Xianas.<\/p>\n","protected":false},"featured_media":12637,"comment_status":"open","ping_status":"closed","template":"","meta":{"inline_featured_image":false},"product_brand":[],"product_cat":[463,158],"product_tag":[1186],"class_list":{"0":"post-12634","1":"product","2":"type-product","3":"status-publish","4":"has-post-thumbnail","6":"product_cat-libreria-gl","7":"product_cat-lifestyle","8":"product_tag-marisa-castro-cerceda","10":"first","11":"instock","12":"taxable","13":"shipping-taxable","14":"purchasable","15":"product-type-simple"},"_links":{"self":[{"href":"https:\/\/ruralourbano.com\/gl\/wp-json\/wp\/v2\/product\/12634","targetHints":{"allow":["GET"]}}],"collection":[{"href":"https:\/\/ruralourbano.com\/gl\/wp-json\/wp\/v2\/product"}],"about":[{"href":"https:\/\/ruralourbano.com\/gl\/wp-json\/wp\/v2\/types\/product"}],"replies":[{"embeddable":true,"href":"https:\/\/ruralourbano.com\/gl\/wp-json\/wp\/v2\/comments?post=12634"}],"wp:featuredmedia":[{"embeddable":true,"href":"https:\/\/ruralourbano.com\/gl\/wp-json\/wp\/v2\/media\/12637"}],"wp:attachment":[{"href":"https:\/\/ruralourbano.com\/gl\/wp-json\/wp\/v2\/media?parent=12634"}],"wp:term":[{"taxonomy":"product_brand","embeddable":true,"href":"https:\/\/ruralourbano.com\/gl\/wp-json\/wp\/v2\/product_brand?post=12634"},{"taxonomy":"product_cat","embeddable":true,"href":"https:\/\/ruralourbano.com\/gl\/wp-json\/wp\/v2\/product_cat?post=12634"},{"taxonomy":"product_tag","embeddable":true,"href":"https:\/\/ruralourbano.com\/gl\/wp-json\/wp\/v2\/product_tag?post=12634"}],"curies":[{"name":"wp","href":"https:\/\/api.w.org\/{rel}","templated":true}]}}