{"id":12782,"date":"2026-04-04T13:48:43","date_gmt":"2026-04-04T11:48:43","guid":{"rendered":"https:\/\/ruralourbano.com\/?post_type=product&#038;p=12782"},"modified":"2026-04-04T19:10:11","modified_gmt":"2026-04-04T17:10:11","slug":"cerveza-artesana-aloumina-orixe","status":"publish","type":"product","link":"https:\/\/ruralourbano.com\/gl\/producto\/cerveza-artesana-aloumina-orixe\/","title":{"rendered":"Cerveza artesana Aloumi\u00f1a Orixe"},"content":{"rendered":"<p><strong>Descrici\u00f3n da Cerveza artesana Aloumi\u00f1a Orixe:<\/strong><\/p>\n<ul>\n<li><strong>IPA de estilo americano <\/strong>onde os l\u00fapulos Cascade, Columbus e Citra son protagonistas fronte as maltas. Con aromas frescos e tropicais.<\/li>\n<\/ul>\n<p><strong>Suxesti\u00f3ns de combinaci\u00f3n:<\/strong><\/p>\n<ul>\n<li><a href=\"https:\/\/ruralourbano.com\/gl\/producto\/patatotas-bolsa-mini-44g\/\"><strong>Patatotas bolsa mini 44g<\/strong><\/a><\/li>\n<li><a href=\"https:\/\/ruralourbano.com\/gl\/producto\/queso-mini-neboa-ganderia-quintian-350g\/\"><strong>Queso Mini N\u00e9boa Gander\u00eda Quinti\u00e1n 350g<\/strong><\/a><\/li>\n<\/ul>\n","protected":false},"excerpt":{"rendered":"<p>A <strong>Cerveza artesana Aloumi\u00f1a Orixe<\/strong> est\u00e1 elaborada por <a href=\"https:\/\/ruralourbano.com\/gl\/productores\/cerveza-gl\/cervexa-artesa-aloumina\/\"><strong>Aloumi\u00f1a<\/strong><\/a> no <strong>barrio da Tiner\u00eda<\/strong> da cidade de <strong>Lugo<\/strong>.<\/p>\n<p><strong>IPA de estilo americano <\/strong>onde os l\u00fapulos Cascade, Columbus e Citra son protagonistas fronte as maltas. Con aromas frescos e tropicais.<\/p>\n<p>O principal obxectivo de <a href=\"https:\/\/ruralourbano.com\/gl\/productores\/cerveza-gl\/cervexa-artesa-aloumina\/\"><strong>Aloumi\u00f1a<\/strong><\/a>\u00a0\u00e9 elaborar cervexas diferentes. Reinterpretando os estilos cl\u00e1sicos que tanto gustan aos amantes das cervexas artes\u00e1s, achegando un matiz persoal a cada unha das s\u00faas referencias.<\/p>\n<p><strong>American IPA \/ 70 IBU \/ 33cl.<\/strong><\/p>\n<p><strong>Grao Alcoh\u00f3lico 6.5% Vol.<\/strong><\/p>\n<p><strong>Produto gastron\u00f3mico gourmet de Lugo.<\/strong><\/p>\n<p><strong>Env\u00edos s\u00f3 a pen\u00ednsula | Merca produto gourmet galego seleccionado e lifestyle exclusivo<\/strong><\/p>\n","protected":false},"featured_media":12785,"comment_status":"open","ping_status":"closed","template":"","meta":{"inline_featured_image":false},"product_brand":[],"product_cat":[200],"product_tag":[1216,1013,632,773,1217,1105],"class_list":{"0":"post-12782","1":"product","2":"type-product","3":"status-publish","4":"has-post-thumbnail","6":"product_cat-adega","7":"product_tag-american-ipa","8":"product_tag-cerveza-artesana-gl","9":"product_tag-gourmet-gl","10":"product_tag-lugo-gl","11":"product_tag-orixe","12":"product_tag-producto-gourmet-gallego-gl","14":"first","15":"instock","16":"taxable","17":"shipping-taxable","18":"purchasable","19":"product-type-simple"},"_links":{"self":[{"href":"https:\/\/ruralourbano.com\/gl\/wp-json\/wp\/v2\/product\/12782","targetHints":{"allow":["GET"]}}],"collection":[{"href":"https:\/\/ruralourbano.com\/gl\/wp-json\/wp\/v2\/product"}],"about":[{"href":"https:\/\/ruralourbano.com\/gl\/wp-json\/wp\/v2\/types\/product"}],"replies":[{"embeddable":true,"href":"https:\/\/ruralourbano.com\/gl\/wp-json\/wp\/v2\/comments?post=12782"}],"wp:featuredmedia":[{"embeddable":true,"href":"https:\/\/ruralourbano.com\/gl\/wp-json\/wp\/v2\/media\/12785"}],"wp:attachment":[{"href":"https:\/\/ruralourbano.com\/gl\/wp-json\/wp\/v2\/media?parent=12782"}],"wp:term":[{"taxonomy":"product_brand","embeddable":true,"href":"https:\/\/ruralourbano.com\/gl\/wp-json\/wp\/v2\/product_brand?post=12782"},{"taxonomy":"product_cat","embeddable":true,"href":"https:\/\/ruralourbano.com\/gl\/wp-json\/wp\/v2\/product_cat?post=12782"},{"taxonomy":"product_tag","embeddable":true,"href":"https:\/\/ruralourbano.com\/gl\/wp-json\/wp\/v2\/product_tag?post=12782"}],"curies":[{"name":"wp","href":"https:\/\/api.w.org\/{rel}","templated":true}]}}