{"id":3064,"date":"2013-08-10T10:26:25","date_gmt":"2013-08-10T08:26:25","guid":{"rendered":"https:\/\/164.92.128.162\/producto\/ss-crew-california-sub-river-island\/"},"modified":"2024-07-12T21:32:54","modified_gmt":"2024-07-12T19:32:54","slug":"capazo-de-palma-grande","status":"publish","type":"product","link":"https:\/\/ruralourbano.com\/gl\/producto\/capazo-de-palma-grande\/","title":{"rendered":"Capazo de palma grande"},"content":{"rendered":"<div class=\"col_b\">\n<div class=\"textbox\">\n<div id=\"contenedor\" class=\"textarea unknown\">\n<div><strong>Descrici\u00f3n Capazo de palma grande:<\/strong><\/div>\n<ul>\n<li><strong>Capazo de palma tama\u00f1o grande.<\/strong><\/li>\n<li>Medidas: ancho 44cm x alto 27cm.<\/li>\n<li>As medidas poden variar lixeiramente posto que cada capazo de palma esta feito a man.<\/li>\n<li>O complemento perfecto para calquera ocasi\u00f3n.<\/li>\n<\/ul>\n<div class=\"textarea unknown\">\n<div class=\"textarea unknown\">\n<div class=\"textarea unknown\">\n<div class=\"textarea unknown\">\n<div class=\"textarea unknown\">\n<div class=\"textarea unknown\">\n<p><strong>Informaci\u00f3n extra:<\/strong><\/p>\n<ul>\n<li>Cando non o uses, g\u00e1rdao nun espazo no que nada o deforme.<\/li>\n<li>Recomendamos gardar o teu capazo de palma nunha bolsa guardapolvo.<\/li>\n<li>En caso de mancha, limpar cun pano h\u00famido canto antes.<\/li>\n<\/ul>\n<\/div>\n<\/div>\n<\/div>\n<\/div>\n<\/div>\n<\/div>\n<\/div>\n<\/div>\n<\/div>\n","protected":false},"excerpt":{"rendered":"<p><strong>\u00dasao, \u00e9ncheo, l\u00faceo.<\/strong><\/p>\n<p>En<strong> Rural o Urbano<\/strong> somos amantes dos capazos e por eso reivindicamos o uso do capazo todo o ano! E \u00e9 que un <strong>capazo de palma<\/strong> pos\u00fae m\u00faltiples funcionalidades.<\/p>\n<p>Un sinxelo <strong>capazo de palma grande<\/strong> sempre elegante que ser\u00e1 o teu <strong>accesorio vers\u00e1til<\/strong> ideal. Xa sexa para un d\u00eda de compras, unha escapada \u00e1 praia ou un paseo pola cidade con calquera dos teus mellores looks. O seu dese\u00f1o minimalista ad\u00e1ptase a calquera ocasi\u00f3n, mentres que a s\u00faa construci\u00f3n duradeira garante resistencia e estilo permanentes.<\/p>\n<p>Beleza e simplicidade cun toque orixinalmente campestre.<\/p>\n<p><strong>Elemento ideal para celebraci\u00f3ns, eventos e decoraci\u00f3n floral.<\/strong><\/p>\n<p><strong>Medidas: ancho 44cm x alto 27cm.<\/strong><\/p>\n<p>Bota unha ollada ao resto de produtos de\u00a0<a href=\"https:\/\/ruralourbano.com\/gl\/cat\/lifestyle\/\"><strong>Rural o Urbano lifestyle<\/strong><\/a>.<\/p>\n<p>&nbsp;<\/p>\n","protected":false},"featured_media":10641,"comment_status":"open","ping_status":"closed","template":"","meta":{"inline_featured_image":false},"product_brand":[],"product_cat":[158],"product_tag":[1051,1044,773,532],"class_list":{"0":"post-3064","1":"product","2":"type-product","3":"status-publish","4":"has-post-thumbnail","6":"product_cat-lifestyle","7":"product_tag-accesorio-gl","8":"product_tag-estilo-casual-gl","9":"product_tag-lugo-gl","10":"product_tag-rural-o-urbano-lifestyle-gl","12":"first","13":"instock","14":"taxable","15":"shipping-taxable","16":"purchasable","17":"product-type-simple"},"jetpack_sharing_enabled":true,"_links":{"self":[{"href":"https:\/\/ruralourbano.com\/gl\/wp-json\/wp\/v2\/product\/3064","targetHints":{"allow":["GET"]}}],"collection":[{"href":"https:\/\/ruralourbano.com\/gl\/wp-json\/wp\/v2\/product"}],"about":[{"href":"https:\/\/ruralourbano.com\/gl\/wp-json\/wp\/v2\/types\/product"}],"replies":[{"embeddable":true,"href":"https:\/\/ruralourbano.com\/gl\/wp-json\/wp\/v2\/comments?post=3064"}],"wp:featuredmedia":[{"embeddable":true,"href":"https:\/\/ruralourbano.com\/gl\/wp-json\/wp\/v2\/media\/10641"}],"wp:attachment":[{"href":"https:\/\/ruralourbano.com\/gl\/wp-json\/wp\/v2\/media?parent=3064"}],"wp:term":[{"taxonomy":"product_brand","embeddable":true,"href":"https:\/\/ruralourbano.com\/gl\/wp-json\/wp\/v2\/product_brand?post=3064"},{"taxonomy":"product_cat","embeddable":true,"href":"https:\/\/ruralourbano.com\/gl\/wp-json\/wp\/v2\/product_cat?post=3064"},{"taxonomy":"product_tag","embeddable":true,"href":"https:\/\/ruralourbano.com\/gl\/wp-json\/wp\/v2\/product_tag?post=3064"}],"curies":[{"name":"wp","href":"https:\/\/api.w.org\/{rel}","templated":true}]}}