{"id":3546,"date":"2021-08-29T19:15:49","date_gmt":"2021-08-29T17:15:49","guid":{"rendered":"https:\/\/164.92.128.162\/producto\/picnic-pack-oeste\/"},"modified":"2026-01-14T00:06:04","modified_gmt":"2026-01-13T23:06:04","slug":"mini-capackzo-cheese-and-cheers-gourmet","status":"publish","type":"product","link":"https:\/\/ruralourbano.com\/gl\/producto\/mini-capackzo-cheese-and-cheers-gourmet\/","title":{"rendered":"Mini Capackzo Cheese and Cheers Gourmet"},"content":{"rendered":"<p><strong>Descrici\u00f3n:<\/strong><\/p>\n<p>O <strong>Mini Capackzo Cheese and Cheers Gourmet<\/strong> \u00e9 un pack de produto gastron\u00f3mico gourmet envasado nun capazo de palma formado por:<\/p>\n<ul>\n<li><a href=\"https:\/\/ruralourbano.com\/gl\/producto\/queso-mourelo-ganderia-quintian-500g\/\"><strong>1 Queso Mourelo Gander\u00eda Quinti\u00e1n 500g<\/strong><\/a><\/li>\n<li><a href=\"https:\/\/ruralourbano.com\/gl\/producto\/vermouth-clasico-el-riba-version-mini\/\"><strong>2 Mini vermouth El Riba<\/strong><\/a><\/li>\n<li><strong><a href=\"https:\/\/ruralourbano.com\/gl\/producto\/capazo-de-palma-mini\/\">1 Capazo de palma mini<\/a><\/strong><\/li>\n<\/ul>\n<div>\n<p><strong>Informaci\u00f3n importante:<\/strong><\/p>\n<\/div>\n<ul>\n<li>Antes da s\u00faa degustaci\u00f3n, deixar que os queixos adquiran o seu mellor estado e textura mant\u00e9ndoos a temperatura ambiente durante m\u00ednimo unha media hora.<\/li>\n<\/ul>\n","protected":false},"excerpt":{"rendered":"<div class=\"col_b\">\n<div class=\"textbox\">\n<div id=\"contenedor\" class=\"textarea unknown\">\n<p>O noso <strong>Mini Capackzo Cheese and Cheers Gourmet<\/strong>\u00a0\u00e9 un <strong>pack de produto gourmet<\/strong>\u00a0de <strong>Lugo<\/strong>.<\/p>\n<p>Goza de dous imprescindibles nun aperitivo: <strong>vermouth con car\u00e1cter e un queixo gourmet semicurado<\/strong>, coidadosamente seleccionados para crear unha experiencia gastron\u00f3mica equilibrada e elegante.<\/p>\n<p>Co<strong> Mini Capackzo Cheese and Cheers Gourmet<\/strong>\u00a0vas recibir:<\/p>\n<ul>\n<li><a href=\"https:\/\/ruralourbano.com\/gl\/producto\/queso-mourelo-ganderia-quintian-500g\/\"><strong>1 Queso Mourelo Gander\u00eda Quinti\u00e1n 500g<\/strong><\/a><\/li>\n<li><a href=\"https:\/\/ruralourbano.com\/gl\/producto\/vermouth-clasico-el-riba-version-mini\/\"><strong>2 Mini vermouth El Riba<\/strong><\/a><\/li>\n<li><strong><a href=\"https:\/\/ruralourbano.com\/gl\/producto\/capazo-de-palma-mini\/\">1 Capazo de palma mini<\/a><\/strong><\/li>\n<\/ul>\n<p>Os nosos mini\u00a0<a href=\"https:\/\/ruralourbano.com\/gl\/cat\/capackzos-rural-o-urbano\/\"><strong>Capackzos Rural o Urbano<\/strong><\/a>\u00a0son a opci\u00f3n ideal se desexas realizar un agasallo de agradecemento ou ben obsequiar cun pequeno presente a algu\u00e9n que aprecias dun modo exclusivo e orixinal.<\/p>\n<p><strong>Env\u00edos s\u00f3 a pen\u00ednsula | Compra produto gourmet galego seleccionado e lifestyle exclusivo<\/strong><\/p>\n<\/div>\n<\/div>\n<\/div>\n","protected":false},"featured_media":12511,"comment_status":"open","ping_status":"closed","template":"","meta":{"inline_featured_image":false},"product_brand":[],"product_cat":[168,201,442],"product_tag":[525,632,664],"class_list":{"0":"post-3546","1":"product","2":"type-product","3":"status-publish","4":"has-post-thumbnail","6":"product_cat-capackzos-rural-o-urbano","7":"product_cat-tentempies","8":"product_cat-top-ventas","9":"product_tag-capackzos-rural-o-urbano-gl","10":"product_tag-gourmet-gl","11":"product_tag-pack-gourmet-gl","13":"first","14":"instock","15":"taxable","16":"shipping-taxable","17":"purchasable","18":"product-type-simple"},"_links":{"self":[{"href":"https:\/\/ruralourbano.com\/gl\/wp-json\/wp\/v2\/product\/3546","targetHints":{"allow":["GET"]}}],"collection":[{"href":"https:\/\/ruralourbano.com\/gl\/wp-json\/wp\/v2\/product"}],"about":[{"href":"https:\/\/ruralourbano.com\/gl\/wp-json\/wp\/v2\/types\/product"}],"replies":[{"embeddable":true,"href":"https:\/\/ruralourbano.com\/gl\/wp-json\/wp\/v2\/comments?post=3546"}],"wp:featuredmedia":[{"embeddable":true,"href":"https:\/\/ruralourbano.com\/gl\/wp-json\/wp\/v2\/media\/12511"}],"wp:attachment":[{"href":"https:\/\/ruralourbano.com\/gl\/wp-json\/wp\/v2\/media?parent=3546"}],"wp:term":[{"taxonomy":"product_brand","embeddable":true,"href":"https:\/\/ruralourbano.com\/gl\/wp-json\/wp\/v2\/product_brand?post=3546"},{"taxonomy":"product_cat","embeddable":true,"href":"https:\/\/ruralourbano.com\/gl\/wp-json\/wp\/v2\/product_cat?post=3546"},{"taxonomy":"product_tag","embeddable":true,"href":"https:\/\/ruralourbano.com\/gl\/wp-json\/wp\/v2\/product_tag?post=3546"}],"curies":[{"name":"wp","href":"https:\/\/api.w.org\/{rel}","templated":true}]}}