{"id":3578,"date":"2021-08-29T19:17:17","date_gmt":"2021-08-29T17:17:17","guid":{"rendered":"https:\/\/164.92.128.162\/?post_type=product&#038;p=3578"},"modified":"2026-03-26T23:19:52","modified_gmt":"2026-03-26T22:19:52","slug":"taza-blanca-metalica-vintage-con-eslogan-ser-rural-e-actual","status":"publish","type":"product","link":"https:\/\/ruralourbano.com\/gl\/producto\/taza-blanca-metalica-vintage-con-eslogan-ser-rural-e-actual\/","title":{"rendered":"Taza blanca met\u00e1lica vintage con eslogan SER RURAL \u00c9 ACTUAL"},"content":{"rendered":"<div><strong>Descrici\u00f3n:<\/strong><\/div>\n<ul>\n<li><strong>Taza blanca met\u00e1lica vintage con eslogan SER RURAL \u00c9 ACTUAL<\/strong><\/li>\n<li>Cor branca.<\/li>\n<li>Dese\u00f1o vintage funcional e orixinal.<\/li>\n<li>Capacidade 350ml.<\/li>\n<li>Altura 8cm.<\/li>\n<li>Di\u00e1metro 8.5cm.<\/li>\n<\/ul>\n<p><strong>Informaci\u00f3n \u00fatil:<\/strong><\/p>\n<ul>\n<li>Non usar esta cunca no microondas.<\/li>\n<li>Esta cunca p\u00f3dese lavar no lavalouzas.<\/li>\n<\/ul>\n","protected":false},"excerpt":{"rendered":"<p>E por que non brindar coa nosa cunca?<\/p>\n<p>A <strong>taza blanca met\u00e1lica vintage con eslogan SER RURAL \u00c9 ACTUAL de Rural o Urbano<\/strong> \u00e9 o complemento perfecto para os amantes do <strong>estilo rural<\/strong>.<\/p>\n<p>Fabricada en metal resistente e cun coidado <strong>dese\u00f1o vintage<\/strong>, esta cunca forma parte da nosa gama de produto <strong>lifestyle<\/strong>, pensada para acompa\u00f1arte en cada momento: desde un picnic en plena natureza ata unha escapada en furgoneta, xornadas de c\u00e1mping ou a t\u00faa experiencia no <strong>Cami\u00f1o de Santiago<\/strong>.<\/p>\n<p>O seu acabado con lixeiras irregularidades ach\u00e9galle ese <strong>toque retro aut\u00e9ntico<\/strong>, facendo de cada peza algo \u00fanico, con car\u00e1cter e personalidade.<\/p>\n<p><strong>Ideal como agasallo orixinal ou para gozar do sabor de Galicia en calquera lugar.<\/strong><\/p>\n<p><strong>Cor branco.<\/strong><\/p>\n<p><strong>Capacidade 350<\/strong><strong>ml.<\/strong><\/p>\n<p><strong>Env\u00edos s\u00f3 a pen\u00ednsula | Compra produto gourmet galego seleccionado e lifestyle exclusivo<\/strong><\/p>\n","protected":false},"featured_media":12777,"comment_status":"open","ping_status":"closed","template":"","meta":{"inline_featured_image":false},"product_brand":[],"product_cat":[158,442],"product_tag":[1071,1208,867,1209],"class_list":{"0":"post-3578","1":"product","2":"type-product","3":"status-publish","4":"has-post-thumbnail","6":"product_cat-lifestyle","7":"product_cat-top-ventas","8":"product_tag-camino-de-santiago-gl","9":"product_tag-estilo-rural","10":"product_tag-lifestyle-gl","11":"product_tag-taza-metalica-vintage","13":"first","14":"instock","15":"taxable","16":"shipping-taxable","17":"purchasable","18":"product-type-simple"},"jetpack_sharing_enabled":true,"_links":{"self":[{"href":"https:\/\/ruralourbano.com\/gl\/wp-json\/wp\/v2\/product\/3578","targetHints":{"allow":["GET"]}}],"collection":[{"href":"https:\/\/ruralourbano.com\/gl\/wp-json\/wp\/v2\/product"}],"about":[{"href":"https:\/\/ruralourbano.com\/gl\/wp-json\/wp\/v2\/types\/product"}],"replies":[{"embeddable":true,"href":"https:\/\/ruralourbano.com\/gl\/wp-json\/wp\/v2\/comments?post=3578"}],"wp:featuredmedia":[{"embeddable":true,"href":"https:\/\/ruralourbano.com\/gl\/wp-json\/wp\/v2\/media\/12777"}],"wp:attachment":[{"href":"https:\/\/ruralourbano.com\/gl\/wp-json\/wp\/v2\/media?parent=3578"}],"wp:term":[{"taxonomy":"product_brand","embeddable":true,"href":"https:\/\/ruralourbano.com\/gl\/wp-json\/wp\/v2\/product_brand?post=3578"},{"taxonomy":"product_cat","embeddable":true,"href":"https:\/\/ruralourbano.com\/gl\/wp-json\/wp\/v2\/product_cat?post=3578"},{"taxonomy":"product_tag","embeddable":true,"href":"https:\/\/ruralourbano.com\/gl\/wp-json\/wp\/v2\/product_tag?post=3578"}],"curies":[{"name":"wp","href":"https:\/\/api.w.org\/{rel}","templated":true}]}}